{"id":88703,"date":"2025-08-22T12:24:30","date_gmt":"2025-08-22T12:24:30","guid":{"rendered":"https:\/\/brandss.com.py\/index\/?post_type=product&#038;p=88703"},"modified":"2025-08-22T12:25:46","modified_gmt":"2025-08-22T12:25:46","slug":"perfume-unisex-lonkoom-glory-purple-edp-100ml","status":"publish","type":"product","link":"https:\/\/brandss.com.py\/index\/producto\/perfume-unisex-lonkoom-glory-purple-edp-100ml\/","title":{"rendered":"PERFUME UNISEX LONKOOM GLORY PURPLE EDP 100ML"},"content":{"rendered":"<p><img loading=\"lazy\" decoding=\"async\" class=\"\" src=\"https:\/\/lonkoom.my\/cdn\/shop\/files\/1_79da2e9c-32a3-4d5a-bd07-f0ad2dc1ade3_714x.png?v=1701281132\" alt=\"My Store\" width=\"151\" height=\"52\" \/><\/p>\n<h1>GLORY PURPLE<\/h1>\n<p>Perfume que realza tu encanto. Es una fragancia sexy y dimensional. Glory Purple se adapta a cualquier entorno. Su mezcla equilibrada de notas frescas y c\u00e1lidas lo convierte en un elemento b\u00e1sico durante todo el a\u00f1o en todas las colecciones modernas para hombres y mujeres.<\/p>\n<p><img loading=\"lazy\" decoding=\"async\" class=\"alignleft\" src=\"https:\/\/m.media-amazon.com\/images\/I\/71rjnQuuvYL._SL1200_.jpg\" width=\"519\" height=\"519\" \/><\/p>\n<h3>Notas Olfativas<\/h3>\n<p>&nbsp;<\/p>\n<p>El \u00a0Sum\u00e9rgete en una vibrante mezcla de bayas y naranja que se abre con frescura, transiciones al coraz\u00f3n de jazm\u00edn, fresia, magnolia para calidez y se instala en una base sensual de pachul\u00ed y s\u00e1ndalo.<\/p>\n<p>&nbsp;<\/p>\n<p><strong>Notas de salida:<\/strong> bayas, naranjas.<\/p>\n<p><strong>Notas de coraz\u00f3n:<\/strong> Jazm\u00edn, Fresia, Magnolia.<\/p>\n<p><strong>Notas de fondo:<\/strong> pachul\u00ed, s\u00e1ndalo, orcanox (\u00e1mbar gris).<\/p>\n","protected":false},"excerpt":{"rendered":"<p>GLORY PURPLE Perfume que realza tu encanto. Es una fragancia sexy y dimensional. Glory Purple se adapta a cualquier entorno.<\/p>\n","protected":false},"featured_media":88704,"comment_status":"open","ping_status":"closed","template":"","meta":{"nf_dc_page":""},"product_brand":[],"product_cat":[84],"product_tag":[],"class_list":{"0":"post-88703","1":"product","2":"type-product","3":"status-publish","4":"has-post-thumbnail","6":"product_cat-perfumeria","8":"first","9":"instock","10":"shipping-taxable","11":"purchasable","12":"product-type-simple"},"_links":{"self":[{"href":"https:\/\/brandss.com.py\/index\/wp-json\/wp\/v2\/product\/88703","targetHints":{"allow":["GET"]}}],"collection":[{"href":"https:\/\/brandss.com.py\/index\/wp-json\/wp\/v2\/product"}],"about":[{"href":"https:\/\/brandss.com.py\/index\/wp-json\/wp\/v2\/types\/product"}],"replies":[{"embeddable":true,"href":"https:\/\/brandss.com.py\/index\/wp-json\/wp\/v2\/comments?post=88703"}],"version-history":[{"count":1,"href":"https:\/\/brandss.com.py\/index\/wp-json\/wp\/v2\/product\/88703\/revisions"}],"predecessor-version":[{"id":88712,"href":"https:\/\/brandss.com.py\/index\/wp-json\/wp\/v2\/product\/88703\/revisions\/88712"}],"wp:featuredmedia":[{"embeddable":true,"href":"https:\/\/brandss.com.py\/index\/wp-json\/wp\/v2\/media\/88704"}],"wp:attachment":[{"href":"https:\/\/brandss.com.py\/index\/wp-json\/wp\/v2\/media?parent=88703"}],"wp:term":[{"taxonomy":"product_brand","embeddable":true,"href":"https:\/\/brandss.com.py\/index\/wp-json\/wp\/v2\/product_brand?post=88703"},{"taxonomy":"product_cat","embeddable":true,"href":"https:\/\/brandss.com.py\/index\/wp-json\/wp\/v2\/product_cat?post=88703"},{"taxonomy":"product_tag","embeddable":true,"href":"https:\/\/brandss.com.py\/index\/wp-json\/wp\/v2\/product_tag?post=88703"}],"curies":[{"name":"wp","href":"https:\/\/api.w.org\/{rel}","templated":true}]}}