{"id":88715,"date":"2025-08-22T13:12:03","date_gmt":"2025-08-22T13:12:03","guid":{"rendered":"https:\/\/brandss.com.py\/index\/?post_type=product&#038;p=88715"},"modified":"2025-08-22T13:13:08","modified_gmt":"2025-08-22T13:13:08","slug":"perfume-femenino-lonkoom-a-wish-gold-edp-100ml","status":"publish","type":"product","link":"https:\/\/brandss.com.py\/index\/producto\/perfume-femenino-lonkoom-a-wish-gold-edp-100ml\/","title":{"rendered":"PERFUME FEMENINO LONKOOM A WISH GOLD EDP 100ML"},"content":{"rendered":"<p><img loading=\"lazy\" decoding=\"async\" class=\"\" src=\"https:\/\/lonkoom.my\/cdn\/shop\/files\/1_79da2e9c-32a3-4d5a-bd07-f0ad2dc1ade3_714x.png?v=1701281132\" alt=\"My Store\" width=\"142\" height=\"49\" \/><\/p>\n<h1>A WISH GOLD<\/h1>\n<p><em><strong>So\u00f1ador y satisfactorio.<\/strong><\/em><\/p>\n<p>Representa el deseo pleno de satisfacci\u00f3n y plenitud. La mujer &#8220;deseada&#8221; siempre busca la realizaci\u00f3n de sus sue\u00f1os. Siempre quiere m\u00e1s, deseando, involucrando y cumpliendo todos sus sentimientos m\u00e1s profundos a trav\u00e9s de su perfume de mujer.<\/p>\n<p>Este dulce perfume viene en un frasco \u00fanico con forma de regalo, dise\u00f1ado para sorprender y complacer a las mujeres. Perfecto para ocasiones especiales, como el cumplea\u00f1os de la mujer m\u00e1s cautivadora que conoces. Una opci\u00f3n ideal para fragancias femeninas.<\/p>\n<p><img loading=\"lazy\" decoding=\"async\" class=\"alignleft\" src=\"https:\/\/i5.walmartimages.com\/asr\/0a4a2da1-cbe3-4c5d-9cd3-dde207509f84.adaf28ab0ed94c08e99875ed59ea5d85.jpeg?odnHeight=2000&amp;odnWidth=2000&amp;odnBg=FFFFFF\" width=\"618\" height=\"618\" \/><\/p>\n<h3>Notas Olfativas<\/h3>\n<p>&nbsp;<\/p>\n<p>A wish Gold una fragancia impactante, floral y frutal, la pera y el maracuy\u00e1 se mezclan en la salida, exudando un cautivador aroma frutal. En el coraz\u00f3n, el jazm\u00edn y las rosas elevan la autoestima y transmiten poder sensual femenino.<\/p>\n<p>La vainilla y el cedro crean la agradable base de este perfume floral para mujer.<\/p>\n<p><span dir=\"auto\"><strong>Notas de salida:<\/strong> naranja, pomelo, maracuy\u00e1, pera, aldeh\u00eddos, pralin\u00e9, frambuesa.<\/p>\n<p><\/span><\/p>\n<p><span dir=\"auto\"><strong>Notas de coraz\u00f3n:<\/strong> \u00a0jazm\u00edn, nardos, rosa y lirio de los valles.<\/p>\n<p><\/span><\/p>\n<p><span dir=\"auto\"><strong>Notas de fondo:<\/strong> \u00a0s\u00e1ndalo, pachul\u00ed, vetiver, vainilla, almizcle, silicato de sodio y cedro.<\/span><\/p>\n","protected":false},"excerpt":{"rendered":"<p>A WISH GOLD So\u00f1ador y satisfactorio. Representa el deseo pleno de satisfacci\u00f3n y plenitud. La mujer &#8220;deseada&#8221; siempre busca la<\/p>\n","protected":false},"featured_media":88722,"comment_status":"open","ping_status":"closed","template":"","meta":{"nf_dc_page":""},"product_brand":[],"product_cat":[84],"product_tag":[],"class_list":{"0":"post-88715","1":"product","2":"type-product","3":"status-publish","4":"has-post-thumbnail","6":"product_cat-perfumeria","8":"first","9":"instock","10":"shipping-taxable","11":"purchasable","12":"product-type-simple"},"_links":{"self":[{"href":"https:\/\/brandss.com.py\/index\/wp-json\/wp\/v2\/product\/88715","targetHints":{"allow":["GET"]}}],"collection":[{"href":"https:\/\/brandss.com.py\/index\/wp-json\/wp\/v2\/product"}],"about":[{"href":"https:\/\/brandss.com.py\/index\/wp-json\/wp\/v2\/types\/product"}],"replies":[{"embeddable":true,"href":"https:\/\/brandss.com.py\/index\/wp-json\/wp\/v2\/comments?post=88715"}],"version-history":[{"count":1,"href":"https:\/\/brandss.com.py\/index\/wp-json\/wp\/v2\/product\/88715\/revisions"}],"predecessor-version":[{"id":88726,"href":"https:\/\/brandss.com.py\/index\/wp-json\/wp\/v2\/product\/88715\/revisions\/88726"}],"wp:featuredmedia":[{"embeddable":true,"href":"https:\/\/brandss.com.py\/index\/wp-json\/wp\/v2\/media\/88722"}],"wp:attachment":[{"href":"https:\/\/brandss.com.py\/index\/wp-json\/wp\/v2\/media?parent=88715"}],"wp:term":[{"taxonomy":"product_brand","embeddable":true,"href":"https:\/\/brandss.com.py\/index\/wp-json\/wp\/v2\/product_brand?post=88715"},{"taxonomy":"product_cat","embeddable":true,"href":"https:\/\/brandss.com.py\/index\/wp-json\/wp\/v2\/product_cat?post=88715"},{"taxonomy":"product_tag","embeddable":true,"href":"https:\/\/brandss.com.py\/index\/wp-json\/wp\/v2\/product_tag?post=88715"}],"curies":[{"name":"wp","href":"https:\/\/api.w.org\/{rel}","templated":true}]}}