{"id":88721,"date":"2025-08-22T14:02:23","date_gmt":"2025-08-22T14:02:23","guid":{"rendered":"https:\/\/brandss.com.py\/index\/?post_type=product&#038;p=88721"},"modified":"2026-03-17T13:27:04","modified_gmt":"2026-03-17T13:27:04","slug":"perfume-unisex-vurv-entince-pure-edp-100ml","status":"publish","type":"product","link":"https:\/\/brandss.com.py\/index\/producto\/perfume-unisex-vurv-entince-pure-edp-100ml\/","title":{"rendered":"PERFUME UNISEX VURV ENTICE PURE EDP 100ML"},"content":{"rendered":"<p><img loading=\"lazy\" decoding=\"async\" class=\"\" src=\"https:\/\/www.parfumonline.ch\/media\/brand\/brand\/vurv.png\" alt=\"Vurv\" width=\"321\" height=\"172\" \/><\/p>\n<h1>ENTINCE PURE EAU DE PARFUM<\/h1>\n<p data-start=\"222\" data-end=\"589\">Descubr\u00ed la frescura en su m\u00e1xima expresi\u00f3n con Vurv Entice Pure Eau de Parfum, una fragancia que envuelve con un halo de pureza, limpieza y elegancia atemporal.<\/p>\n<p data-start=\"222\" data-end=\"589\">Pensada para quienes disfrutan de aromas sutiles pero memorables, esta creaci\u00f3n de Vurv se convierte en el aliado perfecto para el d\u00eda a d\u00eda, proyectando serenidad y sofisticaci\u00f3n sin esfuerzo.<\/p>\n<p data-start=\"591\" data-end=\"1092\">Desde la primera aplicaci\u00f3n, Entice Pure despierta los sentidos con notas de salida c\u00edtricas y acu\u00e1ticas, evocando la sensaci\u00f3n de una brisa fresca en un d\u00eda soleado.<\/p>\n<p data-start=\"591\" data-end=\"1092\">En su coraz\u00f3n, un delicado bouquet floral con matices verdes aporta naturalidad y feminidad sin ser empalagoso, manteniendo la fragancia ligera y moderna.<\/p>\n<p data-start=\"591\" data-end=\"1092\">Finalmente, su fondo se asienta con almizcles suaves y maderas claras, dejando una estela limpia, relajante y duradera que acompa\u00f1a suavemente durante todo el d\u00eda.<\/p>\n<p data-start=\"591\" data-end=\"1092\"><img loading=\"lazy\" decoding=\"async\" class=\" wp-image-88731 alignleft\" src=\"https:\/\/brandss.com.py\/index\/wp-content\/uploads\/2025\/08\/entince-D-400x287.jpeg\" alt=\"\" width=\"289\" height=\"207\" srcset=\"https:\/\/brandss.com.py\/index\/wp-content\/uploads\/2025\/08\/entince-D-400x287.jpeg 400w, https:\/\/brandss.com.py\/index\/wp-content\/uploads\/2025\/08\/entince-D-768x551.jpeg 768w, https:\/\/brandss.com.py\/index\/wp-content\/uploads\/2025\/08\/entince-D-430x308.jpeg 430w, https:\/\/brandss.com.py\/index\/wp-content\/uploads\/2025\/08\/entince-D-700x502.jpeg 700w, https:\/\/brandss.com.py\/index\/wp-content\/uploads\/2025\/08\/entince-D-150x108.jpeg 150w, https:\/\/brandss.com.py\/index\/wp-content\/uploads\/2025\/08\/entince-D.jpeg 841w\" sizes=\"auto, (max-width: 289px) 100vw, 289px\" \/><\/p>\n<p data-start=\"524\" data-end=\"622\"><strong data-start=\"524\" data-end=\"535\">Notas de Salida:<\/strong> c\u00edtricos suaves y acordes acu\u00e1ticos que aportan una frescura ligera y revitalizante.<\/p>\n<p data-start=\"627\" data-end=\"705\"><strong data-start=\"627\" data-end=\"639\">Notas de Coraz\u00f3n:<\/strong> flores blancas y toques verdes que evocan pureza y naturalidad.<\/p>\n<p data-start=\"710\" data-end=\"828\"><strong data-start=\"710\" data-end=\"720\">Notas de Fondo:<\/strong> un toque almizclado y amaderado, suave y duradero, que envuelve con una sensaci\u00f3n de serenidad y confort.<\/p>\n<p>&nbsp;<\/p>\n<p>&nbsp;<\/p>\n","protected":false},"excerpt":{"rendered":"<p>ENTINCE PURE EAU DE PARFUM Descubr\u00ed la frescura en su m\u00e1xima expresi\u00f3n con Vurv Entice Pure Eau de Parfum, una<\/p>\n","protected":false},"featured_media":88730,"comment_status":"open","ping_status":"closed","template":"","meta":{"nf_dc_page":""},"product_brand":[785],"product_cat":[84],"product_tag":[877],"class_list":{"0":"post-88721","1":"product","2":"type-product","3":"status-publish","4":"has-post-thumbnail","6":"product_brand-vurv","7":"product_cat-perfumeria","8":"product_tag-877","10":"first","11":"instock","12":"shipping-taxable","13":"purchasable","14":"product-type-simple"},"_links":{"self":[{"href":"https:\/\/brandss.com.py\/index\/wp-json\/wp\/v2\/product\/88721","targetHints":{"allow":["GET"]}}],"collection":[{"href":"https:\/\/brandss.com.py\/index\/wp-json\/wp\/v2\/product"}],"about":[{"href":"https:\/\/brandss.com.py\/index\/wp-json\/wp\/v2\/types\/product"}],"replies":[{"embeddable":true,"href":"https:\/\/brandss.com.py\/index\/wp-json\/wp\/v2\/comments?post=88721"}],"version-history":[{"count":2,"href":"https:\/\/brandss.com.py\/index\/wp-json\/wp\/v2\/product\/88721\/revisions"}],"predecessor-version":[{"id":91504,"href":"https:\/\/brandss.com.py\/index\/wp-json\/wp\/v2\/product\/88721\/revisions\/91504"}],"wp:featuredmedia":[{"embeddable":true,"href":"https:\/\/brandss.com.py\/index\/wp-json\/wp\/v2\/media\/88730"}],"wp:attachment":[{"href":"https:\/\/brandss.com.py\/index\/wp-json\/wp\/v2\/media?parent=88721"}],"wp:term":[{"taxonomy":"product_brand","embeddable":true,"href":"https:\/\/brandss.com.py\/index\/wp-json\/wp\/v2\/product_brand?post=88721"},{"taxonomy":"product_cat","embeddable":true,"href":"https:\/\/brandss.com.py\/index\/wp-json\/wp\/v2\/product_cat?post=88721"},{"taxonomy":"product_tag","embeddable":true,"href":"https:\/\/brandss.com.py\/index\/wp-json\/wp\/v2\/product_tag?post=88721"}],"curies":[{"name":"wp","href":"https:\/\/api.w.org\/{rel}","templated":true}]}}