{"id":88742,"date":"2025-08-22T16:27:21","date_gmt":"2025-08-22T16:27:21","guid":{"rendered":"https:\/\/brandss.com.py\/index\/?post_type=product&#038;p=88742"},"modified":"2025-09-23T10:34:18","modified_gmt":"2025-09-23T10:34:18","slug":"perfume-femenino-lonkoom-a-wish-red-edp-100ml","status":"publish","type":"product","link":"https:\/\/brandss.com.py\/index\/producto\/perfume-femenino-lonkoom-a-wish-red-edp-100ml\/","title":{"rendered":"PERFUME FEMENINO LONKOOM A WISH RED EDP 100ML"},"content":{"rendered":"<p><img loading=\"lazy\" decoding=\"async\" class=\"\" src=\"https:\/\/lonkoom.my\/cdn\/shop\/files\/1_79da2e9c-32a3-4d5a-bd07-f0ad2dc1ade3_714x.png?v=1701281132\" alt=\"My Store\" width=\"128\" height=\"44\" \/><\/p>\n<h1>A WISH RED<\/h1>\n<p>Descubre la magia detr\u00e1s de A Wish Red, una fragancia que captura la esencia de los deseos hechos realidad a trav\u00e9s de una cautivadora atomizaci\u00f3n.<\/p>\n<p>A Wish Red de Lonkoom Parfum es m\u00e1s que una simple fragancia; es una invitaci\u00f3n a explorar los rincones m\u00e1s dulces y sensuales de tus deseos. Desde el primer instante de atomizaci\u00f3n hasta que se asienta suavemente sobre tu piel, te encontrar\u00e1s envuelto en un aura de misterio y dulzura irresistible.<\/p>\n<p><img loading=\"lazy\" decoding=\"async\" class=\"alignleft\" src=\"https:\/\/lonkoom.my\/cdn\/shop\/files\/56d8b60eee324fb893b616634331e503_tplv-o3syd03w52-origin-jpeg.jpg?v=1699372828\" width=\"587\" height=\"591\" \/><\/p>\n<h3>Notas Olfativas<\/h3>\n<p>&nbsp;<\/p>\n<p>Al primer contacto, te envuelve con las notas chispeantes de toronja, una frescura c\u00edtrica complementada perfectamente por el dulzor juguet\u00f3n de la frambuesa.<\/p>\n<p>A medida que la fragancia se asienta en la piel, emerge un coraz\u00f3n floral encarnado por la delicadeza de la rosa, creando un equilibrio exquisito con las notas dulces que invitan a so\u00f1ar.<\/p>\n<p>Pero la verdadera sorpresa de A Wish Red llega con el velo final, donde las notas de chocolate se fusionan maravillosamente con almizcle y s\u00e1ndalo, ofreciendo una base reconfortante y profundamente seductora.<\/p>\n<p>Esta combinaci\u00f3n inesperada crea una silueta olfativa que es a la vez c\u00e1lida y apasionante, perfecta para aquellos que desean dejar una huella memorable.<\/p>\n<p>&nbsp;<\/p>\n<p><span dir=\"auto\"><strong>Notas de salida:<\/strong> pomelo, frambuesa.<\/span><\/p>\n<p><span dir=\"auto\"><strong>Notas de coraz\u00f3n:<\/strong> rosa, chocolate.<\/span><\/p>\n<p><span dir=\"auto\"><strong>Notas de fondo:<\/strong> almizcle, s\u00e1ndalo.<\/span><\/p>\n","protected":false},"excerpt":{"rendered":"<p>A WISH RED Descubre la magia detr\u00e1s de A Wish Red, una fragancia que captura la esencia de los deseos<\/p>\n","protected":false},"featured_media":88743,"comment_status":"open","ping_status":"closed","template":"","meta":{"nf_dc_page":""},"product_brand":[],"product_cat":[84],"product_tag":[],"class_list":{"0":"post-88742","1":"product","2":"type-product","3":"status-publish","4":"has-post-thumbnail","6":"product_cat-perfumeria","8":"first","9":"instock","10":"shipping-taxable","11":"purchasable","12":"product-type-simple"},"_links":{"self":[{"href":"https:\/\/brandss.com.py\/index\/wp-json\/wp\/v2\/product\/88742","targetHints":{"allow":["GET"]}}],"collection":[{"href":"https:\/\/brandss.com.py\/index\/wp-json\/wp\/v2\/product"}],"about":[{"href":"https:\/\/brandss.com.py\/index\/wp-json\/wp\/v2\/types\/product"}],"replies":[{"embeddable":true,"href":"https:\/\/brandss.com.py\/index\/wp-json\/wp\/v2\/comments?post=88742"}],"version-history":[{"count":2,"href":"https:\/\/brandss.com.py\/index\/wp-json\/wp\/v2\/product\/88742\/revisions"}],"predecessor-version":[{"id":88749,"href":"https:\/\/brandss.com.py\/index\/wp-json\/wp\/v2\/product\/88742\/revisions\/88749"}],"wp:featuredmedia":[{"embeddable":true,"href":"https:\/\/brandss.com.py\/index\/wp-json\/wp\/v2\/media\/88743"}],"wp:attachment":[{"href":"https:\/\/brandss.com.py\/index\/wp-json\/wp\/v2\/media?parent=88742"}],"wp:term":[{"taxonomy":"product_brand","embeddable":true,"href":"https:\/\/brandss.com.py\/index\/wp-json\/wp\/v2\/product_brand?post=88742"},{"taxonomy":"product_cat","embeddable":true,"href":"https:\/\/brandss.com.py\/index\/wp-json\/wp\/v2\/product_cat?post=88742"},{"taxonomy":"product_tag","embeddable":true,"href":"https:\/\/brandss.com.py\/index\/wp-json\/wp\/v2\/product_tag?post=88742"}],"curies":[{"name":"wp","href":"https:\/\/api.w.org\/{rel}","templated":true}]}}