{"id":88767,"date":"2025-08-22T18:31:53","date_gmt":"2025-08-22T18:31:53","guid":{"rendered":"https:\/\/brandss.com.py\/index\/?post_type=product&#038;p=88767"},"modified":"2025-08-22T18:33:21","modified_gmt":"2025-08-22T18:33:21","slug":"perfume-femenino-lonkoom-24k-pure-gold-edp-100ml","status":"publish","type":"product","link":"https:\/\/brandss.com.py\/index\/producto\/perfume-femenino-lonkoom-24k-pure-gold-edp-100ml\/","title":{"rendered":"PERFUME FEMENINO LONKOOM 24K PURE GOLD EDP 100ML"},"content":{"rendered":"<p><img loading=\"lazy\" decoding=\"async\" class=\"\" src=\"https:\/\/lonkoom.my\/cdn\/shop\/files\/1_79da2e9c-32a3-4d5a-bd07-f0ad2dc1ade3_714x.png?v=1701281132\" alt=\"My Store\" width=\"157\" height=\"54\" \/><\/p>\n<h1>24K PURE GOLD<\/h1>\n<p>Eleve sus sentidos y abrace la opulencia de esta fragancia con infusi\u00f3n de oro de 24 quilates, una verdadera encarnaci\u00f3n de la sofisticaci\u00f3n y el encanto. Descubre la esencia del lujo y la sofisticaci\u00f3n con el perfume femenino 24k Pure Gold, una fragancia que captura la esencia de la feminidad en cada gota. Dise\u00f1ado para mujeres de todas las edades, este perfume dama se destaca por su aroma floral frutal creando un aroma que es tanto refrescante como cautivador.<img loading=\"lazy\" decoding=\"async\" class=\"alignleft\" src=\"https:\/\/http2.mlstatic.com\/D_NQ_NP_2X_812780-MLM82118737879_012025-F.webp\" width=\"605\" height=\"624\" \/><\/p>\n<p>24k Pure Gold es m\u00e1s que una fragancia, es la expresi\u00f3n de una actitud ante la vida. Cada aplicaci\u00f3n es como envolver la piel en una capa invisible de seda, suave y lujosa. Su estructura arom\u00e1tica \u00fanica se revela en diferentes niveles con el cambio del tiempo y la temperatura del cuerpo, como si evolucionara con cada movimiento y estado de \u00e1nimo de la mujer.<\/p>\n<div class=\"col-lg-4 col-sm-6 col-12 mb-lg-0 mb-3\">\n<div class=\"stands-out-content\">\n<div class=\"feature\"><strong><span dir=\"auto\">Aroma lujoso<\/span><\/strong><\/div>\n<div><\/div>\n<div class=\"description\"><span dir=\"auto\">Este perfume premium presenta una mezcla encantadora de notas florales y frutales, creando un aroma sofisticado y atractivo que cautiva los sentidos y eleva cualquier ocasi\u00f3n.<\/span><\/div>\n<div><\/div>\n<\/div>\n<\/div>\n<div class=\"col-lg-4 col-sm-6 col-12 mb-lg-0 mb-3\">\n<div class=\"stands-out-content\">\n<div class=\"feature\"><strong><span dir=\"auto\">De larga duraci\u00f3n<\/span><\/strong><\/div>\n<div><\/div>\n<div class=\"description\"><span dir=\"auto\">Con su potente f\u00f3rmula Eau De Parfum, 24K GOLD garantiza una impresi\u00f3n duradera durante todo el d\u00eda, brind\u00e1ndole la confianza de frescura y encanto desde la ma\u00f1ana hasta la noche.<\/span><\/div>\n<div><\/div>\n<\/div>\n<\/div>\n<div class=\"col-lg-4 col-sm-6 col-12 mb-lg-0 mb-3\">\n<div class=\"stands-out-content\">\n<div class=\"feature\"><strong><span dir=\"auto\">Embalaje elegante<\/span><\/strong><\/div>\n<div><\/div>\n<div class=\"description\"><span dir=\"auto\">Presentado en una botella bellamente elaborada, su elegante dise\u00f1o no solo luce impresionante en su tocador sino que tambi\u00e9n significa lujo, lo que lo convierte en un regalo ideal para usted o sus seres queridos.<\/span><\/div>\n<\/div>\n<\/div>\n<div><\/div>\n<h3>Notas Olfativas<\/h3>\n<div><\/div>\n<div>Opulencia perfumada que se despliega desde una apertura gourmand de pralin\u00e9 y vainilla, pasando por un coraz\u00f3n floral de rosa y fresa, hasta un fondo de almizcle y \u00e1mbar duradero, cada capa dise\u00f1ada para evolucionar con su elegancia.<\/div>\n<div><\/div>\n<div><strong>Notas de salida:<\/strong> Pralin\u00e9, Vainilla.<br \/>\n<strong>Notas de coraz\u00f3n:<\/strong> Rosa, Fresa.<br \/>\n<strong>Notas de Fondo:<\/strong> Almizcle, \u00c1mbar, Vainilla.<\/div>\n","protected":false},"excerpt":{"rendered":"<p>24K PURE GOLD Eleve sus sentidos y abrace la opulencia de esta fragancia con infusi\u00f3n de oro de 24 quilates,<\/p>\n","protected":false},"featured_media":88768,"comment_status":"open","ping_status":"closed","template":"","meta":{"nf_dc_page":""},"product_brand":[],"product_cat":[84],"product_tag":[],"class_list":{"0":"post-88767","1":"product","2":"type-product","3":"status-publish","4":"has-post-thumbnail","6":"product_cat-perfumeria","8":"first","9":"instock","10":"shipping-taxable","11":"purchasable","12":"product-type-simple"},"_links":{"self":[{"href":"https:\/\/brandss.com.py\/index\/wp-json\/wp\/v2\/product\/88767","targetHints":{"allow":["GET"]}}],"collection":[{"href":"https:\/\/brandss.com.py\/index\/wp-json\/wp\/v2\/product"}],"about":[{"href":"https:\/\/brandss.com.py\/index\/wp-json\/wp\/v2\/types\/product"}],"replies":[{"embeddable":true,"href":"https:\/\/brandss.com.py\/index\/wp-json\/wp\/v2\/comments?post=88767"}],"version-history":[{"count":1,"href":"https:\/\/brandss.com.py\/index\/wp-json\/wp\/v2\/product\/88767\/revisions"}],"predecessor-version":[{"id":88775,"href":"https:\/\/brandss.com.py\/index\/wp-json\/wp\/v2\/product\/88767\/revisions\/88775"}],"wp:featuredmedia":[{"embeddable":true,"href":"https:\/\/brandss.com.py\/index\/wp-json\/wp\/v2\/media\/88768"}],"wp:attachment":[{"href":"https:\/\/brandss.com.py\/index\/wp-json\/wp\/v2\/media?parent=88767"}],"wp:term":[{"taxonomy":"product_brand","embeddable":true,"href":"https:\/\/brandss.com.py\/index\/wp-json\/wp\/v2\/product_brand?post=88767"},{"taxonomy":"product_cat","embeddable":true,"href":"https:\/\/brandss.com.py\/index\/wp-json\/wp\/v2\/product_cat?post=88767"},{"taxonomy":"product_tag","embeddable":true,"href":"https:\/\/brandss.com.py\/index\/wp-json\/wp\/v2\/product_tag?post=88767"}],"curies":[{"name":"wp","href":"https:\/\/api.w.org\/{rel}","templated":true}]}}