{"id":88791,"date":"2025-08-23T11:23:58","date_gmt":"2025-08-23T11:23:58","guid":{"rendered":"https:\/\/brandss.com.py\/index\/?post_type=product&#038;p=88791"},"modified":"2025-08-23T11:24:47","modified_gmt":"2025-08-23T11:24:47","slug":"perfume-femenino-lonkoom-paris-lover-gold-edp-100ml","status":"publish","type":"product","link":"https:\/\/brandss.com.py\/index\/producto\/perfume-femenino-lonkoom-paris-lover-gold-edp-100ml\/","title":{"rendered":"PERFUME FEMENINO LONKOOM PARIS LOVER GOLD EDP 100ML"},"content":{"rendered":"<p><img loading=\"lazy\" decoding=\"async\" class=\"\" src=\"https:\/\/lonkoom.my\/cdn\/shop\/files\/1_79da2e9c-32a3-4d5a-bd07-f0ad2dc1ade3_714x.png?v=1701281132\" alt=\"My Store\" width=\"171\" height=\"59\" \/><\/p>\n<h1>PARIS LOVER GOLD<\/h1>\n<p>Atrae e inspira a quienes te rodean con este perfumes. Las notas de este aroma est\u00e1n cuidadosamente seleccionadas creando una sinfon\u00eda de felicidad olfativa que dura horas a trav\u00e9s de tus d\u00edas y noches m\u00e1s ocupados, lluvia o sol.<\/p>\n<p>Deja que este eau de parfum femenino exprese tu temperamento y personalidad \u00fanica. Deja que este perfume afrutado realce tu ambiente distintivo.<\/p>\n<p><img loading=\"lazy\" decoding=\"async\" class=\"alignleft\" src=\"https:\/\/i5.walmartimages.com\/asr\/dd3111a5-d0c6-4493-bf35-95f138280770.e41d2d8f6f08f99820c7cc5ffc55f629.jpeg?odnHeight=2000&amp;odnWidth=2000&amp;odnBg=FFFFFF\" width=\"598\" height=\"598\" \/><\/p>\n<h3>Notas Olfativas<\/h3>\n<p><span dir=\"auto\">Este perfume femenino abre con bergamota, mel\u00f3n y melocot\u00f3n, dando paso a un coraz\u00f3n de fresia, lirio y rosa. S\u00e1ndalo, cedro y almizcle forman la base de este perfume floral, aportando profundidad y complejidad.<br \/>\n<\/span><br \/>\n<span dir=\"auto\">Una fragancia seductora, un eau de parfum floral-frutal para mujer, perfecto para cualquier ocasi\u00f3n, formal o informal. <\/span><\/p>\n<p><span dir=\"auto\">Esta atractiva fragancia femenina crea el ambiente perfecto para un momento animado y lleno de energ\u00eda.<\/span><\/p>\n<ul>\n<li><span dir=\"auto\"><strong>Notas de salida:<\/strong> bergamota, pera, mel\u00f3n y melocot\u00f3n.\n<p><\/span><\/li>\n<li><span dir=\"auto\"><strong>Notas de coraz\u00f3n:<\/strong> fresia, lirio, violeta y rosa.\n<p><\/span><\/li>\n<li><span dir=\"auto\"><strong>Notas de fondo:<\/strong> s\u00e1ndalo, cedro y almizcle.<\/span><\/li>\n<\/ul>\n","protected":false},"excerpt":{"rendered":"<p>PARIS LOVER GOLD Atrae e inspira a quienes te rodean con este perfumes. Las notas de este aroma est\u00e1n cuidadosamente<\/p>\n","protected":false},"featured_media":88792,"comment_status":"open","ping_status":"closed","template":"","meta":{"nf_dc_page":""},"product_brand":[],"product_cat":[84],"product_tag":[],"class_list":{"0":"post-88791","1":"product","2":"type-product","3":"status-publish","4":"has-post-thumbnail","6":"product_cat-perfumeria","8":"first","9":"instock","10":"shipping-taxable","11":"purchasable","12":"product-type-simple"},"_links":{"self":[{"href":"https:\/\/brandss.com.py\/index\/wp-json\/wp\/v2\/product\/88791","targetHints":{"allow":["GET"]}}],"collection":[{"href":"https:\/\/brandss.com.py\/index\/wp-json\/wp\/v2\/product"}],"about":[{"href":"https:\/\/brandss.com.py\/index\/wp-json\/wp\/v2\/types\/product"}],"replies":[{"embeddable":true,"href":"https:\/\/brandss.com.py\/index\/wp-json\/wp\/v2\/comments?post=88791"}],"version-history":[{"count":1,"href":"https:\/\/brandss.com.py\/index\/wp-json\/wp\/v2\/product\/88791\/revisions"}],"predecessor-version":[{"id":88799,"href":"https:\/\/brandss.com.py\/index\/wp-json\/wp\/v2\/product\/88791\/revisions\/88799"}],"wp:featuredmedia":[{"embeddable":true,"href":"https:\/\/brandss.com.py\/index\/wp-json\/wp\/v2\/media\/88792"}],"wp:attachment":[{"href":"https:\/\/brandss.com.py\/index\/wp-json\/wp\/v2\/media?parent=88791"}],"wp:term":[{"taxonomy":"product_brand","embeddable":true,"href":"https:\/\/brandss.com.py\/index\/wp-json\/wp\/v2\/product_brand?post=88791"},{"taxonomy":"product_cat","embeddable":true,"href":"https:\/\/brandss.com.py\/index\/wp-json\/wp\/v2\/product_cat?post=88791"},{"taxonomy":"product_tag","embeddable":true,"href":"https:\/\/brandss.com.py\/index\/wp-json\/wp\/v2\/product_tag?post=88791"}],"curies":[{"name":"wp","href":"https:\/\/api.w.org\/{rel}","templated":true}]}}