{"id":88878,"date":"2025-08-25T12:51:03","date_gmt":"2025-08-25T12:51:03","guid":{"rendered":"https:\/\/brandss.com.py\/index\/?post_type=product&#038;p=88878"},"modified":"2025-08-25T12:51:40","modified_gmt":"2025-08-25T12:51:40","slug":"perfume-femenino-love-collection-n-021-coco-mademoiselle-edp-25ml","status":"publish","type":"product","link":"https:\/\/brandss.com.py\/index\/producto\/perfume-femenino-love-collection-n-021-coco-mademoiselle-edp-25ml\/","title":{"rendered":"PERFUME FEMENINO LOVE COLLECTION N\u00b0 021 COCO MADEMOISELLE EDP 25ML"},"content":{"rendered":"<p><img loading=\"lazy\" decoding=\"async\" class=\"\" src=\"https:\/\/lovecollectionperfumes.com\/wp-content\/uploads\/2024\/10\/logo-love-collection-black.png\" alt=\"LOV\u018e COLLECTION\" width=\"201\" height=\"92\" \/><\/p>\n<h1>N\u00b0 021 COCO MADEMOISELLE<\/h1>\n<p><span dir=\"auto\">Fresco y sensual, el Perfume 021 de la Colecci\u00f3n LOVE captura la esencia de una mujer libre, audaz e irresistiblemente cautivadora. Una fragancia moderna y radiante que celebra la libertad de reinventarse cada d\u00eda.<\/span><\/p>\n<p><span dir=\"auto\">Con un car\u00e1cter distintivo y sorprendentemente fresco, 021 encarna una doble personalidad, intrigante y encantadora a la vez: independiente y cautivadora, provocadora y desenfadada. Ideal para quienes buscan la espontaneidad y la elegancia audaz.<\/span><\/p>\n<h3><strong><span dir=\"auto\">Notas olfativas<\/span><\/strong><\/h3>\n<p>Comienza con una frescura c\u00edtrica energizante que despierta los sentidos y aporta una sensaci\u00f3n revitalizante y envolvente. Avanzando con un coraz\u00f3n de flores nobles que aportan un toque sofisticado y femenino, componiendo un coraz\u00f3n limpio, delicado y sensual. Finalmente la base revela una combinaci\u00f3n elegante de pachul\u00ed terroso con vetiver amaderado, otorgando profundidad y una fijaci\u00f3n duradera a la fragancia.<\/p>\n<ul>\n<li><strong><span dir=\"auto\">Nota de salida:<\/span><\/strong><span dir=\"auto\"> Naranja vibrante.<\/span><\/li>\n<li><strong><span dir=\"auto\">Nota de Coraz\u00f3n:<\/span><\/strong><span dir=\"auto\"> Jazm\u00edn, rosa de mayo, flor de naranjo, almendra.<\/span><\/li>\n<li><strong><span dir=\"auto\">Nota de Fondo:<\/span><\/strong><span dir=\"auto\"> Pachul\u00ed y vetiver, vainilla.<\/span><\/li>\n<\/ul>\n<p><strong><span dir=\"auto\">Inspiraci\u00f3n:<\/span><\/strong><span dir=\"auto\">\u00a0Coco Mademoiselle<\/span><\/p>\n","protected":false},"excerpt":{"rendered":"<p>N\u00b0 021 COCO MADEMOISELLE Fresco y sensual, el Perfume 021 de la Colecci\u00f3n LOVE captura la esencia de una mujer<\/p>\n","protected":false},"featured_media":88879,"comment_status":"open","ping_status":"closed","template":"","meta":{"nf_dc_page":""},"product_brand":[],"product_cat":[84],"product_tag":[],"class_list":{"0":"post-88878","1":"product","2":"type-product","3":"status-publish","4":"has-post-thumbnail","6":"product_cat-perfumeria","8":"first","9":"instock","10":"shipping-taxable","11":"purchasable","12":"product-type-simple"},"_links":{"self":[{"href":"https:\/\/brandss.com.py\/index\/wp-json\/wp\/v2\/product\/88878","targetHints":{"allow":["GET"]}}],"collection":[{"href":"https:\/\/brandss.com.py\/index\/wp-json\/wp\/v2\/product"}],"about":[{"href":"https:\/\/brandss.com.py\/index\/wp-json\/wp\/v2\/types\/product"}],"replies":[{"embeddable":true,"href":"https:\/\/brandss.com.py\/index\/wp-json\/wp\/v2\/comments?post=88878"}],"version-history":[{"count":1,"href":"https:\/\/brandss.com.py\/index\/wp-json\/wp\/v2\/product\/88878\/revisions"}],"predecessor-version":[{"id":88882,"href":"https:\/\/brandss.com.py\/index\/wp-json\/wp\/v2\/product\/88878\/revisions\/88882"}],"wp:featuredmedia":[{"embeddable":true,"href":"https:\/\/brandss.com.py\/index\/wp-json\/wp\/v2\/media\/88879"}],"wp:attachment":[{"href":"https:\/\/brandss.com.py\/index\/wp-json\/wp\/v2\/media?parent=88878"}],"wp:term":[{"taxonomy":"product_brand","embeddable":true,"href":"https:\/\/brandss.com.py\/index\/wp-json\/wp\/v2\/product_brand?post=88878"},{"taxonomy":"product_cat","embeddable":true,"href":"https:\/\/brandss.com.py\/index\/wp-json\/wp\/v2\/product_cat?post=88878"},{"taxonomy":"product_tag","embeddable":true,"href":"https:\/\/brandss.com.py\/index\/wp-json\/wp\/v2\/product_tag?post=88878"}],"curies":[{"name":"wp","href":"https:\/\/api.w.org\/{rel}","templated":true}]}}