{"id":88890,"date":"2025-08-25T13:47:51","date_gmt":"2025-08-25T13:47:51","guid":{"rendered":"https:\/\/brandss.com.py\/index\/?post_type=product&#038;p=88890"},"modified":"2026-03-26T13:53:18","modified_gmt":"2026-03-26T13:53:18","slug":"perfume-masculino-love-collection-n-100-sauvage-edp-25ml","status":"publish","type":"product","link":"https:\/\/brandss.com.py\/index\/producto\/perfume-masculino-love-collection-n-100-sauvage-edp-25ml\/","title":{"rendered":"PERFUME MASCULINO LOVE COLLECTION N\u00b0 100 SAUVAGE EDP 25ML"},"content":{"rendered":"<p><img loading=\"lazy\" decoding=\"async\" class=\"\" src=\"https:\/\/lovecollectionperfumes.com\/wp-content\/uploads\/2024\/10\/logo-love-collection-black.png\" alt=\"LOV\u018e COLLECTION\" width=\"167\" height=\"76\" \/><\/p>\n<h1>N\u00b0 100 SAUVAGE<\/h1>\n<p>Encarna una frescura emblem\u00e1tica que se amplifica y prolonga gracias al poder del agua. Con una innovadora f\u00f3rmula sin alcohol, esta fragancia es una creaci\u00f3n exclusiva que combina la ligereza con la intensidad de un perfume.<\/p>\n<p><span dir=\"auto\">Dise\u00f1ado para el hombre moderno, 100 explora el territorio inexplorado de un foug\u00e8re fresco y especiado, presentando una combinaci\u00f3n inesperada de especias frescas, lavanda blanqueada y maderas almizcladas. Su estimulante composici\u00f3n emana una frescura atractiva y una potencia impresionante, elevando la experiencia olfativa a nuevas cotas.<\/span><\/p>\n<h3><strong><span dir=\"auto\">Notas olfativas<\/span><\/strong><\/h3>\n<p><span dir=\"auto\">Sumergidas en agua, las notas especiadas revelan una frescura m\u00e1s intensa y con cuerpo, realzada por una nota profundamente potente de resina de elem\u00ed. La lavanda se libera de sus acentos arom\u00e1ticos, como blanqueada en agua, creando una nueva frescura que revela su base sensual. Notas amaderadas, impregnadas de agua, dan la bienvenida a una brisa de notas almizcladas.<\/span><\/p>\n<ul>\n<li><strong><span dir=\"auto\">Notas de salida:<\/span><\/strong><span dir=\"auto\"> bergamota, pimienta.<\/span><\/li>\n<li><strong><span dir=\"auto\">Notas de coraz\u00f3n: <\/span><\/strong>lavanda, pimienta rosa, elem\u00ed, geranio.<\/li>\n<li><strong><span dir=\"auto\">Notas de fondo: <\/span><\/strong>ambroxan, cedro, l\u00e1dano.<\/li>\n<\/ul>\n<p><strong>Inspiraci\u00f3n:<\/strong> Sauvage<\/p>\n","protected":false},"excerpt":{"rendered":"<p>N\u00b0 100 SAUVAGE Encarna una frescura emblem\u00e1tica que se amplifica y prolonga gracias al poder del agua. Con una innovadora<\/p>\n","protected":false},"featured_media":88892,"comment_status":"open","ping_status":"closed","template":"","meta":{"nf_dc_page":""},"product_brand":[],"product_cat":[84],"product_tag":[],"class_list":{"0":"post-88890","1":"product","2":"type-product","3":"status-publish","4":"has-post-thumbnail","6":"product_cat-perfumeria","8":"first","9":"outofstock","10":"shipping-taxable","11":"purchasable","12":"product-type-simple"},"_links":{"self":[{"href":"https:\/\/brandss.com.py\/index\/wp-json\/wp\/v2\/product\/88890","targetHints":{"allow":["GET"]}}],"collection":[{"href":"https:\/\/brandss.com.py\/index\/wp-json\/wp\/v2\/product"}],"about":[{"href":"https:\/\/brandss.com.py\/index\/wp-json\/wp\/v2\/types\/product"}],"replies":[{"embeddable":true,"href":"https:\/\/brandss.com.py\/index\/wp-json\/wp\/v2\/comments?post=88890"}],"version-history":[{"count":1,"href":"https:\/\/brandss.com.py\/index\/wp-json\/wp\/v2\/product\/88890\/revisions"}],"predecessor-version":[{"id":88895,"href":"https:\/\/brandss.com.py\/index\/wp-json\/wp\/v2\/product\/88890\/revisions\/88895"}],"wp:featuredmedia":[{"embeddable":true,"href":"https:\/\/brandss.com.py\/index\/wp-json\/wp\/v2\/media\/88892"}],"wp:attachment":[{"href":"https:\/\/brandss.com.py\/index\/wp-json\/wp\/v2\/media?parent=88890"}],"wp:term":[{"taxonomy":"product_brand","embeddable":true,"href":"https:\/\/brandss.com.py\/index\/wp-json\/wp\/v2\/product_brand?post=88890"},{"taxonomy":"product_cat","embeddable":true,"href":"https:\/\/brandss.com.py\/index\/wp-json\/wp\/v2\/product_cat?post=88890"},{"taxonomy":"product_tag","embeddable":true,"href":"https:\/\/brandss.com.py\/index\/wp-json\/wp\/v2\/product_tag?post=88890"}],"curies":[{"name":"wp","href":"https:\/\/api.w.org\/{rel}","templated":true}]}}