{"id":88898,"date":"2025-08-25T14:10:36","date_gmt":"2025-08-25T14:10:36","guid":{"rendered":"https:\/\/brandss.com.py\/index\/?post_type=product&#038;p=88898"},"modified":"2026-03-26T13:53:18","modified_gmt":"2026-03-26T13:53:18","slug":"perfume-masculino-love-collection-n-093-light-blue-edp-25ml","status":"publish","type":"product","link":"https:\/\/brandss.com.py\/index\/producto\/perfume-masculino-love-collection-n-093-light-blue-edp-25ml\/","title":{"rendered":"PERFUME FEMENINO LOVE COLLECTION N\u00b0 093 LIGHT BLUE EDP 25ML"},"content":{"rendered":"<p><img loading=\"lazy\" decoding=\"async\" class=\"\" src=\"https:\/\/lovecollectionperfumes.com\/wp-content\/uploads\/2024\/10\/logo-love-collection-black.png\" alt=\"LOV\u018e COLLECTION\" width=\"175\" height=\"80\" \/><\/p>\n<h1>N\u00b0 093 LIGHT BLUE<\/h1>\n<p><span dir=\"auto\">Un aura sensual de frescura: el perfume 093 de la colecci\u00f3n LOVE captura la esencia de un d\u00eda soleado junto al mar, impregnado de la vigorizante brisa mediterr\u00e1nea y los aromas frutales y florales de la vegetaci\u00f3n local. Celebra la feminidad y la elegancia innatas de la mujer mediterr\u00e1nea.<\/span><\/p>\n<p><span dir=\"auto\">Combinando la frescura c\u00edtrica con un delicado aroma floral, 093 revela c\u00e1lidas notas amaderadas que despiertan el alma. Su dise\u00f1o sutil y moderno refleja la determinaci\u00f3n refrescante de la mujer contempor\u00e1nea, presentada en una botella de vidrio por excelencia, adornada con un tap\u00f3n aguamarina, que evoca las aguas y los cielos cristalinos del Mediterr\u00e1neo.<\/span><\/p>\n<h3><strong><span dir=\"auto\">Notas olfativas<\/span><\/strong><\/h3>\n<p><span dir=\"auto\">Notas jugosas de crujientes manzanas Granny Smith y lim\u00f3n c\u00edtrico, combinados con la discreta elegancia de las campanillas azules. \u00a0Un ramo fragante de jazm\u00edn floreciente y rosa blanca pura se combina con el aroma fresco del bamb\u00fa. Una base seductora de cedro se entrelaza con notas c\u00e1lidas de \u00e1mbar y la estela persistente de musgo blanco.<\/span><\/p>\n<ul>\n<li><strong><span dir=\"auto\">Nota de salida:<\/span><\/strong><span dir=\"auto\"> Manzana, lim\u00f3n.<\/span><\/li>\n<li><strong><span dir=\"auto\">Nota de coraz\u00f3n: <\/span><\/strong><span dir=\"auto\">Jazm\u00edn,rosa blanca, bamb\u00fa.<\/span><\/li>\n<li><strong><span dir=\"auto\">Nota de base:<\/span><\/strong><span dir=\"auto\"> Cedro, \u00e1mbar, musgo blanco.<\/span><\/li>\n<\/ul>\n<p>&nbsp;<\/p>\n<p><strong><span dir=\"auto\">Inspiraci\u00f3n:<\/span><\/strong><span dir=\"auto\"> Light Blue.<\/span><\/p>\n","protected":false},"excerpt":{"rendered":"<p>N\u00b0 093 LIGHT BLUE Un aura sensual de frescura: el perfume 093 de la colecci\u00f3n LOVE captura la esencia de<\/p>\n","protected":false},"featured_media":88900,"comment_status":"open","ping_status":"closed","template":"","meta":{"nf_dc_page":""},"product_brand":[],"product_cat":[84],"product_tag":[],"class_list":{"0":"post-88898","1":"product","2":"type-product","3":"status-publish","4":"has-post-thumbnail","6":"product_cat-perfumeria","8":"first","9":"outofstock","10":"shipping-taxable","11":"purchasable","12":"product-type-simple"},"_links":{"self":[{"href":"https:\/\/brandss.com.py\/index\/wp-json\/wp\/v2\/product\/88898","targetHints":{"allow":["GET"]}}],"collection":[{"href":"https:\/\/brandss.com.py\/index\/wp-json\/wp\/v2\/product"}],"about":[{"href":"https:\/\/brandss.com.py\/index\/wp-json\/wp\/v2\/types\/product"}],"replies":[{"embeddable":true,"href":"https:\/\/brandss.com.py\/index\/wp-json\/wp\/v2\/comments?post=88898"}],"version-history":[{"count":2,"href":"https:\/\/brandss.com.py\/index\/wp-json\/wp\/v2\/product\/88898\/revisions"}],"predecessor-version":[{"id":88903,"href":"https:\/\/brandss.com.py\/index\/wp-json\/wp\/v2\/product\/88898\/revisions\/88903"}],"wp:featuredmedia":[{"embeddable":true,"href":"https:\/\/brandss.com.py\/index\/wp-json\/wp\/v2\/media\/88900"}],"wp:attachment":[{"href":"https:\/\/brandss.com.py\/index\/wp-json\/wp\/v2\/media?parent=88898"}],"wp:term":[{"taxonomy":"product_brand","embeddable":true,"href":"https:\/\/brandss.com.py\/index\/wp-json\/wp\/v2\/product_brand?post=88898"},{"taxonomy":"product_cat","embeddable":true,"href":"https:\/\/brandss.com.py\/index\/wp-json\/wp\/v2\/product_cat?post=88898"},{"taxonomy":"product_tag","embeddable":true,"href":"https:\/\/brandss.com.py\/index\/wp-json\/wp\/v2\/product_tag?post=88898"}],"curies":[{"name":"wp","href":"https:\/\/api.w.org\/{rel}","templated":true}]}}