{"id":88904,"date":"2025-08-25T14:26:53","date_gmt":"2025-08-25T14:26:53","guid":{"rendered":"https:\/\/brandss.com.py\/index\/?post_type=product&#038;p=88904"},"modified":"2026-03-26T13:53:18","modified_gmt":"2026-03-26T13:53:18","slug":"perfume-femenino-love-collection-n-126-good-girl-edp-25ml","status":"publish","type":"product","link":"https:\/\/brandss.com.py\/index\/producto\/perfume-femenino-love-collection-n-126-good-girl-edp-25ml\/","title":{"rendered":"PERFUME FEMENINO LOVE COLLECTION N\u00b0 126 GOOD GIRL EDP 25ML"},"content":{"rendered":"<p><img loading=\"lazy\" decoding=\"async\" class=\"\" src=\"https:\/\/lovecollectionperfumes.com\/wp-content\/uploads\/2024\/10\/logo-love-collection-black.png\" alt=\"LOV\u018e COLLECTION\" width=\"123\" height=\"56\" \/><\/p>\n<h1>N\u00b0 126 GOOD GIRL<\/h1>\n<p><strong><em>Una fragancia atrevida y sofisticada inspirada en la dualidad de la mujer moderna.<\/em><\/strong><\/p>\n<p><span dir=\"auto\">Una fragancia audaz y sofisticada, el Perfume 126 de la Colecci\u00f3n LOVE encarna la dualidad de la mujer moderna. Con el dulce y deslumbrante encanto del jazm\u00edn, esta esencia irradia un brillo de feminidad. El lado misterioso de la mujer se expresa a trav\u00e9s del rico aroma del cacao, que se fusiona con la emoci\u00f3n del haba tonka, mientras que las notas de almendra y caf\u00e9 aportan una vibrante intensidad.<\/span><\/p>\n<h3><strong><span dir=\"auto\">Notas olfativas<\/span><\/strong><\/h3>\n<p>126 de la colecci\u00f3n LOVE es una fragancia atrevida pero sofisticada que encarna la dualidad de la mujer moderna. Con el dulce y deslumbrante encanto del jazm\u00edn, este perfume irradia un brillo de feminidad. El lado misterioso de la mujer se expresa a trav\u00e9s del cacao ricamente perfumado, que se fusiona con la emoci\u00f3n del haba tonka, mientras que las notas de almendra y caf\u00e9 a\u00f1aden un toque audaz.<\/p>\n<ul>\n<li><strong><span dir=\"auto\">Notas de salida:<\/span><\/strong><span dir=\"auto\"> Almendra.<\/span><\/li>\n<li><strong><span dir=\"auto\">Notas de coraz\u00f3n:<\/span><\/strong><span dir=\"auto\"> jazm\u00edn sambac y nardo cristal.<\/span><\/li>\n<li><strong><span dir=\"auto\">Notas de fondo:<\/span><\/strong><span dir=\"auto\"> Haba tonka y cacao.<\/span><\/li>\n<\/ul>\n<p><strong>Inspiraci\u00f3n:<\/strong> Good Girl.<\/p>\n","protected":false},"excerpt":{"rendered":"<p>N\u00b0 126 GOOD GIRL Una fragancia atrevida y sofisticada inspirada en la dualidad de la mujer moderna. Una fragancia audaz<\/p>\n","protected":false},"featured_media":88905,"comment_status":"open","ping_status":"closed","template":"","meta":{"nf_dc_page":""},"product_brand":[],"product_cat":[84],"product_tag":[],"class_list":{"0":"post-88904","1":"product","2":"type-product","3":"status-publish","4":"has-post-thumbnail","6":"product_cat-perfumeria","8":"first","9":"outofstock","10":"shipping-taxable","11":"purchasable","12":"product-type-simple"},"_links":{"self":[{"href":"https:\/\/brandss.com.py\/index\/wp-json\/wp\/v2\/product\/88904","targetHints":{"allow":["GET"]}}],"collection":[{"href":"https:\/\/brandss.com.py\/index\/wp-json\/wp\/v2\/product"}],"about":[{"href":"https:\/\/brandss.com.py\/index\/wp-json\/wp\/v2\/types\/product"}],"replies":[{"embeddable":true,"href":"https:\/\/brandss.com.py\/index\/wp-json\/wp\/v2\/comments?post=88904"}],"version-history":[{"count":1,"href":"https:\/\/brandss.com.py\/index\/wp-json\/wp\/v2\/product\/88904\/revisions"}],"predecessor-version":[{"id":88909,"href":"https:\/\/brandss.com.py\/index\/wp-json\/wp\/v2\/product\/88904\/revisions\/88909"}],"wp:featuredmedia":[{"embeddable":true,"href":"https:\/\/brandss.com.py\/index\/wp-json\/wp\/v2\/media\/88905"}],"wp:attachment":[{"href":"https:\/\/brandss.com.py\/index\/wp-json\/wp\/v2\/media?parent=88904"}],"wp:term":[{"taxonomy":"product_brand","embeddable":true,"href":"https:\/\/brandss.com.py\/index\/wp-json\/wp\/v2\/product_brand?post=88904"},{"taxonomy":"product_cat","embeddable":true,"href":"https:\/\/brandss.com.py\/index\/wp-json\/wp\/v2\/product_cat?post=88904"},{"taxonomy":"product_tag","embeddable":true,"href":"https:\/\/brandss.com.py\/index\/wp-json\/wp\/v2\/product_tag?post=88904"}],"curies":[{"name":"wp","href":"https:\/\/api.w.org\/{rel}","templated":true}]}}