{"id":88911,"date":"2025-08-25T16:45:34","date_gmt":"2025-08-25T16:45:34","guid":{"rendered":"https:\/\/brandss.com.py\/index\/?post_type=product&#038;p=88911"},"modified":"2026-03-17T13:20:29","modified_gmt":"2026-03-17T13:20:29","slug":"perfume-femenino-vurv-anabell-edp-100ml","status":"publish","type":"product","link":"https:\/\/brandss.com.py\/index\/producto\/perfume-femenino-vurv-anabell-edp-100ml\/","title":{"rendered":"PERFUME FEMENINO VURV ANABELL EDP 100ML"},"content":{"rendered":"<p><img loading=\"lazy\" decoding=\"async\" class=\"\" src=\"https:\/\/www.parfumonline.ch\/media\/brand\/brand\/vurv.png\" alt=\"Vurv\" width=\"251\" height=\"135\" \/><\/p>\n<h1>ANABELLE AU DE PARFUM<\/h1>\n<p><strong data-start=\"566\" data-end=\"577\">Anabell<\/strong>, de Vurv, es una fragancia que encapsula la delicadeza y la fuerza interior de la mujer contempor\u00e1nea.<\/p>\n<p>Su dise\u00f1o refinado y femenino anuncia una experiencia sensual desde el primer vistazo: un frasco cuidadosamente elaborado con l\u00edneas sutiles y detalles elegantes que despiertan la curiosidad antes de revelar su contenido perfumado.<\/p>\n<p>Para la mujer que no necesita gritar para ser escuchada. Que camina con confianza, se expresa con calma, y deja un recuerdo tan inolvidable como sutil.<\/p>\n<p>Es ideal para quienes prefieren fragancias suaves, elegantes y envolventes, sin perder sofisticaci\u00f3n ni profundidad.<\/p>\n<p><img loading=\"lazy\" decoding=\"async\" class=\" wp-image-88912 alignleft\" src=\"https:\/\/brandss.com.py\/index\/wp-content\/uploads\/2025\/08\/WhatsApp-Image-2025-08-08-at-1.24.59-PM-400x287.jpeg\" alt=\"\" width=\"323\" height=\"232\" srcset=\"https:\/\/brandss.com.py\/index\/wp-content\/uploads\/2025\/08\/WhatsApp-Image-2025-08-08-at-1.24.59-PM-400x287.jpeg 400w, https:\/\/brandss.com.py\/index\/wp-content\/uploads\/2025\/08\/WhatsApp-Image-2025-08-08-at-1.24.59-PM-768x551.jpeg 768w, https:\/\/brandss.com.py\/index\/wp-content\/uploads\/2025\/08\/WhatsApp-Image-2025-08-08-at-1.24.59-PM-430x308.jpeg 430w, https:\/\/brandss.com.py\/index\/wp-content\/uploads\/2025\/08\/WhatsApp-Image-2025-08-08-at-1.24.59-PM-700x502.jpeg 700w, https:\/\/brandss.com.py\/index\/wp-content\/uploads\/2025\/08\/WhatsApp-Image-2025-08-08-at-1.24.59-PM-150x108.jpeg 150w, https:\/\/brandss.com.py\/index\/wp-content\/uploads\/2025\/08\/WhatsApp-Image-2025-08-08-at-1.24.59-PM.jpeg 841w\" sizes=\"auto, (max-width: 323px) 100vw, 323px\" \/><\/p>\n<p data-start=\"1099\" data-end=\"1378\"><strong data-start=\"1099\" data-end=\"1110\">Notas de Salida:<\/strong><br data-start=\"1110\" data-end=\"1113\" \/>Un delicado estallido de c\u00edtricos suaves y acordes verdes frescos, que despiertan los sentidos con una frescura limpia, natural y serena.<\/p>\n<p data-start=\"1382\" data-end=\"1702\"><strong data-start=\"1382\" data-end=\"1394\">Notas de Coraz\u00f3n:<\/strong><br data-start=\"1394\" data-end=\"1397\" \/>En el coraz\u00f3n florecen notas de flores blancas como el jazm\u00edn, el lirio de los valles y la gardenia, que aportan un car\u00e1cter femenino, rom\u00e1ntico y sofisticado.<\/p>\n<p data-start=\"1706\" data-end=\"1909\"><strong data-start=\"1706\" data-end=\"1716\">Notas de Fondo:<\/strong><br data-start=\"1716\" data-end=\"1719\" \/>El cierre perfecto lo da una base c\u00e1lida y aterciopelada de almizcle blanco, s\u00e1ndalo cremoso y un toque empolvado, que deja una estela suave, \u00edntima y persistentemente encantadora.<\/p>\n<p>&nbsp;<\/p>\n","protected":false},"excerpt":{"rendered":"<p>ANABELLE AU DE PARFUM Anabell, de Vurv, es una fragancia que encapsula la delicadeza y la fuerza interior de la<\/p>\n","protected":false},"featured_media":88913,"comment_status":"open","ping_status":"closed","template":"","meta":{"nf_dc_page":""},"product_brand":[785],"product_cat":[84],"product_tag":[835],"class_list":{"0":"post-88911","1":"product","2":"type-product","3":"status-publish","4":"has-post-thumbnail","6":"product_brand-vurv","7":"product_cat-perfumeria","8":"product_tag-835","10":"first","11":"instock","12":"shipping-taxable","13":"purchasable","14":"product-type-simple"},"_links":{"self":[{"href":"https:\/\/brandss.com.py\/index\/wp-json\/wp\/v2\/product\/88911","targetHints":{"allow":["GET"]}}],"collection":[{"href":"https:\/\/brandss.com.py\/index\/wp-json\/wp\/v2\/product"}],"about":[{"href":"https:\/\/brandss.com.py\/index\/wp-json\/wp\/v2\/types\/product"}],"replies":[{"embeddable":true,"href":"https:\/\/brandss.com.py\/index\/wp-json\/wp\/v2\/comments?post=88911"}],"version-history":[{"count":1,"href":"https:\/\/brandss.com.py\/index\/wp-json\/wp\/v2\/product\/88911\/revisions"}],"predecessor-version":[{"id":88916,"href":"https:\/\/brandss.com.py\/index\/wp-json\/wp\/v2\/product\/88911\/revisions\/88916"}],"wp:featuredmedia":[{"embeddable":true,"href":"https:\/\/brandss.com.py\/index\/wp-json\/wp\/v2\/media\/88913"}],"wp:attachment":[{"href":"https:\/\/brandss.com.py\/index\/wp-json\/wp\/v2\/media?parent=88911"}],"wp:term":[{"taxonomy":"product_brand","embeddable":true,"href":"https:\/\/brandss.com.py\/index\/wp-json\/wp\/v2\/product_brand?post=88911"},{"taxonomy":"product_cat","embeddable":true,"href":"https:\/\/brandss.com.py\/index\/wp-json\/wp\/v2\/product_cat?post=88911"},{"taxonomy":"product_tag","embeddable":true,"href":"https:\/\/brandss.com.py\/index\/wp-json\/wp\/v2\/product_tag?post=88911"}],"curies":[{"name":"wp","href":"https:\/\/api.w.org\/{rel}","templated":true}]}}