{"id":88936,"date":"2025-08-25T18:39:24","date_gmt":"2025-08-25T18:39:24","guid":{"rendered":"https:\/\/brandss.com.py\/index\/?post_type=product&#038;p=88936"},"modified":"2026-03-13T14:51:09","modified_gmt":"2026-03-13T14:51:09","slug":"perfume-masculino-acquadi-uomo-edt-100ml","status":"publish","type":"product","link":"https:\/\/brandss.com.py\/index\/producto\/perfume-masculino-acquadi-uomo-edt-100ml\/","title":{"rendered":"PERFUME MASCULINO ACQUADI UOMO EDT 100ML"},"content":{"rendered":"<p><img loading=\"lazy\" decoding=\"async\" class=\"\" src=\"https:\/\/fimgs.net\/mdimg\/dizajneri\/o.3218.jpg\" alt=\"AcquaD\u00ec Fragancias Y Colonias\" width=\"76\" height=\"57\" \/><\/p>\n<h1>UOMO<\/h1>\n<p>Si est\u00e1s buscando un perfume vers\u00e1til y sofisticado para usar en cualquier estaci\u00f3n del a\u00f1o, ACQUADI UOMO es la elecci\u00f3n perfecta. Su fragancia fresca y envolvente lo convierte en el complemento ideal para primavera, verano, oto\u00f1o e invierno. No dudes en a\u00f1adirlo a tu colecci\u00f3n y disfrutar de su aroma \u00fanico y duradero en cada ocasi\u00f3n.<\/p>\n<p>Con una fragancia fresca y envolvente, UOMO es ideal para hombres que buscan destacar su personalidad y elegancia en todo momento. Su aroma \u00fanico y duradero lo convierte en la elecci\u00f3n perfecta para aquellos que desean dejar una impresi\u00f3n inolvidable.<\/p>\n<p>&nbsp;<\/p>\n<h3>Notas Olfativas<\/h3>\n<p>&nbsp;<\/p>\n<p><span dir=\"auto\">Transparente y embriagador, como la espuma del mar. <\/span><span dir=\"auto\">Fresco y vivaz, es un destello de energ\u00eda realzado por un precioso acorde salado de notas marinas, florales y amaderadas.<\/span><\/p>\n<p><strong><span dir=\"auto\">Nota de salida:<\/span><\/strong><span dir=\"auto\"> lima, notas marinas.<\/span><br \/>\n<strong><span dir=\"auto\">Nota de coraz\u00f3n:<\/span><\/strong><span dir=\"auto\"> jazm\u00edn, musgo de roble.<\/span><br \/>\n<strong><span dir=\"auto\">Nota de base:<\/span><\/strong><span dir=\"auto\"> \u00e1mbar gris, cedro blanco.<\/span><\/p>\n","protected":false},"excerpt":{"rendered":"<p>UOMO Si est\u00e1s buscando un perfume vers\u00e1til y sofisticado para usar en cualquier estaci\u00f3n del a\u00f1o, ACQUADI UOMO es la<\/p>\n","protected":false},"featured_media":88937,"comment_status":"open","ping_status":"closed","template":"","meta":{"nf_dc_page":""},"product_brand":[2036],"product_cat":[84],"product_tag":[],"class_list":{"0":"post-88936","1":"product","2":"type-product","3":"status-publish","4":"has-post-thumbnail","6":"product_brand-acquadi","7":"product_cat-perfumeria","9":"first","10":"outofstock","11":"shipping-taxable","12":"purchasable","13":"product-type-simple"},"_links":{"self":[{"href":"https:\/\/brandss.com.py\/index\/wp-json\/wp\/v2\/product\/88936","targetHints":{"allow":["GET"]}}],"collection":[{"href":"https:\/\/brandss.com.py\/index\/wp-json\/wp\/v2\/product"}],"about":[{"href":"https:\/\/brandss.com.py\/index\/wp-json\/wp\/v2\/types\/product"}],"replies":[{"embeddable":true,"href":"https:\/\/brandss.com.py\/index\/wp-json\/wp\/v2\/comments?post=88936"}],"version-history":[{"count":1,"href":"https:\/\/brandss.com.py\/index\/wp-json\/wp\/v2\/product\/88936\/revisions"}],"predecessor-version":[{"id":88939,"href":"https:\/\/brandss.com.py\/index\/wp-json\/wp\/v2\/product\/88936\/revisions\/88939"}],"wp:featuredmedia":[{"embeddable":true,"href":"https:\/\/brandss.com.py\/index\/wp-json\/wp\/v2\/media\/88937"}],"wp:attachment":[{"href":"https:\/\/brandss.com.py\/index\/wp-json\/wp\/v2\/media?parent=88936"}],"wp:term":[{"taxonomy":"product_brand","embeddable":true,"href":"https:\/\/brandss.com.py\/index\/wp-json\/wp\/v2\/product_brand?post=88936"},{"taxonomy":"product_cat","embeddable":true,"href":"https:\/\/brandss.com.py\/index\/wp-json\/wp\/v2\/product_cat?post=88936"},{"taxonomy":"product_tag","embeddable":true,"href":"https:\/\/brandss.com.py\/index\/wp-json\/wp\/v2\/product_tag?post=88936"}],"curies":[{"name":"wp","href":"https:\/\/api.w.org\/{rel}","templated":true}]}}