{"id":88945,"date":"2025-08-25T19:17:15","date_gmt":"2025-08-25T19:17:15","guid":{"rendered":"https:\/\/brandss.com.py\/index\/?post_type=product&#038;p=88945"},"modified":"2026-03-13T14:51:09","modified_gmt":"2026-03-13T14:51:09","slug":"perfume-femenino-acquadi-shine-edt-100ml","status":"publish","type":"product","link":"https:\/\/brandss.com.py\/index\/producto\/perfume-femenino-acquadi-shine-edt-100ml\/","title":{"rendered":"PERFUME FEMENINO ACQUADI SHINE EDT 100ML"},"content":{"rendered":"<p><img loading=\"lazy\" decoding=\"async\" class=\"\" src=\"https:\/\/fimgs.net\/mdimg\/dizajneri\/o.3218.jpg\" alt=\"AcquaD\u00ec Fragancias Y Colonias\" width=\"75\" height=\"56\" \/><\/p>\n<h1>SHINE<\/h1>\n<p>Es una fragancia fresca y chispeante inspirada en la belleza del mar. La fragancia forma parte de la colecci\u00f3n Acquadi y te da una sensaci\u00f3n de libertad y ligereza.<\/p>\n<p>Shine es una fragancia perfecta para mujeres que buscan una fragancia fresca y chispeante que las acompa\u00f1e durante todo el d\u00eda. Perfecta para el uso diario o para ocasiones especiales, la fragancia te har\u00e1 lucir radiante y segura. La fragancia se presenta en un bote de 100ml con vaporizador, pr\u00e1ctico y f\u00e1cil de usar.<\/p>\n<h3>Notas Olfativas<\/h3>\n<p>La fragancia se abre con una nota de cabeza de frutas c\u00edtricas frescas como bergamota, lim\u00f3n y mandarina, creando una atm\u00f3sfera vigorizante y refrescante. La nota de coraz\u00f3n se compone de una combinaci\u00f3n de flor de loto, fresia y jazm\u00edn, que aportan a la fragancia un toque floral y femenino. La nota base es una combinaci\u00f3n de almizcle blanco y ambrox que terminan la fragancia con una nota c\u00e1lida y sensual.<\/p>\n<p><strong>&#8211; Notas de salida:<\/strong> Bergamota, lim\u00f3n y mandarina.<br \/>\n<strong>&#8211; Notas de coraz\u00f3n:<\/strong> Flor de loto, fresia y jazm\u00edn.<br \/>\n<strong>&#8211; Notas de fondo:<\/strong> Almizcle blanco y ambrox.<\/p>\n","protected":false},"excerpt":{"rendered":"<p>SHINE Es una fragancia fresca y chispeante inspirada en la belleza del mar. La fragancia forma parte de la colecci\u00f3n<\/p>\n","protected":false},"featured_media":88946,"comment_status":"open","ping_status":"closed","template":"","meta":{"nf_dc_page":""},"product_brand":[2036],"product_cat":[84],"product_tag":[],"class_list":{"0":"post-88945","1":"product","2":"type-product","3":"status-publish","4":"has-post-thumbnail","6":"product_brand-acquadi","7":"product_cat-perfumeria","9":"first","10":"outofstock","11":"shipping-taxable","12":"purchasable","13":"product-type-simple"},"_links":{"self":[{"href":"https:\/\/brandss.com.py\/index\/wp-json\/wp\/v2\/product\/88945","targetHints":{"allow":["GET"]}}],"collection":[{"href":"https:\/\/brandss.com.py\/index\/wp-json\/wp\/v2\/product"}],"about":[{"href":"https:\/\/brandss.com.py\/index\/wp-json\/wp\/v2\/types\/product"}],"replies":[{"embeddable":true,"href":"https:\/\/brandss.com.py\/index\/wp-json\/wp\/v2\/comments?post=88945"}],"version-history":[{"count":1,"href":"https:\/\/brandss.com.py\/index\/wp-json\/wp\/v2\/product\/88945\/revisions"}],"predecessor-version":[{"id":88948,"href":"https:\/\/brandss.com.py\/index\/wp-json\/wp\/v2\/product\/88945\/revisions\/88948"}],"wp:featuredmedia":[{"embeddable":true,"href":"https:\/\/brandss.com.py\/index\/wp-json\/wp\/v2\/media\/88946"}],"wp:attachment":[{"href":"https:\/\/brandss.com.py\/index\/wp-json\/wp\/v2\/media?parent=88945"}],"wp:term":[{"taxonomy":"product_brand","embeddable":true,"href":"https:\/\/brandss.com.py\/index\/wp-json\/wp\/v2\/product_brand?post=88945"},{"taxonomy":"product_cat","embeddable":true,"href":"https:\/\/brandss.com.py\/index\/wp-json\/wp\/v2\/product_cat?post=88945"},{"taxonomy":"product_tag","embeddable":true,"href":"https:\/\/brandss.com.py\/index\/wp-json\/wp\/v2\/product_tag?post=88945"}],"curies":[{"name":"wp","href":"https:\/\/api.w.org\/{rel}","templated":true}]}}