{"id":88953,"date":"2025-08-26T11:38:29","date_gmt":"2025-08-26T11:38:29","guid":{"rendered":"https:\/\/brandss.com.py\/index\/?post_type=product&#038;p=88953"},"modified":"2025-08-26T11:39:37","modified_gmt":"2025-08-26T11:39:37","slug":"perfume-femenino-acquadi-girlfriend-edt-100ml","status":"publish","type":"product","link":"https:\/\/brandss.com.py\/index\/producto\/perfume-femenino-acquadi-girlfriend-edt-100ml\/","title":{"rendered":"PERFUME FEMENINO ACQUADI GIRLFRIEND EDT 100ML"},"content":{"rendered":"<p><img loading=\"lazy\" decoding=\"async\" class=\"\" src=\"https:\/\/fimgs.net\/mdimg\/dizajneri\/o.3218.jpg\" alt=\"AcquaD\u00ec Fragancias Y Colonias\" width=\"100\" height=\"75\" \/><\/p>\n<h1>GIRLFRIEND<\/h1>\n<p>Dise\u00f1ada para la mujer que ama descubrir nuevas facetas de s\u00ed misma, la fragancia AcquaDi Girlfriend es una composici\u00f3n misteriosa y sofisticada que combina motivos florales y orientales. Ligera pero sensual, esta eau de toilette te sumerge en la c\u00e1lida atm\u00f3sfera de Italia, donde el sol besa la costa del mar y el aire se llena del suave aroma de jardines en flor. AcquaDi Girlfriend es m\u00e1s que una fragancia; ofrece nuevas experiencias y emociones.<\/p>\n<p>&nbsp;<\/p>\n<h3>Notas Olfativas<\/h3>\n<p>&nbsp;<\/p>\n<p>La composici\u00f3n comienza con un d\u00fao vibrante de bergamota dulce y fresca y flor de azahar, proporcionando una suave frescura c\u00edtrica. Su ternura se complementa con un delicado acorde de almendra, que a\u00f1ade una suave dulzura a nuez a la fragancia y crea una transici\u00f3n suave hacia las notas de coraz\u00f3n. En el coraz\u00f3n\u00a0se encuentran acordes c\u00e1lidos y sensuales de \u00e1mbar y jazm\u00edn, que elaboran una mezcla armoniosa de flores suaves y notas orientales c\u00e1lidas. Un ex\u00f3tico almizcle completa esta etapa, envolviendo la composici\u00f3n con un aura sensual pero et\u00e9rea que captura y mantiene la atenci\u00f3n.<\/p>\n<p>Las notas finales\u00a0revelan acentos dulces de vainilla y haba tonka, que se fusionan perfectamente con los matices amaderados del s\u00e1ndalo. La c\u00e1lida profundidad de la fragancia perdura en la piel durante mucho tiempo, dejando una agradable sensaci\u00f3n de plenitud y armon\u00eda.<\/p>\n<p>Acquadi Girlfriend es una fragancia femenina que encarna la esencia de la elegancia , la seducci\u00f3n y la modernidad.<\/p>\n<p><strong>Familia olfativa:\u00a0<\/strong>floral, orientales.<\/p>\n<p><strong>Notas de salida: <\/strong>almendra, caf\u00e9, bergamota, lim\u00f3n.<br \/>\n<strong>Notas de coraz\u00f3n:<\/strong> jazm\u00edn, flor de naranjo, sambac, nardos, iris, rosa de Bulgaria.<br \/>\n<strong>Notas de fondo:<\/strong> cacao, vainilla, haba tonka, pralin\u00e9, canela, cedro, madera de cachemira, pachul\u00ed, \u00e1mbar y almizcle.<\/p>\n","protected":false},"excerpt":{"rendered":"<p>GIRLFRIEND Dise\u00f1ada para la mujer que ama descubrir nuevas facetas de s\u00ed misma, la fragancia AcquaDi Girlfriend es una composici\u00f3n<\/p>\n","protected":false},"featured_media":88954,"comment_status":"open","ping_status":"closed","template":"","meta":{"nf_dc_page":""},"product_brand":[],"product_cat":[84],"product_tag":[],"class_list":{"0":"post-88953","1":"product","2":"type-product","3":"status-publish","4":"has-post-thumbnail","6":"product_cat-perfumeria","8":"first","9":"outofstock","10":"shipping-taxable","11":"purchasable","12":"product-type-simple"},"_links":{"self":[{"href":"https:\/\/brandss.com.py\/index\/wp-json\/wp\/v2\/product\/88953","targetHints":{"allow":["GET"]}}],"collection":[{"href":"https:\/\/brandss.com.py\/index\/wp-json\/wp\/v2\/product"}],"about":[{"href":"https:\/\/brandss.com.py\/index\/wp-json\/wp\/v2\/types\/product"}],"replies":[{"embeddable":true,"href":"https:\/\/brandss.com.py\/index\/wp-json\/wp\/v2\/comments?post=88953"}],"version-history":[{"count":1,"href":"https:\/\/brandss.com.py\/index\/wp-json\/wp\/v2\/product\/88953\/revisions"}],"predecessor-version":[{"id":88956,"href":"https:\/\/brandss.com.py\/index\/wp-json\/wp\/v2\/product\/88953\/revisions\/88956"}],"wp:featuredmedia":[{"embeddable":true,"href":"https:\/\/brandss.com.py\/index\/wp-json\/wp\/v2\/media\/88954"}],"wp:attachment":[{"href":"https:\/\/brandss.com.py\/index\/wp-json\/wp\/v2\/media?parent=88953"}],"wp:term":[{"taxonomy":"product_brand","embeddable":true,"href":"https:\/\/brandss.com.py\/index\/wp-json\/wp\/v2\/product_brand?post=88953"},{"taxonomy":"product_cat","embeddable":true,"href":"https:\/\/brandss.com.py\/index\/wp-json\/wp\/v2\/product_cat?post=88953"},{"taxonomy":"product_tag","embeddable":true,"href":"https:\/\/brandss.com.py\/index\/wp-json\/wp\/v2\/product_tag?post=88953"}],"curies":[{"name":"wp","href":"https:\/\/api.w.org\/{rel}","templated":true}]}}