{"id":88964,"date":"2025-08-26T14:14:32","date_gmt":"2025-08-26T14:14:32","guid":{"rendered":"https:\/\/brandss.com.py\/index\/?post_type=product&#038;p=88964"},"modified":"2025-11-24T10:54:02","modified_gmt":"2025-11-24T10:54:02","slug":"gel-limpiador-facial-clinians-acido-glicolico-150ml","status":"publish","type":"product","link":"https:\/\/brandss.com.py\/index\/producto\/gel-limpiador-facial-clinians-acido-glicolico-150ml\/","title":{"rendered":"GEL LIMPIADOR FACIAL CLINIANS \u00c1CIDO GLIC\u00d3LICO 150ML"},"content":{"rendered":"<p><img loading=\"lazy\" decoding=\"async\" class=\"\" src=\"https:\/\/clinians.it\/wp-content\/uploads\/2023\/04\/logo-clinias.jpg\" alt=\"Clinians\" width=\"166\" height=\"47\" \/><\/p>\n<h1>\u00c1CIDO GLIC\u00d3LICO<\/h1>\n<p><span dir=\"auto\">\u00a1Para una piel facial radiante y suave! Experimente un tratamiento de limpieza profunda para pieles apagadas, p\u00e1lidas y secas con el Gel Limpiador Facial Clinians con 3% de \u00c1cido Glic\u00f3lico. Esta eficaz f\u00f3rmula elimina suavemente las impurezas, el exceso de sebo y los residuos de maquillaje, a la vez que estimula la renovaci\u00f3n celular. La piel luce visiblemente m\u00e1s suave, fresca y radiante\u00a0<\/span><span dir=\"auto\">.<\/span><\/p>\n<p><span dir=\"auto\">Enriquecido con aloe vera calmante, agua de rosas nutritiva, extractos de aciano y hamamelis, este gel limpiador es ideal para uso diario. Su f\u00f3rmula dermatol\u00f3gicamente probada garantiza una tez impecable y prepara la piel de forma \u00f3ptima para los productos de cuidado posteriores.<\/span><\/p>\n<p><strong><span dir=\"auto\">Las ventajas del producto de un vistazo:<\/span><\/strong><\/p>\n<ul>\n<li><span dir=\"auto\">Limpieza eficaz para pieles apagadas, secas o con impurezas.<\/span><\/li>\n<li><span dir=\"auto\">Con 3% de \u00e1cido glic\u00f3lico para promover la renovaci\u00f3n de la piel.<\/span><\/li>\n<li><span dir=\"auto\">Elimina de forma fiable los residuos de maquillaje y las impurezas.<\/span><\/li>\n<li><span dir=\"auto\">Ingredientes calmantes: Aloe vera, agua de rosas, aciano y hamamelis.<\/span><\/li>\n<\/ul>\n<h3><span dir=\"auto\">Caracter\u00edsticas principales<\/span><\/h3>\n<ul>\n<li><span dir=\"auto\">Limpia en profundidad y elimina los residuos de maquillaje.<\/span><\/li>\n<li><span dir=\"auto\">Estimula la renovaci\u00f3n celular<\/span><\/li>\n<li><span dir=\"auto\">Ideal para piel seca<\/span><\/li>\n<li><span dir=\"auto\">Adecuado para uso diario.<\/span><\/li>\n<li><span dir=\"auto\">Dermatol\u00f3gicamente probado<\/span><\/li>\n<\/ul>\n<h3><span dir=\"auto\">Modo de uso<\/span><\/h3>\n<ul>\n<li><span dir=\"auto\">Aplicar sobre el rostro h\u00famedo por la ma\u00f1ana y por la noche, masajear suavemente y dejar actuar unos minutos. A continuaci\u00f3n, enjuagar bien con agua tibia.<\/span><\/li>\n<li><span dir=\"auto\">Nota del fabricante:<\/span><span dir=\"auto\">\u00a0Aplicar una crema de d\u00eda con factor de protecci\u00f3n solar (FPS 20 como m\u00ednimo) por la ma\u00f1ana. Evitar la exposici\u00f3n directa al sol durante la aplicaci\u00f3n.<\/span><\/li>\n<li><span dir=\"auto\">Para obtener resultados \u00f3ptimos, el gel limpiador se puede\u00a0utilizar junto con el\u00a0<\/span><span dir=\"auto\">s\u00e9rum<\/span><span dir=\"auto\">\u00a0o la\u00a0<\/span><span dir=\"auto\">crema antiedad de la l\u00ednea.<\/span><\/li>\n<\/ul>\n<h3><span dir=\"auto\">Aviso<\/span><\/h3>\n<p><span dir=\"auto\">No aplicar sobre piel sensible, da\u00f1ada o irritada. Evitar el contacto directo con los ojos y las mucosas. En caso de contacto con los ojos y las mucosas, enjuagar con abundante agua.<\/span><\/p>\n<h3><span dir=\"auto\">Datos<\/span><\/h3>\n<ul>\n<li><span dir=\"auto\">Contenido: 150 ml.<\/span><\/li>\n<\/ul>\n","protected":false},"excerpt":{"rendered":"<p>\u00c1CIDO GLIC\u00d3LICO \u00a1Para una piel facial radiante y suave! Experimente un tratamiento de limpieza profunda para pieles apagadas, p\u00e1lidas y<\/p>\n","protected":false},"featured_media":88965,"comment_status":"open","ping_status":"closed","template":"","meta":{"nf_dc_page":""},"product_brand":[1442],"product_cat":[104],"product_tag":[1440],"class_list":{"0":"post-88964","1":"product","2":"type-product","3":"status-publish","4":"has-post-thumbnail","6":"product_brand-clinians","7":"product_cat-skin-care","8":"product_tag-1440","10":"first","11":"instock","12":"shipping-taxable","13":"purchasable","14":"product-type-simple"},"_links":{"self":[{"href":"https:\/\/brandss.com.py\/index\/wp-json\/wp\/v2\/product\/88964","targetHints":{"allow":["GET"]}}],"collection":[{"href":"https:\/\/brandss.com.py\/index\/wp-json\/wp\/v2\/product"}],"about":[{"href":"https:\/\/brandss.com.py\/index\/wp-json\/wp\/v2\/types\/product"}],"replies":[{"embeddable":true,"href":"https:\/\/brandss.com.py\/index\/wp-json\/wp\/v2\/comments?post=88964"}],"version-history":[{"count":1,"href":"https:\/\/brandss.com.py\/index\/wp-json\/wp\/v2\/product\/88964\/revisions"}],"predecessor-version":[{"id":88967,"href":"https:\/\/brandss.com.py\/index\/wp-json\/wp\/v2\/product\/88964\/revisions\/88967"}],"wp:featuredmedia":[{"embeddable":true,"href":"https:\/\/brandss.com.py\/index\/wp-json\/wp\/v2\/media\/88965"}],"wp:attachment":[{"href":"https:\/\/brandss.com.py\/index\/wp-json\/wp\/v2\/media?parent=88964"}],"wp:term":[{"taxonomy":"product_brand","embeddable":true,"href":"https:\/\/brandss.com.py\/index\/wp-json\/wp\/v2\/product_brand?post=88964"},{"taxonomy":"product_cat","embeddable":true,"href":"https:\/\/brandss.com.py\/index\/wp-json\/wp\/v2\/product_cat?post=88964"},{"taxonomy":"product_tag","embeddable":true,"href":"https:\/\/brandss.com.py\/index\/wp-json\/wp\/v2\/product_tag?post=88964"}],"curies":[{"name":"wp","href":"https:\/\/api.w.org\/{rel}","templated":true}]}}