{"id":88983,"date":"2025-08-26T18:26:27","date_gmt":"2025-08-26T18:26:27","guid":{"rendered":"https:\/\/brandss.com.py\/index\/?post_type=product&#038;p=88983"},"modified":"2026-03-14T14:09:54","modified_gmt":"2026-03-14T14:09:54","slug":"perfume-femenino-lpdo-rose-sensuelle-edpi-100ml","status":"publish","type":"product","link":"https:\/\/brandss.com.py\/index\/producto\/perfume-femenino-lpdo-rose-sensuelle-edpi-100ml\/","title":{"rendered":"PERFUME FEMENINO LPDO ROSE SENSUELLE EDPI 100ML"},"content":{"rendered":"<p><img loading=\"lazy\" decoding=\"async\" class=\"\" src=\"https:\/\/m.media-amazon.com\/images\/S\/aplus-media-library-service-media\/8dfd1e96-362f-4544-8bde-fdf4eec55ebe.__CR0,0,970,300_PT0_SX970_V1___.png\" alt=\"Amazon.com: LPDO Jardin Imp\u00e9rial EDP Perfume Unisex 3.4 fl oz \u2013 Notas  C\u00edtricas de Lim\u00f3n Siciliano y Bergamota \u2013 El coraz\u00f3n estructura los sabores  de las frutas mediterr\u00e1neas \u2013 Base fresca con\" width=\"142\" height=\"44\" \/><\/p>\n<h1>ROSE SENSUELLE<\/h1>\n<p>Una fragancia seductora que crea la armon\u00eda perfecta entre la delicadeza de la rosa y la energ\u00eda envolvente del almizcle. Una fragancia donde las rosas m\u00e1s puras y preciadas se armonizan magistralmente con el delicado almizcle blanco, para luego ofrecer un toque seductor y sensual con notas de \u00e1mbar y jazm\u00edn. Un homenaje a la delicada elegancia femenina.<\/p>\n<p><img loading=\"lazy\" decoding=\"async\" class=\"alignleft\" src=\"https:\/\/liquidomanduria.it\/cdn\/shop\/files\/Progetto_senza_titolo_99.jpg?v=1755256298\" alt=\"LPDO ROSE SENSUELLE - Eau de Parfum Intense 100ML \u2013 Liquid\u00f2\" width=\"289\" height=\"289\" \/><\/p>\n<h3>Notas Olfativas<\/h3>\n<p>El perfume LPDO Rose Sensuelle es una fragancia de la familia olfativa floral para mujeres.\u00a0Con una concentraci\u00f3n del tipo Eau de Parfum Intense, ofrece una intensidad arom\u00e1tica excepcionalmente alta y de larga duraci\u00f3n sobre la piel. Sus notas est\u00e1n compuestas por los siguientes ingredientes:<\/p>\n<ul>\n<li><span><strong>Notas de salida:\u00a0<\/strong>Esencia de rosa.\n<p><\/span><\/li>\n<li><span><strong>Notas de coraz\u00f3n:\u00a0<\/strong>Rosa absoluta y jazm\u00edn.\n<p><\/span><\/li>\n<li><span><strong>Notas de fondo:<\/strong><strong>\u00a0<\/strong>Almizcle y \u00e1mbar.<\/span><\/li>\n<\/ul>\n","protected":false},"excerpt":{"rendered":"<p>ROSE SENSUELLE Una fragancia seductora que crea la armon\u00eda perfecta entre la delicadeza de la rosa y la energ\u00eda envolvente<\/p>\n","protected":false},"featured_media":88985,"comment_status":"open","ping_status":"closed","template":"","meta":{"nf_dc_page":""},"product_brand":[2100],"product_cat":[84],"product_tag":[3138],"class_list":{"0":"post-88983","1":"product","2":"type-product","3":"status-publish","4":"has-post-thumbnail","6":"product_brand-lpdo","7":"product_cat-perfumeria","8":"product_tag-3138","10":"first","11":"outofstock","12":"shipping-taxable","13":"purchasable","14":"product-type-simple"},"_links":{"self":[{"href":"https:\/\/brandss.com.py\/index\/wp-json\/wp\/v2\/product\/88983","targetHints":{"allow":["GET"]}}],"collection":[{"href":"https:\/\/brandss.com.py\/index\/wp-json\/wp\/v2\/product"}],"about":[{"href":"https:\/\/brandss.com.py\/index\/wp-json\/wp\/v2\/types\/product"}],"replies":[{"embeddable":true,"href":"https:\/\/brandss.com.py\/index\/wp-json\/wp\/v2\/comments?post=88983"}],"version-history":[{"count":2,"href":"https:\/\/brandss.com.py\/index\/wp-json\/wp\/v2\/product\/88983\/revisions"}],"predecessor-version":[{"id":88990,"href":"https:\/\/brandss.com.py\/index\/wp-json\/wp\/v2\/product\/88983\/revisions\/88990"}],"wp:featuredmedia":[{"embeddable":true,"href":"https:\/\/brandss.com.py\/index\/wp-json\/wp\/v2\/media\/88985"}],"wp:attachment":[{"href":"https:\/\/brandss.com.py\/index\/wp-json\/wp\/v2\/media?parent=88983"}],"wp:term":[{"taxonomy":"product_brand","embeddable":true,"href":"https:\/\/brandss.com.py\/index\/wp-json\/wp\/v2\/product_brand?post=88983"},{"taxonomy":"product_cat","embeddable":true,"href":"https:\/\/brandss.com.py\/index\/wp-json\/wp\/v2\/product_cat?post=88983"},{"taxonomy":"product_tag","embeddable":true,"href":"https:\/\/brandss.com.py\/index\/wp-json\/wp\/v2\/product_tag?post=88983"}],"curies":[{"name":"wp","href":"https:\/\/api.w.org\/{rel}","templated":true}]}}