{"id":88984,"date":"2025-08-27T11:05:43","date_gmt":"2025-08-27T11:05:43","guid":{"rendered":"https:\/\/brandss.com.py\/index\/?post_type=product&#038;p=88984"},"modified":"2026-03-17T13:28:47","modified_gmt":"2026-03-17T13:28:47","slug":"perfume-femenino-vurv-enora-rouge-edp-100ml","status":"publish","type":"product","link":"https:\/\/brandss.com.py\/index\/producto\/perfume-femenino-vurv-enora-rouge-edp-100ml\/","title":{"rendered":"PERFUME FEMENINO VURV ENORA ROUGE EDP 100ML"},"content":{"rendered":"<p><img loading=\"lazy\" decoding=\"async\" class=\"\" src=\"https:\/\/www.parfumonline.ch\/media\/brand\/brand\/vurv.png\" alt=\"Vurv\" width=\"286\" height=\"153\" \/><\/p>\n<h1>ENORA ROUGE EAU DE PARFUM<\/h1>\n<p>Enora Rouge Edp de Vurv es una fragancia de la familia olfativa Almizcle Floral Amaderado para Mujeres.<\/p>\n<p>Las Notas de Salida son iris y rosa de Bulgaria; las Notas de Coraz\u00f3n son almizcle, nardos y flor de azahar del naranjo; las Notas de Fondo son haba tonka, vainilla, extracto de cedro blanco, cedro, s\u00e1ndalo y vetiver.<\/p>\n<p>Estas esencias son un complemento perfecto para una fragancia llamativa, sutil y con car\u00e1cter.<img loading=\"lazy\" decoding=\"async\" class=\" wp-image-89005 alignleft\" src=\"https:\/\/brandss.com.py\/index\/wp-content\/uploads\/2025\/08\/WhatsApp-Image-2025-08-08-at-1.24.55-PM-1-400x287.jpeg\" alt=\"\" width=\"348\" height=\"250\" srcset=\"https:\/\/brandss.com.py\/index\/wp-content\/uploads\/2025\/08\/WhatsApp-Image-2025-08-08-at-1.24.55-PM-1-400x287.jpeg 400w, https:\/\/brandss.com.py\/index\/wp-content\/uploads\/2025\/08\/WhatsApp-Image-2025-08-08-at-1.24.55-PM-1-768x551.jpeg 768w, https:\/\/brandss.com.py\/index\/wp-content\/uploads\/2025\/08\/WhatsApp-Image-2025-08-08-at-1.24.55-PM-1-430x308.jpeg 430w, https:\/\/brandss.com.py\/index\/wp-content\/uploads\/2025\/08\/WhatsApp-Image-2025-08-08-at-1.24.55-PM-1-700x502.jpeg 700w, https:\/\/brandss.com.py\/index\/wp-content\/uploads\/2025\/08\/WhatsApp-Image-2025-08-08-at-1.24.55-PM-1-150x108.jpeg 150w, https:\/\/brandss.com.py\/index\/wp-content\/uploads\/2025\/08\/WhatsApp-Image-2025-08-08-at-1.24.55-PM-1.jpeg 841w\" sizes=\"auto, (max-width: 348px) 100vw, 348px\" \/><\/p>\n<p>Los acordes de almizcle mezclado con las notas florales consiguen un aroma intenso y muy femenino que hace que te sientas segura y con un gran poder de atracci\u00f3n.<\/p>\n<p>Esta fragancia busca despertar la pasi\u00f3n que toda mujer lleva por dentro, un aroma m\u00e1gico, intenso, confiado y seductor.<\/p>\n<p>Es misteriosa, atrevida, llena de pasi\u00f3n, que viste de un rojo intenso y ba\u00f1a la piel de la mujer de la manera m\u00e1s precisa, m\u00e1gica y sensual!<\/p>\n<p>&nbsp;<\/p>\n<p>&nbsp;<\/p>\n","protected":false},"excerpt":{"rendered":"<p>ENORA ROUGE EAU DE PARFUM Enora Rouge Edp de Vurv es una fragancia de la familia olfativa Almizcle Floral Amaderado<\/p>\n","protected":false},"featured_media":89006,"comment_status":"open","ping_status":"closed","template":"","meta":{"nf_dc_page":""},"product_brand":[785],"product_cat":[84],"product_tag":[880],"class_list":{"0":"post-88984","1":"product","2":"type-product","3":"status-publish","4":"has-post-thumbnail","6":"product_brand-vurv","7":"product_cat-perfumeria","8":"product_tag-880","10":"first","11":"instock","12":"shipping-taxable","13":"purchasable","14":"product-type-simple"},"_links":{"self":[{"href":"https:\/\/brandss.com.py\/index\/wp-json\/wp\/v2\/product\/88984","targetHints":{"allow":["GET"]}}],"collection":[{"href":"https:\/\/brandss.com.py\/index\/wp-json\/wp\/v2\/product"}],"about":[{"href":"https:\/\/brandss.com.py\/index\/wp-json\/wp\/v2\/types\/product"}],"replies":[{"embeddable":true,"href":"https:\/\/brandss.com.py\/index\/wp-json\/wp\/v2\/comments?post=88984"}],"version-history":[{"count":1,"href":"https:\/\/brandss.com.py\/index\/wp-json\/wp\/v2\/product\/88984\/revisions"}],"predecessor-version":[{"id":89010,"href":"https:\/\/brandss.com.py\/index\/wp-json\/wp\/v2\/product\/88984\/revisions\/89010"}],"wp:featuredmedia":[{"embeddable":true,"href":"https:\/\/brandss.com.py\/index\/wp-json\/wp\/v2\/media\/89006"}],"wp:attachment":[{"href":"https:\/\/brandss.com.py\/index\/wp-json\/wp\/v2\/media?parent=88984"}],"wp:term":[{"taxonomy":"product_brand","embeddable":true,"href":"https:\/\/brandss.com.py\/index\/wp-json\/wp\/v2\/product_brand?post=88984"},{"taxonomy":"product_cat","embeddable":true,"href":"https:\/\/brandss.com.py\/index\/wp-json\/wp\/v2\/product_cat?post=88984"},{"taxonomy":"product_tag","embeddable":true,"href":"https:\/\/brandss.com.py\/index\/wp-json\/wp\/v2\/product_tag?post=88984"}],"curies":[{"name":"wp","href":"https:\/\/api.w.org\/{rel}","templated":true}]}}