{"id":88992,"date":"2025-08-26T19:05:12","date_gmt":"2025-08-26T19:05:12","guid":{"rendered":"https:\/\/brandss.com.py\/index\/?post_type=product&#038;p=88992"},"modified":"2026-03-14T14:10:23","modified_gmt":"2026-03-14T14:10:23","slug":"perfume-unisex-lpdo-royal-tiare-edpi-100ml","status":"publish","type":"product","link":"https:\/\/brandss.com.py\/index\/producto\/perfume-unisex-lpdo-royal-tiare-edpi-100ml\/","title":{"rendered":"PERFUME UNISEX LPDO ROYAL TIAR\u00c9 EDPI 100ML"},"content":{"rendered":"<p><img loading=\"lazy\" decoding=\"async\" class=\"\" src=\"https:\/\/m.media-amazon.com\/images\/S\/aplus-media-library-service-media\/8dfd1e96-362f-4544-8bde-fdf4eec55ebe.__CR0,0,970,300_PT0_SX970_V1___.png\" alt=\"Amazon.com: LPDO Jardin Imp\u00e9rial EDP Perfume Unisex 3.4 fl oz \u2013 Notas  C\u00edtricas de Lim\u00f3n Siciliano y Bergamota \u2013 El coraz\u00f3n estructura los sabores  de las frutas mediterr\u00e1neas \u2013 Base fresca con\" width=\"184\" height=\"57\" \/><\/p>\n<h1>ROYAL TIAR\u00c9<\/h1>\n<p>Es una experiencia ex\u00f3tica suave e intensa. <span dir=\"auto\">ROYAL TIAR\u00c9<\/span><span dir=\"auto\"> es una fragancia rica, armoniosa, intensa y cautivadora. Una magn\u00edfica combinaci\u00f3n con intensas notas, que ofrece <\/span><span dir=\"auto\">una experiencia ex\u00f3tica inolvidable.<\/span><\/p>\n<p><img loading=\"lazy\" decoding=\"async\" class=\"alignleft\" src=\"https:\/\/lambre.ro\/wp-content\/uploads\/2021\/09\/Royal-Tiare-1.jpg\" width=\"355\" height=\"417\" \/><\/p>\n<h3>Notas Olfativas<\/h3>\n<p>&nbsp;<\/p>\n<p>La composici\u00f3n se abre con notas de salida que presentan la sublime e inconfundible uni\u00f3n del ylang-ylang y la pimienta negra.<\/p>\n<p>El coraz\u00f3n, floral y vivaz, engloba la delicadeza del lirio de los valles y la riqueza de la rosa, la fuerza del clavel y la elegancia del jazm\u00edn.<\/p>\n<p>El fondo de vainilla, almizcle blanco, \u00e1mbar y madera de cedro aporta armon\u00eda y frescor a esta fragancia ex\u00f3tica.<\/p>\n<p><span dir=\"auto\">ROYAL TIAR\u00c9<\/span><span dir=\"auto\">\u00a0\u00a0es un \u00e9xtasis embriagador en una botella. Conquistar\u00e1 a mujeres y hombres que disfrutan de los aromas florales intensos, especialmente los que contienen la maravillosa gardenia.<\/span><\/p>\n<p>&nbsp;<\/p>\n<p>&nbsp;<\/p>\n<p><strong><span dir=\"auto\">Familia olfativa:\u00a0<\/span><\/strong><em><span dir=\"auto\">Floral Oriental.<\/span><\/em><\/p>\n<p>&nbsp;<\/p>\n<p><strong><span dir=\"auto\">Notas de salida:<\/span><\/strong><span dir=\"auto\"> Pimienta negra, Ylang-ylang.<\/span><\/p>\n<p><strong><span dir=\"auto\">Notas de coraz\u00f3n:<\/span><\/strong><span dir=\"auto\">\u00a0Gardenia, lirio de los valles, rosa, clavel.<\/span><\/p>\n<p><strong><span dir=\"auto\">Notas de fondo:<\/span><\/strong><span dir=\"auto\">\u00a0Almizcle, cedro, \u00e1mbar.<\/span><\/p>\n","protected":false},"excerpt":{"rendered":"<p>ROYAL TIAR\u00c9 Es una experiencia ex\u00f3tica suave e intensa. ROYAL TIAR\u00c9 es una fragancia rica, armoniosa, intensa y cautivadora. Una<\/p>\n","protected":false},"featured_media":88993,"comment_status":"open","ping_status":"closed","template":"","meta":{"nf_dc_page":""},"product_brand":[2100],"product_cat":[84],"product_tag":[3139],"class_list":{"0":"post-88992","1":"product","2":"type-product","3":"status-publish","4":"has-post-thumbnail","6":"product_brand-lpdo","7":"product_cat-perfumeria","8":"product_tag-3139","10":"first","11":"outofstock","12":"shipping-taxable","13":"purchasable","14":"product-type-simple"},"_links":{"self":[{"href":"https:\/\/brandss.com.py\/index\/wp-json\/wp\/v2\/product\/88992","targetHints":{"allow":["GET"]}}],"collection":[{"href":"https:\/\/brandss.com.py\/index\/wp-json\/wp\/v2\/product"}],"about":[{"href":"https:\/\/brandss.com.py\/index\/wp-json\/wp\/v2\/types\/product"}],"replies":[{"embeddable":true,"href":"https:\/\/brandss.com.py\/index\/wp-json\/wp\/v2\/comments?post=88992"}],"version-history":[{"count":1,"href":"https:\/\/brandss.com.py\/index\/wp-json\/wp\/v2\/product\/88992\/revisions"}],"predecessor-version":[{"id":88997,"href":"https:\/\/brandss.com.py\/index\/wp-json\/wp\/v2\/product\/88992\/revisions\/88997"}],"wp:featuredmedia":[{"embeddable":true,"href":"https:\/\/brandss.com.py\/index\/wp-json\/wp\/v2\/media\/88993"}],"wp:attachment":[{"href":"https:\/\/brandss.com.py\/index\/wp-json\/wp\/v2\/media?parent=88992"}],"wp:term":[{"taxonomy":"product_brand","embeddable":true,"href":"https:\/\/brandss.com.py\/index\/wp-json\/wp\/v2\/product_brand?post=88992"},{"taxonomy":"product_cat","embeddable":true,"href":"https:\/\/brandss.com.py\/index\/wp-json\/wp\/v2\/product_cat?post=88992"},{"taxonomy":"product_tag","embeddable":true,"href":"https:\/\/brandss.com.py\/index\/wp-json\/wp\/v2\/product_tag?post=88992"}],"curies":[{"name":"wp","href":"https:\/\/api.w.org\/{rel}","templated":true}]}}