{"id":88998,"date":"2025-08-27T10:42:36","date_gmt":"2025-08-27T10:42:36","guid":{"rendered":"https:\/\/brandss.com.py\/index\/?post_type=product&#038;p=88998"},"modified":"2026-03-14T14:09:13","modified_gmt":"2026-03-14T14:09:13","slug":"perfume-unisex-lpdo-superbe-cafe-edpi-100ml","status":"publish","type":"product","link":"https:\/\/brandss.com.py\/index\/producto\/perfume-unisex-lpdo-superbe-cafe-edpi-100ml\/","title":{"rendered":"PERFUME UNISEX LPDO SUPERBE CAF\u00c9 EDPI 100ML"},"content":{"rendered":"<p><img loading=\"lazy\" decoding=\"async\" class=\"\" src=\"https:\/\/m.media-amazon.com\/images\/S\/aplus-media-library-service-media\/8dfd1e96-362f-4544-8bde-fdf4eec55ebe.__CR0,0,970,300_PT0_SX970_V1___.png\" alt=\"Amazon.com: LPDO Jardin Imp\u00e9rial EDP Perfume Unisex 3.4 fl oz \u2013 Notas  C\u00edtricas de Lim\u00f3n Siciliano y Bergamota \u2013 El coraz\u00f3n estructura los sabores  de las frutas mediterr\u00e1neas \u2013 Base fresca con\" width=\"126\" height=\"39\" \/><\/p>\n<h1>SUPERBE CAF\u00c9<\/h1>\n<p>Es una fragancia unisex, dise\u00f1ada para una personalidad innovadora, curiosa y singular. \u00a0Una fragancia seductora, delicada y cautivadora. Desde la primera aplicaci\u00f3n, se convierte en una obsesi\u00f3n.<\/p>\n<p><img loading=\"lazy\" decoding=\"async\" class=\"alignleft\" src=\"https:\/\/s13emagst.akamaized.net\/products\/68718\/68717678\/images\/res_396f2e8578f2cbc8d0faa8e9b28debcf.jpg\" width=\"596\" height=\"596\" \/><\/p>\n<h3>Notas Olfativas<\/h3>\n<p>&nbsp;<\/p>\n<p>Superbe Caf\u00e9 es un concentrado puro y arom\u00e1tico de rosa y caf\u00e9. La composici\u00f3n, c\u00e1lida y sensual, se abre con sublimes notas florales de salida que golpean la nariz desde la primera olfateada. El coraz\u00f3n, fuerte y decidido, engloba la riqueza de la rosa y el din\u00e1mico aroma de los granos de caf\u00e9 puro. El fondo, compuesto de \u00e1mbar, vainilla y almizcle blanco, confiere a la fragancia un car\u00e1cter estructurado y envolvente.<\/p>\n<p><strong><span dir=\"auto\">Familia olfativa:\u00a0<\/span><\/strong><em><span dir=\"auto\">Oriental<\/span><\/em><span dir=\"auto\">\u00a0.<\/span><\/p>\n<p>&nbsp;<\/p>\n<p><strong><span dir=\"auto\">Notas de salida:<\/span><\/strong><span dir=\"auto\">\u00a0florales.<\/span><\/p>\n<p><strong><span dir=\"auto\">Notas de coraz\u00f3n:<\/span><\/strong><span dir=\"auto\">\u00a0rosa delicada, caf\u00e9 sensual.<\/span><\/p>\n<p><strong><span dir=\"auto\">Notas de fondo:<\/span><\/strong><span dir=\"auto\">\u00a0\u00e1mbar, vainilla, almizcle blanco.<\/span><\/p>\n","protected":false},"excerpt":{"rendered":"<p>SUPERBE CAF\u00c9 Es una fragancia unisex, dise\u00f1ada para una personalidad innovadora, curiosa y singular. \u00a0Una fragancia seductora, delicada y cautivadora.<\/p>\n","protected":false},"featured_media":88999,"comment_status":"open","ping_status":"closed","template":"","meta":{"nf_dc_page":""},"product_brand":[2100],"product_cat":[84],"product_tag":[3137],"class_list":{"0":"post-88998","1":"product","2":"type-product","3":"status-publish","4":"has-post-thumbnail","6":"product_brand-lpdo","7":"product_cat-perfumeria","8":"product_tag-3137","10":"first","11":"instock","12":"sale","13":"shipping-taxable","14":"purchasable","15":"product-type-simple"},"_links":{"self":[{"href":"https:\/\/brandss.com.py\/index\/wp-json\/wp\/v2\/product\/88998","targetHints":{"allow":["GET"]}}],"collection":[{"href":"https:\/\/brandss.com.py\/index\/wp-json\/wp\/v2\/product"}],"about":[{"href":"https:\/\/brandss.com.py\/index\/wp-json\/wp\/v2\/types\/product"}],"replies":[{"embeddable":true,"href":"https:\/\/brandss.com.py\/index\/wp-json\/wp\/v2\/comments?post=88998"}],"version-history":[{"count":1,"href":"https:\/\/brandss.com.py\/index\/wp-json\/wp\/v2\/product\/88998\/revisions"}],"predecessor-version":[{"id":89003,"href":"https:\/\/brandss.com.py\/index\/wp-json\/wp\/v2\/product\/88998\/revisions\/89003"}],"wp:featuredmedia":[{"embeddable":true,"href":"https:\/\/brandss.com.py\/index\/wp-json\/wp\/v2\/media\/88999"}],"wp:attachment":[{"href":"https:\/\/brandss.com.py\/index\/wp-json\/wp\/v2\/media?parent=88998"}],"wp:term":[{"taxonomy":"product_brand","embeddable":true,"href":"https:\/\/brandss.com.py\/index\/wp-json\/wp\/v2\/product_brand?post=88998"},{"taxonomy":"product_cat","embeddable":true,"href":"https:\/\/brandss.com.py\/index\/wp-json\/wp\/v2\/product_cat?post=88998"},{"taxonomy":"product_tag","embeddable":true,"href":"https:\/\/brandss.com.py\/index\/wp-json\/wp\/v2\/product_tag?post=88998"}],"curies":[{"name":"wp","href":"https:\/\/api.w.org\/{rel}","templated":true}]}}