{"id":89026,"date":"2025-08-28T17:23:20","date_gmt":"2025-08-28T17:23:20","guid":{"rendered":"https:\/\/brandss.com.py\/index\/?post_type=product&#038;p=89026"},"modified":"2026-03-16T16:38:38","modified_gmt":"2026-03-16T16:38:38","slug":"mascara-capilar-ecolchi-biotin-oplex-keratin","status":"publish","type":"product","link":"https:\/\/brandss.com.py\/index\/producto\/mascara-capilar-ecolchi-biotin-oplex-keratin\/","title":{"rendered":"M\u00c1SCARA CAPILAR ECOLCHI BIOTIN OPLEX KERATIN 500ML REFIL"},"content":{"rendered":"<p><img loading=\"lazy\" decoding=\"async\" class=\"\" src=\"https:\/\/ecolchifactory.com\/wp-content\/uploads\/2025\/04\/cropped-Ecolchi-logo-700x200-1.png\" alt=\"F\u00e1brica de cuidado capilar Karseell Ecolchi\" width=\"141\" height=\"40\" \/><\/p>\n<h1>BIOTIN OPLEX KERATIN<\/h1>\n<h4><em><strong>\u00a0\u00a1Lo \u00faltimo en reparaci\u00f3n y nutrici\u00f3n de da\u00f1os para tu cabello!<\/strong><\/em><\/h4>\n<p>Presentamos la Mascarilla capilar EcoLchi, tu soluci\u00f3n ideal para rejuvenecer y reparar el cabello da\u00f1ado. Este tratamiento de calidad profesional est\u00e1 formulado con una potente mezcla de biotina, queratina y aceite de arg\u00e1n, lo que garantiza que su cabello reciba la nutrici\u00f3n profunda que anhela.<img decoding=\"async\" class=\"alignleft\" src=\"https:\/\/amisastore.com\/cdn\/shop\/files\/2_ec2a04f4-97de-4af2-8386-d8709ad5b397.png?v=1750948165&amp;width=990\" \/><\/p>\n<h5><strong>Beneficios clave\u00a0<\/strong><\/h5>\n<ol class=\" list-paddingleft-2\">\n<li><strong>Hidrataci\u00f3n intensa:<\/strong>\u00a0la mascarilla capilar EcoLchi est\u00e1 dise\u00f1ado para infundir a tu cabello la humedad esencial. La combinaci\u00f3n de aceite de arg\u00e1n e ingredientes org\u00e1nicos penetra profundamente, dejando tu cabello hidratado y revitalizado.<\/li>\n<li><strong>Fortalece y Repara:<\/strong>\u00a0Si tu cabello ha sido sometido a peinados con calor, tratamientos qu\u00edmicos o factores ambientales estresantes, la mascarilla capilar EcoLchi ofrece el remedio perfecto. Con su poderosa f\u00f3rmula, fortalece el cabello, reduce la rotura y promueve la salud general.<\/li>\n<li><strong>Control del encrespamiento y suavidad:<\/strong>\u00a0Domina el cabello rebelde y elimina el encrespamiento con la mascarilla capilar EcoLchi. Sus propiedades nutritivas suavizan la cut\u00edcula del cabello, dando como resultado mechones elegantes y manejables que brillan con salud.<\/li>\n<li><strong>Mejora el brillo:<\/strong>\u00a0La mascarilla capilar EcoLchi no solo repara sino que tambi\u00e9n realza el brillo natural de tu cabello. La textura rica y cremosa deja tu cabello con un aspecto vibrante y brillante, perfecto para cualquier ocasi\u00f3n.<\/li>\n<li><strong>Ingredientes naturales y seguros:<\/strong>\u00a0EcoLchi est\u00e1 comprometido con la calidad y la sostenibilidad. Nuestra mascarilla para el cabello no contiene productos qu\u00edmicos agresivos, sulfatos ni parabenos, lo que la convierte en una opci\u00f3n segura para todo tipo de cabello. Puedes sentirte bien al tratar tu cabello con esta mezcla org\u00e1nica.<\/li>\n<\/ol>\n<h5><strong>\u00bfPor qu\u00e9 elegir la mascarilla capilar EcoLchi?<\/strong><\/h5>\n<p>En un saturado mercado de productos para el cuidado del cabello, la mascarilla capilar EcoLchi destaca por su eficacia y apuesta por los ingredientes naturales. Con cada uso, no solo est\u00e1s tratando tu cabello sino que tambi\u00e9n apoyas pr\u00e1cticas ecol\u00f3gicas. Experimente resultados con calidad de sal\u00f3n desde la comodidad de su hogar y \u00fanase a los muchos clientes satisfechos que han transformado su cabello con EcoLchi.<\/p>\n<p>La mascarilla capilar EcoLchi es tu arma secreta para conseguir un cabello sano y bonito. No te conformes con menos: \u00a1consiente a tu cabello con el lujo que se merece!<\/p>\n<h5><strong>C\u00f3mo utilizar<\/strong><\/h5>\n<p>Para obtener resultados \u00f3ptimos, aplique la mascarilla capilar EcoLchi sobre el cabello limpio y h\u00famedo. Pasa suavemente el producto por tu cabello, concentr\u00e1ndote en las puntas donde el da\u00f1o es m\u00e1s evidente. Deja que la mascarilla repose durante 10 a 15 minutos, dejando que los ingredientes nutritivos penetren profundamente. Enjuague bien con agua tibia y disfrute de la notable diferencia en la textura y apariencia de su cabello.<\/p>\n","protected":false},"excerpt":{"rendered":"<p>BIOTIN OPLEX KERATIN \u00a0\u00a1Lo \u00faltimo en reparaci\u00f3n y nutrici\u00f3n de da\u00f1os para tu cabello! Presentamos la Mascarilla capilar EcoLchi, tu<\/p>\n","protected":false},"featured_media":89035,"comment_status":"open","ping_status":"closed","template":"","meta":{"nf_dc_page":""},"product_brand":[756],"product_cat":[85],"product_tag":[758],"class_list":{"0":"post-89026","1":"product","2":"type-product","3":"status-publish","4":"has-post-thumbnail","6":"product_brand-ecolchi-pro","7":"product_cat-cosmeticos","8":"product_tag-758","10":"first","11":"instock","12":"sale","13":"shipping-taxable","14":"purchasable","15":"product-type-simple"},"_links":{"self":[{"href":"https:\/\/brandss.com.py\/index\/wp-json\/wp\/v2\/product\/89026","targetHints":{"allow":["GET"]}}],"collection":[{"href":"https:\/\/brandss.com.py\/index\/wp-json\/wp\/v2\/product"}],"about":[{"href":"https:\/\/brandss.com.py\/index\/wp-json\/wp\/v2\/types\/product"}],"replies":[{"embeddable":true,"href":"https:\/\/brandss.com.py\/index\/wp-json\/wp\/v2\/comments?post=89026"}],"version-history":[{"count":4,"href":"https:\/\/brandss.com.py\/index\/wp-json\/wp\/v2\/product\/89026\/revisions"}],"predecessor-version":[{"id":91227,"href":"https:\/\/brandss.com.py\/index\/wp-json\/wp\/v2\/product\/89026\/revisions\/91227"}],"wp:featuredmedia":[{"embeddable":true,"href":"https:\/\/brandss.com.py\/index\/wp-json\/wp\/v2\/media\/89035"}],"wp:attachment":[{"href":"https:\/\/brandss.com.py\/index\/wp-json\/wp\/v2\/media?parent=89026"}],"wp:term":[{"taxonomy":"product_brand","embeddable":true,"href":"https:\/\/brandss.com.py\/index\/wp-json\/wp\/v2\/product_brand?post=89026"},{"taxonomy":"product_cat","embeddable":true,"href":"https:\/\/brandss.com.py\/index\/wp-json\/wp\/v2\/product_cat?post=89026"},{"taxonomy":"product_tag","embeddable":true,"href":"https:\/\/brandss.com.py\/index\/wp-json\/wp\/v2\/product_tag?post=89026"}],"curies":[{"name":"wp","href":"https:\/\/api.w.org\/{rel}","templated":true}]}}