{"id":89027,"date":"2025-08-27T12:28:14","date_gmt":"2025-08-27T12:28:14","guid":{"rendered":"https:\/\/brandss.com.py\/index\/?post_type=product&#038;p=89027"},"modified":"2025-08-27T14:04:03","modified_gmt":"2025-08-27T14:04:03","slug":"perfume-femenino-dosis-de-amor-alejandra-espinoza-edp-100ml","status":"publish","type":"product","link":"https:\/\/brandss.com.py\/index\/producto\/perfume-femenino-dosis-de-amor-alejandra-espinoza-edp-100ml\/","title":{"rendered":"PERFUME FEMENINO DOSIS DE AMOR ALEJANDRA ESPINOZA EDP 100ML"},"content":{"rendered":"<p><img loading=\"lazy\" decoding=\"async\" class=\"\" src=\"https:\/\/fimgs.net\/mdimg\/dizajneri\/o.1752.jpg\" alt=\"Dosis Fragrances Fragancias Y Colonias\" width=\"130\" height=\"52\" \/><\/p>\n<h1>DE AMOR ALEJANDRA ESPINOZA<\/h1>\n<p>Este perfume est\u00e1 destinado a hipnotizar a tu persona especial con un r\u00e1pido roc\u00edo de este popular aroma de Dosis De Amor Eau De Perfume. Dosis De Amor Eau De Perfume es uno de los aromas m\u00e1s rom\u00e1nticos para las mujeres. Tiene aromas incre\u00edbles que est\u00e1n destinados a atraer, atraer y cautivar.<\/p>\n<p>Tambi\u00e9n es perfecto para un regalo para esa persona especial. Un anillo de diamantes de imitaci\u00f3n de moda est\u00e1 justo en la botella. Floral y afrutado con notas de fondo amaderadas, Dosis de Amor atrae a seguidores entre las mujeres de todas las edades. La botella es tan ex\u00f3tica e innovadora como el aroma en s\u00ed, lo que hace que DOSIS de Amor sea una adici\u00f3n est\u00e9tica elegante y dura a cualquier tocador. Si est\u00e1s comprando para alguien, este es el aroma a elegir para una mujer que ama las fragancias seductoras, divertidas y seductoras.<\/p>\n<p>&nbsp;<\/p>\n<h3>Notas Olfativas<\/h3>\n<p>&nbsp;<\/p>\n<p>Este brillante destaca las notas altas de cassis, bergamota italiana y matices verdes frondosos, bayas rojas maduras y jugosas mezclas de mandarina con ciruela madura al sol para una distinci\u00f3n \u00fanica. Este aroma luminoso se realza con matices de s\u00e1ndalo c\u00e1lido, vainilla cremosa y se toca con almizcle sensual. <span dir=\"auto\">Dosis de Amor<\/span> <span dir=\"auto\">es una fragancia floral frutal para mujer. <\/span><\/p>\n<p><span dir=\"auto\"><strong>Notas de salida:<\/strong> bergamota y hojas verdes.<\/span><\/p>\n<p><span dir=\"auto\"><strong>Notas de coraz\u00f3n:<\/strong> ciruela, frutos rojos y mandarina.<\/span><\/p>\n<p><span dir=\"auto\"><strong>Notas de fondo:<\/strong> vainilla, s\u00e1ndalo y almizcle.<\/span><\/p>\n","protected":false},"excerpt":{"rendered":"<p>DE AMOR ALEJANDRA ESPINOZA Este perfume est\u00e1 destinado a hipnotizar a tu persona especial con un r\u00e1pido roc\u00edo de este<\/p>\n","protected":false},"featured_media":89028,"comment_status":"open","ping_status":"closed","template":"","meta":{"nf_dc_page":""},"product_brand":[],"product_cat":[84],"product_tag":[],"class_list":{"0":"post-89027","1":"product","2":"type-product","3":"status-publish","4":"has-post-thumbnail","6":"product_cat-perfumeria","8":"first","9":"instock","10":"shipping-taxable","11":"purchasable","12":"product-type-simple"},"_links":{"self":[{"href":"https:\/\/brandss.com.py\/index\/wp-json\/wp\/v2\/product\/89027","targetHints":{"allow":["GET"]}}],"collection":[{"href":"https:\/\/brandss.com.py\/index\/wp-json\/wp\/v2\/product"}],"about":[{"href":"https:\/\/brandss.com.py\/index\/wp-json\/wp\/v2\/types\/product"}],"replies":[{"embeddable":true,"href":"https:\/\/brandss.com.py\/index\/wp-json\/wp\/v2\/comments?post=89027"}],"version-history":[{"count":1,"href":"https:\/\/brandss.com.py\/index\/wp-json\/wp\/v2\/product\/89027\/revisions"}],"predecessor-version":[{"id":89032,"href":"https:\/\/brandss.com.py\/index\/wp-json\/wp\/v2\/product\/89027\/revisions\/89032"}],"wp:featuredmedia":[{"embeddable":true,"href":"https:\/\/brandss.com.py\/index\/wp-json\/wp\/v2\/media\/89028"}],"wp:attachment":[{"href":"https:\/\/brandss.com.py\/index\/wp-json\/wp\/v2\/media?parent=89027"}],"wp:term":[{"taxonomy":"product_brand","embeddable":true,"href":"https:\/\/brandss.com.py\/index\/wp-json\/wp\/v2\/product_brand?post=89027"},{"taxonomy":"product_cat","embeddable":true,"href":"https:\/\/brandss.com.py\/index\/wp-json\/wp\/v2\/product_cat?post=89027"},{"taxonomy":"product_tag","embeddable":true,"href":"https:\/\/brandss.com.py\/index\/wp-json\/wp\/v2\/product_tag?post=89027"}],"curies":[{"name":"wp","href":"https:\/\/api.w.org\/{rel}","templated":true}]}}