{"id":89043,"date":"2025-08-28T11:45:51","date_gmt":"2025-08-28T11:45:51","guid":{"rendered":"https:\/\/brandss.com.py\/index\/?post_type=product&#038;p=89043"},"modified":"2026-03-17T12:54:46","modified_gmt":"2026-03-17T12:54:46","slug":"perfume-masculino-vurv-dareful-homme-edp-100ml","status":"publish","type":"product","link":"https:\/\/brandss.com.py\/index\/producto\/perfume-masculino-vurv-dareful-homme-edp-100ml\/","title":{"rendered":"PERFUME MASCULINO VURV DAREFUL HOMME EDP 100ML"},"content":{"rendered":"<p><img loading=\"lazy\" decoding=\"async\" class=\"\" src=\"https:\/\/www.parfumonline.ch\/media\/brand\/brand\/vurv.png\" alt=\"Vurv\" width=\"231\" height=\"124\" \/><\/p>\n<h1>DAREFUL HOMME EAU DE PARFUM<\/h1>\n<p>El iris, firma de la l\u00ednea, se ve realzado por la faceta sensual del \u00e1mbar con un fondo que exalta el poderoso encanto.<\/p>\n<p>Una fragancia sensual para utilizar en cuanto cae la noche, conservando el lado m\u00e1s elegante del hombre Vurv.<\/p>\n<p>Con una potente concentraci\u00f3n de aceites arom\u00e1ticos, este Eau De Parfum garantiza un poder duradero durante todo el d\u00eda, reduciendo la necesidad de reaplicaciones frecuentes y proporcionando un gran valor y comodidad para estilos de vida ocupados.<\/p>\n<p><img loading=\"lazy\" decoding=\"async\" class=\" wp-image-89088 alignleft\" src=\"https:\/\/brandss.com.py\/index\/wp-content\/uploads\/2025\/08\/WhatsApp-Image-2025-08-08-at-1.24.56-PM-2-400x287.jpeg\" alt=\"\" width=\"275\" height=\"198\" srcset=\"https:\/\/brandss.com.py\/index\/wp-content\/uploads\/2025\/08\/WhatsApp-Image-2025-08-08-at-1.24.56-PM-2-400x287.jpeg 400w, https:\/\/brandss.com.py\/index\/wp-content\/uploads\/2025\/08\/WhatsApp-Image-2025-08-08-at-1.24.56-PM-2-768x551.jpeg 768w, https:\/\/brandss.com.py\/index\/wp-content\/uploads\/2025\/08\/WhatsApp-Image-2025-08-08-at-1.24.56-PM-2-430x308.jpeg 430w, https:\/\/brandss.com.py\/index\/wp-content\/uploads\/2025\/08\/WhatsApp-Image-2025-08-08-at-1.24.56-PM-2-700x502.jpeg 700w, https:\/\/brandss.com.py\/index\/wp-content\/uploads\/2025\/08\/WhatsApp-Image-2025-08-08-at-1.24.56-PM-2-150x108.jpeg 150w, https:\/\/brandss.com.py\/index\/wp-content\/uploads\/2025\/08\/WhatsApp-Image-2025-08-08-at-1.24.56-PM-2.jpeg 841w\" sizes=\"auto, (max-width: 275px) 100vw, 275px\" \/><\/p>\n<p><b>Notas de salida:<\/b>\u00a0Iris de Toscana.<\/p>\n<p><b>Notas de<\/b>\u00a0coraz\u00f3n:\u00a0<i>Ambreta<\/i> de Ecuador.<\/p>\n<p><b>Notas<\/b>\u00a0de fondo: Cedro de Virginia.<\/p>\n<p>&nbsp;<\/p>\n<p>&nbsp;<\/p>\n<p>&nbsp;<\/p>\n","protected":false},"excerpt":{"rendered":"<p>DAREFUL HOMME EAU DE PARFUM El iris, firma de la l\u00ednea, se ve realzado por la faceta sensual del \u00e1mbar<\/p>\n","protected":false},"featured_media":89099,"comment_status":"open","ping_status":"closed","template":"","meta":{"nf_dc_page":""},"product_brand":[785],"product_cat":[84],"product_tag":[814],"class_list":{"0":"post-89043","1":"product","2":"type-product","3":"status-publish","4":"has-post-thumbnail","6":"product_brand-vurv","7":"product_cat-perfumeria","8":"product_tag-814","10":"first","11":"instock","12":"shipping-taxable","13":"purchasable","14":"product-type-simple"},"_links":{"self":[{"href":"https:\/\/brandss.com.py\/index\/wp-json\/wp\/v2\/product\/89043","targetHints":{"allow":["GET"]}}],"collection":[{"href":"https:\/\/brandss.com.py\/index\/wp-json\/wp\/v2\/product"}],"about":[{"href":"https:\/\/brandss.com.py\/index\/wp-json\/wp\/v2\/types\/product"}],"replies":[{"embeddable":true,"href":"https:\/\/brandss.com.py\/index\/wp-json\/wp\/v2\/comments?post=89043"}],"version-history":[{"count":1,"href":"https:\/\/brandss.com.py\/index\/wp-json\/wp\/v2\/product\/89043\/revisions"}],"predecessor-version":[{"id":89102,"href":"https:\/\/brandss.com.py\/index\/wp-json\/wp\/v2\/product\/89043\/revisions\/89102"}],"wp:featuredmedia":[{"embeddable":true,"href":"https:\/\/brandss.com.py\/index\/wp-json\/wp\/v2\/media\/89099"}],"wp:attachment":[{"href":"https:\/\/brandss.com.py\/index\/wp-json\/wp\/v2\/media?parent=89043"}],"wp:term":[{"taxonomy":"product_brand","embeddable":true,"href":"https:\/\/brandss.com.py\/index\/wp-json\/wp\/v2\/product_brand?post=89043"},{"taxonomy":"product_cat","embeddable":true,"href":"https:\/\/brandss.com.py\/index\/wp-json\/wp\/v2\/product_cat?post=89043"},{"taxonomy":"product_tag","embeddable":true,"href":"https:\/\/brandss.com.py\/index\/wp-json\/wp\/v2\/product_tag?post=89043"}],"curies":[{"name":"wp","href":"https:\/\/api.w.org\/{rel}","templated":true}]}}