{"id":89044,"date":"2025-08-27T12:58:48","date_gmt":"2025-08-27T12:58:48","guid":{"rendered":"https:\/\/brandss.com.py\/index\/?post_type=product&#038;p=89044"},"modified":"2025-08-27T14:04:15","modified_gmt":"2025-08-27T14:04:15","slug":"perfume-femenino-dosis-de-pasion-alejandra-espinoza-edp-100ml","status":"publish","type":"product","link":"https:\/\/brandss.com.py\/index\/producto\/perfume-femenino-dosis-de-pasion-alejandra-espinoza-edp-100ml\/","title":{"rendered":"PERFUME FEMENINO DOSIS DE PASI\u00d3N ALEJANDRA ESPINOZA EDP 100ML"},"content":{"rendered":"<p><img loading=\"lazy\" decoding=\"async\" class=\"\" src=\"https:\/\/fimgs.net\/mdimg\/dizajneri\/o.1752.jpg\" alt=\"Dosis Fragrances Fragancias Y Colonias\" width=\"153\" height=\"61\" \/><\/p>\n<h1>DE PASI\u00d3N ALEJANDRA ESPINOZA<\/h1>\n<p><span class=\"a-list-item\"><span dir=\"auto\">Celebra tu feminidad y resalta tu belleza interior con Dosis de Pasi\u00f3n para mujer. Esta fragancia emblem\u00e1tica se inspir\u00f3 en los cuentos de hadas. Su embriagador aroma te har\u00e1 sentir que todo es posible. <\/span><\/span><span class=\"a-list-item\"><span dir=\"auto\">Cada frasco de fragancia Dosis para mujer presenta ricos matices de color que se combinan creando una sensaci\u00f3n de movimiento en las sensuales curvas del cristal. Es la fragancia perfecta para usar cuando quieras sumergirte en el lujo. Roc\u00eda este delicioso aroma para llamar la atenci\u00f3n dondequiera que vayas; es el complemento perfecto para tus mejores conjuntos, as\u00ed como para tus jeans favoritos. <\/span><\/span><span class=\"a-list-item\"><span dir=\"auto\">Dosis de pasi\u00f3n es una fragancia cautivadora que evoca la profunda sensaci\u00f3n de pertenencia que surge al enamorarse.<\/span><\/span><\/p>\n<p>&nbsp;<\/p>\n<h3>Notas Olfativas<\/h3>\n<p>&nbsp;<\/p>\n<p>Dosis de pasi\u00f3n crea una personalidad memorable e inconfundible. Esta fragancia se revela gradualmente en sorprendentes y seductoras capas de aroma. Creada para mujeres activas que saben preservar su delicada feminidad. Dosis De Pasion es una fragancia de la familia olfativa Floral Frutal Gourmand para Mujeres.<\/p>\n<p><strong>Notas de salida:<\/strong> pi\u00f1a, lim\u00f3n (lima \u00e1cida) y naranja.<\/p>\n<p><strong>Notas de coraz\u00f3n:<\/strong> fresa, mel\u00f3n, ciruela, rosa, manzana y durazno (melocot\u00f3n).<\/p>\n<p><strong>Notas de fondo:<\/strong> vainilla, resinas y almizcle.<\/p>\n","protected":false},"excerpt":{"rendered":"<p>DE PASI\u00d3N ALEJANDRA ESPINOZA Celebra tu feminidad y resalta tu belleza interior con Dosis de Pasi\u00f3n para mujer. Esta fragancia<\/p>\n","protected":false},"featured_media":89045,"comment_status":"open","ping_status":"closed","template":"","meta":{"nf_dc_page":""},"product_brand":[],"product_cat":[84],"product_tag":[],"class_list":{"0":"post-89044","1":"product","2":"type-product","3":"status-publish","4":"has-post-thumbnail","6":"product_cat-perfumeria","8":"first","9":"instock","10":"shipping-taxable","11":"purchasable","12":"product-type-simple"},"_links":{"self":[{"href":"https:\/\/brandss.com.py\/index\/wp-json\/wp\/v2\/product\/89044","targetHints":{"allow":["GET"]}}],"collection":[{"href":"https:\/\/brandss.com.py\/index\/wp-json\/wp\/v2\/product"}],"about":[{"href":"https:\/\/brandss.com.py\/index\/wp-json\/wp\/v2\/types\/product"}],"replies":[{"embeddable":true,"href":"https:\/\/brandss.com.py\/index\/wp-json\/wp\/v2\/comments?post=89044"}],"version-history":[{"count":1,"href":"https:\/\/brandss.com.py\/index\/wp-json\/wp\/v2\/product\/89044\/revisions"}],"predecessor-version":[{"id":89048,"href":"https:\/\/brandss.com.py\/index\/wp-json\/wp\/v2\/product\/89044\/revisions\/89048"}],"wp:featuredmedia":[{"embeddable":true,"href":"https:\/\/brandss.com.py\/index\/wp-json\/wp\/v2\/media\/89045"}],"wp:attachment":[{"href":"https:\/\/brandss.com.py\/index\/wp-json\/wp\/v2\/media?parent=89044"}],"wp:term":[{"taxonomy":"product_brand","embeddable":true,"href":"https:\/\/brandss.com.py\/index\/wp-json\/wp\/v2\/product_brand?post=89044"},{"taxonomy":"product_cat","embeddable":true,"href":"https:\/\/brandss.com.py\/index\/wp-json\/wp\/v2\/product_cat?post=89044"},{"taxonomy":"product_tag","embeddable":true,"href":"https:\/\/brandss.com.py\/index\/wp-json\/wp\/v2\/product_tag?post=89044"}],"curies":[{"name":"wp","href":"https:\/\/api.w.org\/{rel}","templated":true}]}}