{"id":89049,"date":"2025-08-27T14:01:52","date_gmt":"2025-08-27T14:01:52","guid":{"rendered":"https:\/\/brandss.com.py\/index\/?post_type=product&#038;p=89049"},"modified":"2025-08-27T14:04:25","modified_gmt":"2025-08-27T14:04:25","slug":"perfume-femenino-dosis-de-ti-alejandra-espinoza-edp-100ml","status":"publish","type":"product","link":"https:\/\/brandss.com.py\/index\/producto\/perfume-femenino-dosis-de-ti-alejandra-espinoza-edp-100ml\/","title":{"rendered":"PERFUME FEMENINO DOSIS DE TI ALEJANDRA ESPINOZA EDP 100ML"},"content":{"rendered":"<p><img loading=\"lazy\" decoding=\"async\" class=\"\" src=\"https:\/\/fimgs.net\/mdimg\/dizajneri\/o.1752.jpg\" alt=\"Dosis Fragrances Fragancias Y Colonias\" width=\"105\" height=\"42\" \/><\/p>\n<h1>DE TI ALEJANDRA ESPINOZA<\/h1>\n<p data-start=\"98\" data-end=\"378\">Es una fragancia elegante, femenina y envolvente, creada para resaltar el carisma y la sensualidad natural de la mujer moderna. Su aroma combina frescura, dulzura y un toque seductor que la convierte en una esencia vers\u00e1til tanto para el d\u00eda como para la noche.<\/p>\n<p data-start=\"98\" data-end=\"378\">El frasco presenta un degrad\u00e9 rosa y azul con detalles brillantes, transmitiendo energ\u00eda, glamour y sofisticaci\u00f3n, acompa\u00f1ado de un tap\u00f3n esf\u00e9rico met\u00e1lico que realza su estilo moderno.<\/p>\n<p data-start=\"98\" data-end=\"378\">\n<h3 data-start=\"98\" data-end=\"378\">Notas Olfativas<\/h3>\n<p>&nbsp;<\/p>\n<p data-start=\"98\" data-end=\"378\">Dosis de Ti es un perfume para mujeres seguras, dulces y seductoras, ideal para quienes buscan dejar una huella inolvidable con un aroma juvenil pero sofisticado. La fragancia femenina Dosis De Ti de Alejandra Espinoza ofrece una experiencia arom\u00e1tica duradera. Esta fragancia floral con toques de manzana, cidra, fresia y almizcle deleita los sentidos y te deja con una sensaci\u00f3n de frescura.<\/p>\n<ul data-start=\"380\" data-end=\"759\">\n<li data-start=\"380\" data-end=\"430\">\n<p data-start=\"382\" data-end=\"430\"><strong data-start=\"382\" data-end=\"403\">Familia olfativa:<\/strong> Floral \u2013 Frutal \u2013 Dulce.<\/p>\n<\/li>\n<li data-start=\"431\" data-end=\"518\">\n<p data-start=\"433\" data-end=\"518\"><strong data-start=\"433\" data-end=\"453\">Notas de salida:<\/strong> Manzana.<\/p>\n<\/li>\n<li data-start=\"519\" data-end=\"630\">\n<p data-start=\"521\" data-end=\"630\"><strong data-start=\"521\" data-end=\"542\">Notas de coraz\u00f3n: <\/strong>Cidra, Fresia.<\/p>\n<\/li>\n<li data-start=\"631\" data-end=\"759\">\n<p data-start=\"633\" data-end=\"759\"><strong data-start=\"633\" data-end=\"652\">Notas de fondo: <\/strong>Almizcle.<\/p>\n<\/li>\n<\/ul>\n","protected":false},"excerpt":{"rendered":"<p>DE TI ALEJANDRA ESPINOZA Es una fragancia elegante, femenina y envolvente, creada para resaltar el carisma y la sensualidad natural<\/p>\n","protected":false},"featured_media":89050,"comment_status":"open","ping_status":"closed","template":"","meta":{"nf_dc_page":""},"product_brand":[],"product_cat":[84],"product_tag":[],"class_list":{"0":"post-89049","1":"product","2":"type-product","3":"status-publish","4":"has-post-thumbnail","6":"product_cat-perfumeria","8":"first","9":"instock","10":"shipping-taxable","11":"purchasable","12":"product-type-simple"},"_links":{"self":[{"href":"https:\/\/brandss.com.py\/index\/wp-json\/wp\/v2\/product\/89049","targetHints":{"allow":["GET"]}}],"collection":[{"href":"https:\/\/brandss.com.py\/index\/wp-json\/wp\/v2\/product"}],"about":[{"href":"https:\/\/brandss.com.py\/index\/wp-json\/wp\/v2\/types\/product"}],"replies":[{"embeddable":true,"href":"https:\/\/brandss.com.py\/index\/wp-json\/wp\/v2\/comments?post=89049"}],"version-history":[{"count":1,"href":"https:\/\/brandss.com.py\/index\/wp-json\/wp\/v2\/product\/89049\/revisions"}],"predecessor-version":[{"id":89052,"href":"https:\/\/brandss.com.py\/index\/wp-json\/wp\/v2\/product\/89049\/revisions\/89052"}],"wp:featuredmedia":[{"embeddable":true,"href":"https:\/\/brandss.com.py\/index\/wp-json\/wp\/v2\/media\/89050"}],"wp:attachment":[{"href":"https:\/\/brandss.com.py\/index\/wp-json\/wp\/v2\/media?parent=89049"}],"wp:term":[{"taxonomy":"product_brand","embeddable":true,"href":"https:\/\/brandss.com.py\/index\/wp-json\/wp\/v2\/product_brand?post=89049"},{"taxonomy":"product_cat","embeddable":true,"href":"https:\/\/brandss.com.py\/index\/wp-json\/wp\/v2\/product_cat?post=89049"},{"taxonomy":"product_tag","embeddable":true,"href":"https:\/\/brandss.com.py\/index\/wp-json\/wp\/v2\/product_tag?post=89049"}],"curies":[{"name":"wp","href":"https:\/\/api.w.org\/{rel}","templated":true}]}}