{"id":89053,"date":"2025-08-27T14:33:27","date_gmt":"2025-08-27T14:33:27","guid":{"rendered":"https:\/\/brandss.com.py\/index\/?post_type=product&#038;p=89053"},"modified":"2025-08-27T14:34:14","modified_gmt":"2025-08-27T14:34:14","slug":"perfume-femenino-dosis-de-besos-alejandra-espinoza-edp-100ml","status":"publish","type":"product","link":"https:\/\/brandss.com.py\/index\/producto\/perfume-femenino-dosis-de-besos-alejandra-espinoza-edp-100ml\/","title":{"rendered":"PERFUME FEMENINO DOSIS DE BESOS ALEJANDRA ESPINOZA EDP 100ML"},"content":{"rendered":"<p><img loading=\"lazy\" decoding=\"async\" class=\"\" src=\"https:\/\/fimgs.net\/mdimg\/dizajneri\/o.1752.jpg\" alt=\"Dosis Fragrances Fragancias Y Colonias\" width=\"123\" height=\"49\" \/><\/p>\n<h1>DE BESOS ALEJANDRA ESPINOZA<\/h1>\n<p data-start=\"101\" data-end=\"366\">Este perfume es una fragancia apasionada, dulce y seductora, pensada para la mujer que quiere dejar huella con un aroma envolvente y rom\u00e1ntico. Su esencia mezcla la calidez de notas dulces con un coraz\u00f3n floral vibrante, transmitiendo feminidad y sensualidad.<\/p>\n<p data-start=\"101\" data-end=\"366\">El frasco se presenta con un degrad\u00e9 rojo intenso a p\u00farpura, con detalles brillantes y un tap\u00f3n esf\u00e9rico met\u00e1lico rojo, transmitiendo pasi\u00f3n, glamour y un aire sofisticado.<\/p>\n<p data-start=\"101\" data-end=\"366\">Dosis de Besos es un perfume femenino, rom\u00e1ntico y seductor, ideal para quienes buscan un aroma envolvente que combine dulzura y elegancia, perfecto para ocasiones especiales y noches memorables.<\/p>\n<p data-start=\"101\" data-end=\"366\">\n<h3 data-start=\"101\" data-end=\"366\">Notas Olfativas<\/h3>\n<p>&nbsp;<\/p>\n<p data-start=\"101\" data-end=\"366\">Eau de parfum que combina a la perfecci\u00f3n la fragante Bergamonta siciliana con la et\u00e9rea naranja brasile\u00f1a. Exquisito perfume corporal en spray para mujer que incluye delicadas notas altas, un coraz\u00f3n floral y una base rica y almizclada. Es una firma \u00fanica e irresistible.<\/p>\n<p data-start=\"101\" data-end=\"366\"><strong data-start=\"370\" data-end=\"391\">Familia olfativa:<\/strong> Floral \u2013 Frutal \u2013 Dulce.<\/p>\n<ul data-start=\"368\" data-end=\"714\">\n<li data-start=\"419\" data-end=\"511\">\n<p data-start=\"421\" data-end=\"511\"><strong data-start=\"421\" data-end=\"441\">Notas de salida:<\/strong> Bergamota sicilina, Naranja brasile\u00f1a.<\/p>\n<\/li>\n<li data-start=\"512\" data-end=\"601\">\n<p data-start=\"514\" data-end=\"601\"><strong data-start=\"514\" data-end=\"535\">Notas de coraz\u00f3n:<\/strong> Notas florales.<\/p>\n<\/li>\n<li data-start=\"602\" data-end=\"714\">\n<p data-start=\"604\" data-end=\"714\"><strong data-start=\"604\" data-end=\"623\">Notas de fondo:<\/strong> Almizcle.<\/p>\n<\/li>\n<\/ul>\n<p data-start=\"896\" data-end=\"1116\">\n","protected":false},"excerpt":{"rendered":"<p>DE BESOS ALEJANDRA ESPINOZA Este perfume es una fragancia apasionada, dulce y seductora, pensada para la mujer que quiere dejar<\/p>\n","protected":false},"featured_media":89054,"comment_status":"open","ping_status":"closed","template":"","meta":{"nf_dc_page":""},"product_brand":[],"product_cat":[84],"product_tag":[],"class_list":{"0":"post-89053","1":"product","2":"type-product","3":"status-publish","4":"has-post-thumbnail","6":"product_cat-perfumeria","8":"first","9":"instock","10":"shipping-taxable","11":"purchasable","12":"product-type-simple"},"_links":{"self":[{"href":"https:\/\/brandss.com.py\/index\/wp-json\/wp\/v2\/product\/89053","targetHints":{"allow":["GET"]}}],"collection":[{"href":"https:\/\/brandss.com.py\/index\/wp-json\/wp\/v2\/product"}],"about":[{"href":"https:\/\/brandss.com.py\/index\/wp-json\/wp\/v2\/types\/product"}],"replies":[{"embeddable":true,"href":"https:\/\/brandss.com.py\/index\/wp-json\/wp\/v2\/comments?post=89053"}],"version-history":[{"count":1,"href":"https:\/\/brandss.com.py\/index\/wp-json\/wp\/v2\/product\/89053\/revisions"}],"predecessor-version":[{"id":89056,"href":"https:\/\/brandss.com.py\/index\/wp-json\/wp\/v2\/product\/89053\/revisions\/89056"}],"wp:featuredmedia":[{"embeddable":true,"href":"https:\/\/brandss.com.py\/index\/wp-json\/wp\/v2\/media\/89054"}],"wp:attachment":[{"href":"https:\/\/brandss.com.py\/index\/wp-json\/wp\/v2\/media?parent=89053"}],"wp:term":[{"taxonomy":"product_brand","embeddable":true,"href":"https:\/\/brandss.com.py\/index\/wp-json\/wp\/v2\/product_brand?post=89053"},{"taxonomy":"product_cat","embeddable":true,"href":"https:\/\/brandss.com.py\/index\/wp-json\/wp\/v2\/product_cat?post=89053"},{"taxonomy":"product_tag","embeddable":true,"href":"https:\/\/brandss.com.py\/index\/wp-json\/wp\/v2\/product_tag?post=89053"}],"curies":[{"name":"wp","href":"https:\/\/api.w.org\/{rel}","templated":true}]}}