{"id":89057,"date":"2025-08-27T17:53:20","date_gmt":"2025-08-27T17:53:20","guid":{"rendered":"https:\/\/brandss.com.py\/index\/?post_type=product&#038;p=89057"},"modified":"2026-02-13T10:58:42","modified_gmt":"2026-02-13T10:58:42","slug":"perfume-femenino-dosis-laura-marano-hug-you-edp-100ml","status":"publish","type":"product","link":"https:\/\/brandss.com.py\/index\/producto\/perfume-femenino-dosis-laura-marano-hug-you-edp-100ml\/","title":{"rendered":"PERFUME FEMENINO DOSIS LAURA MARANO HUG YOU EDP 100ML"},"content":{"rendered":"<p><img loading=\"lazy\" decoding=\"async\" class=\"\" src=\"https:\/\/fimgs.net\/mdimg\/dizajneri\/o.1752.jpg\" alt=\"Dosis Fragrances Fragancias Y Colonias\" width=\"160\" height=\"64\" \/><\/p>\n<h1>LAURA MARANO HUG YOU<\/h1>\n<p>Un aroma afrodis\u00edaco, una hermosa fragancia de larga duraci\u00f3n. La composici\u00f3n es un afrodis\u00edaco gourmand y una poci\u00f3n de amor.<\/p>\n<div class=\"col-lg-4 col-sm-6 col-12 mb-lg-0 mb-3\">\n<div class=\"stands-out-content\">\n<div class=\"feature\"><strong><span dir=\"auto\">Ingredientes totalmente naturales<\/span><\/strong><\/div>\n<div><\/div>\n<div class=\"description\"><span dir=\"auto\">Elaborado con componentes totalmente naturales, este perfume ofrece una experiencia de fragancia refrescante y ecol\u00f3gica, atractiva para los consumidores conscientes de la salud que priorizan los productos org\u00e1nicos.<\/span><\/div>\n<div><\/div>\n<\/div>\n<\/div>\n<div class=\"col-lg-4 col-sm-6 col-12 mb-lg-0 mb-3\">\n<div class=\"stands-out-content\">\n<div class=\"feature\"><strong><span dir=\"auto\">Perfil arom\u00e1tico vers\u00e1til<\/span><\/strong><\/div>\n<div><\/div>\n<div class=\"description\"><span dir=\"auto\">El Eau de Parfum presenta una mezcla \u00fanica de notas florales y frutales, lo que lo hace adecuado para cualquier ocasi\u00f3n, desde salidas informales hasta eventos formales, garantizando una presencia cautivadora.<\/span><\/div>\n<div><\/div>\n<\/div>\n<\/div>\n<div class=\"col-lg-4 col-sm-6 col-12 mb-lg-0 mb-3\">\n<div class=\"stands-out-content\">\n<div class=\"feature\"><strong><span dir=\"auto\">Tama\u00f1o generoso<\/span><\/strong><\/div>\n<div><\/div>\n<div class=\"description\"><span dir=\"auto\">Entregado en una botella con atomizador de 3,3 oz, este perfume ofrece un uso duradero y un gran valor, permitiendo a los usuarios disfrutar de su aroma favorito sin la necesidad de comprarlo con frecuencia.<\/span><\/div>\n<div><\/div>\n<\/div>\n<\/div>\n<h3>Notas Olfativas<\/h3>\n<p><span dir=\"auto\">Un perfume femenino<\/span><span dir=\"auto\">, lanzado en\u00a0<\/span><span dir=\"auto\">2016.<\/span><span dir=\"auto\">\u00a0<\/span>La composici\u00f3n es un Gourmand APHRODISIAC y un Love Potion que representa el lado oscuro de la rosa y combina notas de rosa negra con absoluto de orqu\u00eddea vainilla de Tahit\u00ed. Tambi\u00e9n se a\u00f1aden acordes de incienso natural, papiro, pachul\u00ed y pralin\u00e9 de lichi.<\/p>\n<div class=\"pyramid_block nb_t w-100 mt-2\">\n<div class=\"left text-sm upper grey vt nowrap\"><strong><span dir=\"auto\">Notas de salida: <\/span><\/strong><span class=\"clickable_note_img notefont0\" data-nt=\"t\" data-n_id=\"1608\"><span class=\"nowrap pointer\"><span dir=\"auto\">Lichi, <\/span><\/span><\/span><span class=\"clickable_note_img notefont0\" data-nt=\"t\" data-n_id=\"2334\"><span class=\"nowrap pointer\"><span dir=\"auto\">Almendra.<\/span><\/span><\/span><\/div>\n<\/div>\n<div class=\"pyramid_block nb_m w-100 mt-2\">\n<div class=\"left text-sm upper grey vt nowrap\"><span dir=\"auto\"><strong>Notas de coraz\u00f3n:<\/strong> <\/span><span class=\"clickable_note_img notefont0\" data-nt=\"m\" data-n_id=\"4188\"><span class=\"nowrap pointer\"><span dir=\"auto\">Rosa negra,<\/span><\/span><\/span> <span class=\"clickable_note_img notefont0\" data-nt=\"m\" data-n_id=\"2412\"><span class=\"nowrap pointer\"><span dir=\"auto\">Rosa<\/span><\/span><\/span> <span class=\"clickable_note_img notefont0\" data-nt=\"m\" data-n_id=\"8356\"><span class=\"nowrap pointer\"><span dir=\"auto\">orqu\u00eddea, vainilla de Tahit\u00ed<\/span><\/span><\/span><\/div>\n<\/div>\n<div class=\"pyramid_block nb_b w-100 mt-2\">\n<div class=\"left text-sm upper grey vt nowrap\"><strong><span dir=\"auto\">Notas de fondo: <\/span><\/strong><span class=\"clickable_note_img notefont0\" data-nt=\"b\" data-n_id=\"3032\"><span class=\"nowrap pointer\"><span dir=\"auto\">Incienso<\/span><\/span><\/span> <span class=\"clickable_note_img notefont0\" data-nt=\"b\" data-n_id=\"2146\"><span class=\"nowrap pointer\"><span dir=\"auto\">Papiro<\/span><\/span><\/span> <span class=\"clickable_note_img notefont0\" data-nt=\"b\" data-n_id=\"2173\"><span class=\"nowrap pointer\"><span dir=\"auto\">Pachul\u00ed<\/span><\/span><\/span><\/div>\n<\/div>\n<p>&nbsp;<\/p>\n","protected":false},"excerpt":{"rendered":"<p>LAURA MARANO HUG YOU Un aroma afrodis\u00edaco, una hermosa fragancia de larga duraci\u00f3n. La composici\u00f3n es un afrodis\u00edaco gourmand y<\/p>\n","protected":false},"featured_media":89059,"comment_status":"open","ping_status":"closed","template":"","meta":{"nf_dc_page":""},"product_brand":[],"product_cat":[84],"product_tag":[],"class_list":{"0":"post-89057","1":"product","2":"type-product","3":"status-publish","4":"has-post-thumbnail","6":"product_cat-perfumeria","8":"first","9":"instock","10":"shipping-taxable","11":"purchasable","12":"product-type-simple"},"_links":{"self":[{"href":"https:\/\/brandss.com.py\/index\/wp-json\/wp\/v2\/product\/89057","targetHints":{"allow":["GET"]}}],"collection":[{"href":"https:\/\/brandss.com.py\/index\/wp-json\/wp\/v2\/product"}],"about":[{"href":"https:\/\/brandss.com.py\/index\/wp-json\/wp\/v2\/types\/product"}],"replies":[{"embeddable":true,"href":"https:\/\/brandss.com.py\/index\/wp-json\/wp\/v2\/comments?post=89057"}],"version-history":[{"count":1,"href":"https:\/\/brandss.com.py\/index\/wp-json\/wp\/v2\/product\/89057\/revisions"}],"predecessor-version":[{"id":89062,"href":"https:\/\/brandss.com.py\/index\/wp-json\/wp\/v2\/product\/89057\/revisions\/89062"}],"wp:featuredmedia":[{"embeddable":true,"href":"https:\/\/brandss.com.py\/index\/wp-json\/wp\/v2\/media\/89059"}],"wp:attachment":[{"href":"https:\/\/brandss.com.py\/index\/wp-json\/wp\/v2\/media?parent=89057"}],"wp:term":[{"taxonomy":"product_brand","embeddable":true,"href":"https:\/\/brandss.com.py\/index\/wp-json\/wp\/v2\/product_brand?post=89057"},{"taxonomy":"product_cat","embeddable":true,"href":"https:\/\/brandss.com.py\/index\/wp-json\/wp\/v2\/product_cat?post=89057"},{"taxonomy":"product_tag","embeddable":true,"href":"https:\/\/brandss.com.py\/index\/wp-json\/wp\/v2\/product_tag?post=89057"}],"curies":[{"name":"wp","href":"https:\/\/api.w.org\/{rel}","templated":true}]}}