{"id":89058,"date":"2025-08-27T18:04:02","date_gmt":"2025-08-27T18:04:02","guid":{"rendered":"https:\/\/brandss.com.py\/index\/?post_type=product&#038;p=89058"},"modified":"2026-03-17T13:28:00","modified_gmt":"2026-03-17T13:28:00","slug":"perfume-femenino-vurv-enora-poudree-edp-100ml","status":"publish","type":"product","link":"https:\/\/brandss.com.py\/index\/producto\/perfume-femenino-vurv-enora-poudree-edp-100ml\/","title":{"rendered":"PERFUME FEMENINO VURV ENORA POUDREE EDP 100ML"},"content":{"rendered":"<p><img loading=\"lazy\" decoding=\"async\" class=\"\" src=\"https:\/\/www.parfumonline.ch\/media\/brand\/brand\/vurv.png\" alt=\"Vurv\" width=\"274\" height=\"147\" \/><\/p>\n<h1>ENORA POUDREE EAU DE PARFUM<\/h1>\n<p>Al despertar el perfume, un aura resplandeciente de bergamota irradia e ilumina los suaves p\u00e9talos de las flores en flor de un exuberante bouquet de rosa y acordes florales blancos.<\/p>\n<p>La fragancia se acent\u00faa gradualmente hasta una voluptuosa base con el ic\u00f3nico coraz\u00f3n de almizcle, la firma inconfundible de las fragancias Vurv.<\/p>\n<p>Celebre el arte de la seducci\u00f3n: cada perfume se define por el envolvente coraz\u00f3n de almizcle y la firma amaderada, dando lugar a una transformaci\u00f3n de variaciones \u00fanicas en su composici\u00f3n.<\/p>\n<p><img loading=\"lazy\" decoding=\"async\" class=\" wp-image-89063 alignleft\" src=\"https:\/\/brandss.com.py\/index\/wp-content\/uploads\/2025\/08\/WhatsApp-Image-2025-08-08-at-1.24.55-PM-4-400x287.jpeg\" alt=\"\" width=\"245\" height=\"176\" srcset=\"https:\/\/brandss.com.py\/index\/wp-content\/uploads\/2025\/08\/WhatsApp-Image-2025-08-08-at-1.24.55-PM-4-400x287.jpeg 400w, https:\/\/brandss.com.py\/index\/wp-content\/uploads\/2025\/08\/WhatsApp-Image-2025-08-08-at-1.24.55-PM-4-768x551.jpeg 768w, https:\/\/brandss.com.py\/index\/wp-content\/uploads\/2025\/08\/WhatsApp-Image-2025-08-08-at-1.24.55-PM-4-430x308.jpeg 430w, https:\/\/brandss.com.py\/index\/wp-content\/uploads\/2025\/08\/WhatsApp-Image-2025-08-08-at-1.24.55-PM-4-700x502.jpeg 700w, https:\/\/brandss.com.py\/index\/wp-content\/uploads\/2025\/08\/WhatsApp-Image-2025-08-08-at-1.24.55-PM-4-150x108.jpeg 150w, https:\/\/brandss.com.py\/index\/wp-content\/uploads\/2025\/08\/WhatsApp-Image-2025-08-08-at-1.24.55-PM-4.jpeg 841w\" sizes=\"auto, (max-width: 245px) 100vw, 245px\" \/><\/p>\n<p data-start=\"118\" data-end=\"152\"><strong data-start=\"118\" data-end=\"150\">Notas de salida: <\/strong>Bergamota, Fresia, Flor de azahar<\/p>\n<p data-start=\"263\" data-end=\"301\"><strong data-start=\"263\" data-end=\"299\">Notas de coraz\u00f3n: <\/strong>Almizcle blanco, Rosa, Flores blancas, Jazm\u00edn<\/p>\n<p data-start=\"425\" data-end=\"459\"><strong data-start=\"425\" data-end=\"457\">Notas de fondo: <\/strong>Cachemira , Cedro, \u00c1mbar, Benju\u00ed<\/p>\n<p>&nbsp;<\/p>\n","protected":false},"excerpt":{"rendered":"<p>ENORA POUDREE EAU DE PARFUM Al despertar el perfume, un aura resplandeciente de bergamota irradia e ilumina los suaves p\u00e9talos<\/p>\n","protected":false},"featured_media":89064,"comment_status":"open","ping_status":"closed","template":"","meta":{"nf_dc_page":""},"product_brand":[785],"product_cat":[84],"product_tag":[879],"class_list":{"0":"post-89058","1":"product","2":"type-product","3":"status-publish","4":"has-post-thumbnail","6":"product_brand-vurv","7":"product_cat-perfumeria","8":"product_tag-879","10":"first","11":"instock","12":"shipping-taxable","13":"purchasable","14":"product-type-simple"},"_links":{"self":[{"href":"https:\/\/brandss.com.py\/index\/wp-json\/wp\/v2\/product\/89058","targetHints":{"allow":["GET"]}}],"collection":[{"href":"https:\/\/brandss.com.py\/index\/wp-json\/wp\/v2\/product"}],"about":[{"href":"https:\/\/brandss.com.py\/index\/wp-json\/wp\/v2\/types\/product"}],"replies":[{"embeddable":true,"href":"https:\/\/brandss.com.py\/index\/wp-json\/wp\/v2\/comments?post=89058"}],"version-history":[{"count":1,"href":"https:\/\/brandss.com.py\/index\/wp-json\/wp\/v2\/product\/89058\/revisions"}],"predecessor-version":[{"id":89069,"href":"https:\/\/brandss.com.py\/index\/wp-json\/wp\/v2\/product\/89058\/revisions\/89069"}],"wp:featuredmedia":[{"embeddable":true,"href":"https:\/\/brandss.com.py\/index\/wp-json\/wp\/v2\/media\/89064"}],"wp:attachment":[{"href":"https:\/\/brandss.com.py\/index\/wp-json\/wp\/v2\/media?parent=89058"}],"wp:term":[{"taxonomy":"product_brand","embeddable":true,"href":"https:\/\/brandss.com.py\/index\/wp-json\/wp\/v2\/product_brand?post=89058"},{"taxonomy":"product_cat","embeddable":true,"href":"https:\/\/brandss.com.py\/index\/wp-json\/wp\/v2\/product_cat?post=89058"},{"taxonomy":"product_tag","embeddable":true,"href":"https:\/\/brandss.com.py\/index\/wp-json\/wp\/v2\/product_tag?post=89058"}],"curies":[{"name":"wp","href":"https:\/\/api.w.org\/{rel}","templated":true}]}}