{"id":89070,"date":"2025-08-27T19:11:25","date_gmt":"2025-08-27T19:11:25","guid":{"rendered":"https:\/\/brandss.com.py\/index\/?post_type=product&#038;p=89070"},"modified":"2026-03-17T13:31:59","modified_gmt":"2026-03-17T13:31:59","slug":"perfume-unisex-vurv-delicat-edp-100ml","status":"publish","type":"product","link":"https:\/\/brandss.com.py\/index\/producto\/perfume-unisex-vurv-delicat-edp-100ml\/","title":{"rendered":"PERFUME UNISEX VURV D\u00c9LICAT EDP 100ML"},"content":{"rendered":"<p><img loading=\"lazy\" decoding=\"async\" class=\"\" src=\"https:\/\/www.parfumonline.ch\/media\/brand\/brand\/vurv.png\" alt=\"Vurv\" width=\"336\" height=\"180\" \/><\/p>\n<h1>D\u00c9LICAT EAU DE PARFUM<\/h1>\n<p>Es una fragancia unisex, luminosa y sofisticada, que crea un et\u00e9reo tapiz de calidez, elegancia y un lujo sutil.<\/p>\n<p>Comienza con una vibrante y cautivadora explosi\u00f3n de azafr\u00e1n, que le aporta una delicada y aterciopelada especia que se siente ex\u00f3tica y refinada a la vez.<\/p>\n<p>Esto se entrelaza a la perfecci\u00f3n con la suave y floral luminosidad del jazm\u00edn, que aporta un toque de dulzura et\u00e9rea, evocando un jard\u00edn floreciente bajo la dorada luz del sol.<\/p>\n<p><img loading=\"lazy\" decoding=\"async\" class=\" wp-image-89071 alignleft\" src=\"https:\/\/brandss.com.py\/index\/wp-content\/uploads\/2025\/08\/WhatsApp-Image-2025-08-08-at-1.24.56-PM-1-400x287.jpeg\" alt=\"\" width=\"261\" height=\"187\" srcset=\"https:\/\/brandss.com.py\/index\/wp-content\/uploads\/2025\/08\/WhatsApp-Image-2025-08-08-at-1.24.56-PM-1-400x287.jpeg 400w, https:\/\/brandss.com.py\/index\/wp-content\/uploads\/2025\/08\/WhatsApp-Image-2025-08-08-at-1.24.56-PM-1-768x551.jpeg 768w, https:\/\/brandss.com.py\/index\/wp-content\/uploads\/2025\/08\/WhatsApp-Image-2025-08-08-at-1.24.56-PM-1-430x308.jpeg 430w, https:\/\/brandss.com.py\/index\/wp-content\/uploads\/2025\/08\/WhatsApp-Image-2025-08-08-at-1.24.56-PM-1-700x502.jpeg 700w, https:\/\/brandss.com.py\/index\/wp-content\/uploads\/2025\/08\/WhatsApp-Image-2025-08-08-at-1.24.56-PM-1-150x108.jpeg 150w, https:\/\/brandss.com.py\/index\/wp-content\/uploads\/2025\/08\/WhatsApp-Image-2025-08-08-at-1.24.56-PM-1.jpeg 841w\" sizes=\"auto, (max-width: 261px) 100vw, 261px\" \/><\/p>\n<p><strong><span dir=\"auto\">Notas de salida<\/span><\/strong><span dir=\"auto\">\u00a0: azafr\u00e1n, jazm\u00edn<\/span><\/p>\n<p><strong><span dir=\"auto\">Notas medias<\/span><\/strong><span dir=\"auto\">\u00a0: Amberwood<\/span><\/p>\n<p><strong><span dir=\"auto\">Notas de fondo<\/span><\/strong><span dir=\"auto\">\u00a0: resina de abeto, cedro<\/span><\/p>\n","protected":false},"excerpt":{"rendered":"<p>D\u00c9LICAT EAU DE PARFUM Es una fragancia unisex, luminosa y sofisticada, que crea un et\u00e9reo tapiz de calidez, elegancia y<\/p>\n","protected":false},"featured_media":89079,"comment_status":"open","ping_status":"closed","template":"","meta":{"nf_dc_page":""},"product_brand":[785],"product_cat":[84],"product_tag":[883],"class_list":{"0":"post-89070","1":"product","2":"type-product","3":"status-publish","4":"has-post-thumbnail","6":"product_brand-vurv","7":"product_cat-perfumeria","8":"product_tag-883","10":"first","11":"outofstock","12":"shipping-taxable","13":"purchasable","14":"product-type-simple"},"_links":{"self":[{"href":"https:\/\/brandss.com.py\/index\/wp-json\/wp\/v2\/product\/89070","targetHints":{"allow":["GET"]}}],"collection":[{"href":"https:\/\/brandss.com.py\/index\/wp-json\/wp\/v2\/product"}],"about":[{"href":"https:\/\/brandss.com.py\/index\/wp-json\/wp\/v2\/types\/product"}],"replies":[{"embeddable":true,"href":"https:\/\/brandss.com.py\/index\/wp-json\/wp\/v2\/comments?post=89070"}],"version-history":[{"count":1,"href":"https:\/\/brandss.com.py\/index\/wp-json\/wp\/v2\/product\/89070\/revisions"}],"predecessor-version":[{"id":89085,"href":"https:\/\/brandss.com.py\/index\/wp-json\/wp\/v2\/product\/89070\/revisions\/89085"}],"wp:featuredmedia":[{"embeddable":true,"href":"https:\/\/brandss.com.py\/index\/wp-json\/wp\/v2\/media\/89079"}],"wp:attachment":[{"href":"https:\/\/brandss.com.py\/index\/wp-json\/wp\/v2\/media?parent=89070"}],"wp:term":[{"taxonomy":"product_brand","embeddable":true,"href":"https:\/\/brandss.com.py\/index\/wp-json\/wp\/v2\/product_brand?post=89070"},{"taxonomy":"product_cat","embeddable":true,"href":"https:\/\/brandss.com.py\/index\/wp-json\/wp\/v2\/product_cat?post=89070"},{"taxonomy":"product_tag","embeddable":true,"href":"https:\/\/brandss.com.py\/index\/wp-json\/wp\/v2\/product_tag?post=89070"}],"curies":[{"name":"wp","href":"https:\/\/api.w.org\/{rel}","templated":true}]}}