{"id":89108,"date":"2025-08-28T12:27:56","date_gmt":"2025-08-28T12:27:56","guid":{"rendered":"https:\/\/brandss.com.py\/index\/?post_type=product&#038;p=89108"},"modified":"2025-11-24T18:07:41","modified_gmt":"2025-11-24T18:07:41","slug":"perfume-masculino-mush-mush-savage-charisma-set-de-4-piezas","status":"publish","type":"product","link":"https:\/\/brandss.com.py\/index\/producto\/perfume-masculino-mush-mush-savage-charisma-set-de-4-piezas\/","title":{"rendered":"PERFUME MASCULINO MUSH MUSH SAVAGE CHARISMA SET DE 4 PIEZAS"},"content":{"rendered":"<p><img loading=\"lazy\" decoding=\"async\" class=\"\" src=\"https:\/\/mushmushperfumes.com\/cdn\/shop\/files\/Mush_mush_logo_4.png?v=1723831141&amp;width=240\" alt=\"Mush Mush\" width=\"96\" height=\"96\" \/><\/p>\n<h1>SAVAGE CHARISMA<\/h1>\n<p><span dir=\"auto\">Libera tu magnetismo interior con\u00a0<\/span><span dir=\"auto\">Savage Charisma<\/span><span dir=\"auto\">\u00a0, una fragancia dise\u00f1ada para el hombre que se adue\u00f1a de cada espacio. Audaz, carism\u00e1tico e innegablemente seductor, este aroma combina una masculinidad pura con una elegancia refinada. Este lujoso set te garantiza una frescura inolvidable, tanto en el trabajo como en el ocio. Llama la atenci\u00f3n. Deja huella.\u00a0<\/span><span dir=\"auto\">S\u00e9 inolvidable con Savage Charisma.<\/span><\/p>\n<h3>Notas Olfativas<\/h3>\n<p data-start=\"105\" data-end=\"505\"><span dir=\"auto\">Savage Charisma es una fragancia amaderada y especiada, creada para quienes prefieren aromas intensos y duraderos. Las notas de salida de bergamota y pimienta crean una salida fresca y n\u00edtida. El coraz\u00f3n combina pimienta de Sichuan, lavanda, pimienta rosa, vetiver, pachul\u00ed, geranio y elem\u00ed, aportando calidez y complejidad. Las notas de fondo de ambrox\u00e1n, cedro y l\u00e1dano proporcionan un final profundo y amaderado.<\/span><\/p>\n<p data-start=\"535\" data-end=\"713\"><span dir=\"auto\">\u2714 Notas de salida: bergamota, pimienta.<\/span><br data-start=\"568\" data-end=\"571\" \/><span dir=\"auto\">\u2714 Notas de coraz\u00f3n: pimienta de Sichuan, lavanda, pimienta rosa, vetiver, pachul\u00ed, geranio, elem\u00ed.<\/span><br data-start=\"665\" data-end=\"668\" \/><span dir=\"auto\">\u2714 Notas de fondo: ambroxan, cedro, l\u00e1dano.<\/span><\/p>\n<p data-start=\"715\" data-end=\"867\"><span dir=\"auto\">Esta fragancia masculina de larga duraci\u00f3n es ideal para la noche, ocasiones especiales o para cualquier persona que prefiera un aroma picante, amaderado y sofisticado.<\/span><\/p>\n<p data-start=\"715\" data-end=\"867\"><strong>Este set incluye:<\/strong><\/p>\n<ul>\n<li data-start=\"715\" data-end=\"867\"><span dir=\"auto\">1 EDP 100ml .<\/span><\/li>\n<li data-start=\"715\" data-end=\"867\">1 EDP formato viaje 15ml.<\/li>\n<li data-start=\"715\" data-end=\"867\">1 Gel de ducha 150ml.<\/li>\n<li data-start=\"715\" data-end=\"867\">1 Loci\u00f3n para despues del afeitado 150ml.<\/li>\n<\/ul>\n","protected":false},"excerpt":{"rendered":"<p>SAVAGE CHARISMA Libera tu magnetismo interior con\u00a0Savage Charisma\u00a0, una fragancia dise\u00f1ada para el hombre que se adue\u00f1a de cada espacio.<\/p>\n","protected":false},"featured_media":89109,"comment_status":"open","ping_status":"closed","template":"","meta":{"nf_dc_page":""},"product_brand":[96],"product_cat":[84],"product_tag":[1473],"class_list":{"0":"post-89108","1":"product","2":"type-product","3":"status-publish","4":"has-post-thumbnail","6":"product_brand-mush-mush","7":"product_cat-perfumeria","8":"product_tag-1473","10":"first","11":"instock","12":"shipping-taxable","13":"purchasable","14":"product-type-simple"},"_links":{"self":[{"href":"https:\/\/brandss.com.py\/index\/wp-json\/wp\/v2\/product\/89108","targetHints":{"allow":["GET"]}}],"collection":[{"href":"https:\/\/brandss.com.py\/index\/wp-json\/wp\/v2\/product"}],"about":[{"href":"https:\/\/brandss.com.py\/index\/wp-json\/wp\/v2\/types\/product"}],"replies":[{"embeddable":true,"href":"https:\/\/brandss.com.py\/index\/wp-json\/wp\/v2\/comments?post=89108"}],"version-history":[{"count":1,"href":"https:\/\/brandss.com.py\/index\/wp-json\/wp\/v2\/product\/89108\/revisions"}],"predecessor-version":[{"id":89113,"href":"https:\/\/brandss.com.py\/index\/wp-json\/wp\/v2\/product\/89108\/revisions\/89113"}],"wp:featuredmedia":[{"embeddable":true,"href":"https:\/\/brandss.com.py\/index\/wp-json\/wp\/v2\/media\/89109"}],"wp:attachment":[{"href":"https:\/\/brandss.com.py\/index\/wp-json\/wp\/v2\/media?parent=89108"}],"wp:term":[{"taxonomy":"product_brand","embeddable":true,"href":"https:\/\/brandss.com.py\/index\/wp-json\/wp\/v2\/product_brand?post=89108"},{"taxonomy":"product_cat","embeddable":true,"href":"https:\/\/brandss.com.py\/index\/wp-json\/wp\/v2\/product_cat?post=89108"},{"taxonomy":"product_tag","embeddable":true,"href":"https:\/\/brandss.com.py\/index\/wp-json\/wp\/v2\/product_tag?post=89108"}],"curies":[{"name":"wp","href":"https:\/\/api.w.org\/{rel}","templated":true}]}}