{"id":89119,"date":"2025-08-28T13:43:50","date_gmt":"2025-08-28T13:43:50","guid":{"rendered":"https:\/\/brandss.com.py\/index\/?post_type=product&#038;p=89119"},"modified":"2025-11-24T18:09:50","modified_gmt":"2025-11-24T18:09:50","slug":"perfume-femenino-mush-mush-glamorous-bouquet-set-de-4-piezas","status":"publish","type":"product","link":"https:\/\/brandss.com.py\/index\/producto\/perfume-femenino-mush-mush-glamorous-bouquet-set-de-4-piezas\/","title":{"rendered":"PERFUME FEMENINO MUSH MUSH GLAMOROUS BOUQUET SET DE 4 PIEZAS"},"content":{"rendered":"<p><img loading=\"lazy\" decoding=\"async\" class=\"\" src=\"https:\/\/mushmushperfumes.com\/cdn\/shop\/files\/Mush_mush_logo_4.png?v=1723831141&amp;width=240\" alt=\"Mush Mush\" width=\"111\" height=\"111\" \/><\/p>\n<h1>GLAMOROUS BOUQUET<\/h1>\n<p><span dir=\"auto\">Glamorous Bouquet<\/span><span dir=\"auto\"> es una fragancia que encarna el lujo y la gracia femenina. Esta encantadora mezcla de notas florales y delicadas evoca una sensaci\u00f3n de romance y belleza atemporal. Dise\u00f1ado para la mujer que ama brillar, para que te sientas envuelta en elegancia todo el d\u00eda. Haz que cada momento sea una declaraci\u00f3n de intenciones con <\/span><span dir=\"auto\">Glamorous Bouquet<\/span><span dir=\"auto\">. Este perfume femenino de larga duraci\u00f3n es ideal tanto para el uso diario como para ocasiones especiales, y ofrece una mezcla equilibrada de frescura c\u00edtrica, elegancia floral y c\u00e1lidos acordes amaderados.<\/span><\/p>\n<p>&nbsp;<\/p>\n<h3>Notas Olfativas<\/h3>\n<p>&nbsp;<\/p>\n<p>Glamorous Bouquet es una fragancia floral-frutal con una rica composici\u00f3n de c\u00edtricos, rosa, jazm\u00edn, vainilla y almizcle. La fragancia se abre con naranja fresca, mandarina, bergamota y flor de azahar, ofreciendo un comienzo brillante y c\u00edtrico. Las notas de coraz\u00f3n de rosa turca, jazm\u00edn, mimosa e ylang-ylang aportan un suave toque floral. Las notas de fondo de pachul\u00ed, almizcle blanco, vainilla, vetiver, haba tonka y opop\u00f3naco aportan calidez y profundidad para un final duradero.<\/p>\n<p>\u2714<strong> Notas de salida:<\/strong> naranja, mandarina, bergamota, flor de azahar.<br \/>\n\u2714 <strong>Notas de coraz\u00f3n:<\/strong> rosa turca, jazm\u00edn, mimosa, ylang-ylang.<br \/>\n\u2714 <strong>Notas de fondo:<\/strong> pachul\u00ed, almizcle blanco, vainilla, vetiver, haba tonka, opop\u00f3naco.<\/p>\n<p>&nbsp;<\/p>\n<p>&nbsp;<\/p>\n<p><strong><span dir=\"auto\">Este set incluye<\/span><\/strong><\/p>\n<p>&nbsp;<\/p>\n<ul>\n<li><span dir=\"auto\">1 Eau de Parfum 100ml.<\/span><\/li>\n<li>1 EDP en formato viaje 15ml.<\/li>\n<li>1 Bruma corporal nutritiva 110 ml.<\/li>\n<li>1 Loci\u00f3n corporal hidratante 150ml.<\/li>\n<\/ul>\n<p>&nbsp;<\/p>\n","protected":false},"excerpt":{"rendered":"<p>GLAMOROUS BOUQUET Glamorous Bouquet es una fragancia que encarna el lujo y la gracia femenina. Esta encantadora mezcla de notas<\/p>\n","protected":false},"featured_media":89120,"comment_status":"open","ping_status":"closed","template":"","meta":{"nf_dc_page":""},"product_brand":[96],"product_cat":[84],"product_tag":[1475],"class_list":{"0":"post-89119","1":"product","2":"type-product","3":"status-publish","4":"has-post-thumbnail","6":"product_brand-mush-mush","7":"product_cat-perfumeria","8":"product_tag-1475","10":"first","11":"outofstock","12":"shipping-taxable","13":"purchasable","14":"product-type-simple"},"_links":{"self":[{"href":"https:\/\/brandss.com.py\/index\/wp-json\/wp\/v2\/product\/89119","targetHints":{"allow":["GET"]}}],"collection":[{"href":"https:\/\/brandss.com.py\/index\/wp-json\/wp\/v2\/product"}],"about":[{"href":"https:\/\/brandss.com.py\/index\/wp-json\/wp\/v2\/types\/product"}],"replies":[{"embeddable":true,"href":"https:\/\/brandss.com.py\/index\/wp-json\/wp\/v2\/comments?post=89119"}],"version-history":[{"count":1,"href":"https:\/\/brandss.com.py\/index\/wp-json\/wp\/v2\/product\/89119\/revisions"}],"predecessor-version":[{"id":89124,"href":"https:\/\/brandss.com.py\/index\/wp-json\/wp\/v2\/product\/89119\/revisions\/89124"}],"wp:featuredmedia":[{"embeddable":true,"href":"https:\/\/brandss.com.py\/index\/wp-json\/wp\/v2\/media\/89120"}],"wp:attachment":[{"href":"https:\/\/brandss.com.py\/index\/wp-json\/wp\/v2\/media?parent=89119"}],"wp:term":[{"taxonomy":"product_brand","embeddable":true,"href":"https:\/\/brandss.com.py\/index\/wp-json\/wp\/v2\/product_brand?post=89119"},{"taxonomy":"product_cat","embeddable":true,"href":"https:\/\/brandss.com.py\/index\/wp-json\/wp\/v2\/product_cat?post=89119"},{"taxonomy":"product_tag","embeddable":true,"href":"https:\/\/brandss.com.py\/index\/wp-json\/wp\/v2\/product_tag?post=89119"}],"curies":[{"name":"wp","href":"https:\/\/api.w.org\/{rel}","templated":true}]}}