{"id":89130,"date":"2025-08-28T17:41:35","date_gmt":"2025-08-28T17:41:35","guid":{"rendered":"https:\/\/brandss.com.py\/index\/?post_type=product&#038;p=89130"},"modified":"2025-11-24T18:11:36","modified_gmt":"2025-11-24T18:11:36","slug":"perfume-femenino-mush-mush-divine-nectar-set-de-4-piezas","status":"publish","type":"product","link":"https:\/\/brandss.com.py\/index\/producto\/perfume-femenino-mush-mush-divine-nectar-set-de-4-piezas\/","title":{"rendered":"PERFUME FEMENINO MUSH MUSH DIVINE NECTAR SET DE 4 PIEZAS"},"content":{"rendered":"<p><img loading=\"lazy\" decoding=\"async\" class=\"\" src=\"https:\/\/mushmushperfumes.com\/cdn\/shop\/files\/Mush_mush_logo_4.png?v=1723831141&amp;width=240\" alt=\"Mush Mush\" width=\"71\" height=\"71\" \/><\/p>\n<h1>DIVINE NECTAR<\/h1>\n<p><span dir=\"auto\">Una fragancia tan encantadora como su nombre, <\/span><span dir=\"auto\">Divine Nectar<\/span><span dir=\"auto\">\u00a0es una sinfon\u00eda de elegancia y sensualidad. Este exquisito aroma captura la esencia de la feminidad, irradiando calidez, gracia y un encanto innegable. Ya sea para usar durante el d\u00eda o para una noche encantadora,\u00a0<\/span><span dir=\"auto\">Divine Nectar<\/span><span dir=\"auto\"> te envuelve en un abrazo lujoso, dejando una estela de irresistible encanto. Tu ritual completo para una belleza y fragancia duraderas.<\/span><\/p>\n<h3>Notas Olfativas<\/h3>\n<p data-start=\"104\" data-end=\"556\"><span dir=\"auto\">Divine Nectar es una fragancia afrutada, floral y gourmand con una equilibrada composici\u00f3n de grosella negra, pera, iris, jazm\u00edn, flor de azahar, pralin\u00e9, vainilla, pachul\u00ed y haba tonka. Las notas de salida de grosella negra y pera ofrecen una salida fresca y ligeramente dulce, seguida de una mezcla floral de iris, jazm\u00edn y flor de azahar. Las notas de fondo de pralin\u00e9, vainilla, pachul\u00ed y haba tonka crean un final c\u00e1lido y duradero. Esta fragancia es adecuada para el uso diario o para ocasiones especiales, ofreciendo un aroma duradero con una mezcla de elementos frescos, florales y c\u00e1lidos.<\/span><\/p>\n<ul data-start=\"586\" data-end=\"736\">\n<li data-start=\"586\" data-end=\"624\"><span dir=\"auto\"><strong>Notas de salida:<\/strong> Grosella negra, pera.<\/span><\/li>\n<li data-start=\"625\" data-end=\"676\"><span dir=\"auto\"><strong>Notas de coraz\u00f3n:<\/strong> iris, jazm\u00edn, flor de naranja.<\/span><\/li>\n<li data-start=\"677\" data-end=\"736\"><span dir=\"auto\"><strong>Notas de fondo:<\/strong> pralin\u00e9, vainilla, pachul\u00ed, haba tonka.<\/span><\/li>\n<\/ul>\n<p data-start=\"738\" data-end=\"882\">\n<p><strong><span dir=\"auto\">El set incluye <\/span><\/strong><\/p>\n<ul>\n<li><span dir=\"auto\">1 Eau de Parfum 100ml.<\/span><\/li>\n<li>1 EDP en formato viaje 15ml.<\/li>\n<li>1 Loci\u00f3n corporal nutritiva 150ml.<\/li>\n<li>1 Bruma corporal refrescante 110ml.<\/li>\n<\/ul>\n","protected":false},"excerpt":{"rendered":"<p>DIVINE NECTAR Una fragancia tan encantadora como su nombre, Divine Nectar\u00a0es una sinfon\u00eda de elegancia y sensualidad. Este exquisito aroma<\/p>\n","protected":false},"featured_media":89131,"comment_status":"open","ping_status":"closed","template":"","meta":{"nf_dc_page":""},"product_brand":[96],"product_cat":[84],"product_tag":[1477],"class_list":{"0":"post-89130","1":"product","2":"type-product","3":"status-publish","4":"has-post-thumbnail","6":"product_brand-mush-mush","7":"product_cat-perfumeria","8":"product_tag-1477","10":"first","11":"outofstock","12":"shipping-taxable","13":"purchasable","14":"product-type-simple"},"_links":{"self":[{"href":"https:\/\/brandss.com.py\/index\/wp-json\/wp\/v2\/product\/89130","targetHints":{"allow":["GET"]}}],"collection":[{"href":"https:\/\/brandss.com.py\/index\/wp-json\/wp\/v2\/product"}],"about":[{"href":"https:\/\/brandss.com.py\/index\/wp-json\/wp\/v2\/types\/product"}],"replies":[{"embeddable":true,"href":"https:\/\/brandss.com.py\/index\/wp-json\/wp\/v2\/comments?post=89130"}],"version-history":[{"count":1,"href":"https:\/\/brandss.com.py\/index\/wp-json\/wp\/v2\/product\/89130\/revisions"}],"predecessor-version":[{"id":89135,"href":"https:\/\/brandss.com.py\/index\/wp-json\/wp\/v2\/product\/89130\/revisions\/89135"}],"wp:featuredmedia":[{"embeddable":true,"href":"https:\/\/brandss.com.py\/index\/wp-json\/wp\/v2\/media\/89131"}],"wp:attachment":[{"href":"https:\/\/brandss.com.py\/index\/wp-json\/wp\/v2\/media?parent=89130"}],"wp:term":[{"taxonomy":"product_brand","embeddable":true,"href":"https:\/\/brandss.com.py\/index\/wp-json\/wp\/v2\/product_brand?post=89130"},{"taxonomy":"product_cat","embeddable":true,"href":"https:\/\/brandss.com.py\/index\/wp-json\/wp\/v2\/product_cat?post=89130"},{"taxonomy":"product_tag","embeddable":true,"href":"https:\/\/brandss.com.py\/index\/wp-json\/wp\/v2\/product_tag?post=89130"}],"curies":[{"name":"wp","href":"https:\/\/api.w.org\/{rel}","templated":true}]}}