{"id":89136,"date":"2025-08-28T18:08:18","date_gmt":"2025-08-28T18:08:18","guid":{"rendered":"https:\/\/brandss.com.py\/index\/?post_type=product&#038;p=89136"},"modified":"2026-03-14T14:07:52","modified_gmt":"2026-03-14T14:07:52","slug":"perfume-femenino-animale-seduction-femme-edp-100ml","status":"publish","type":"product","link":"https:\/\/brandss.com.py\/index\/producto\/perfume-femenino-animale-seduction-femme-edp-100ml\/","title":{"rendered":"PERFUME FEMENINO ANIMALE SEDUCTION FEMME EDP 100ML"},"content":{"rendered":"<p><img loading=\"lazy\" decoding=\"async\" class=\"\" src=\"https:\/\/priveperfumes.com\/cdn\/shop\/collections\/animale-prive-perfumes-banner.webp?v=1741500465&amp;width=1024\" alt=\"Animale | Perfumes de Lujo | Priv\u00e9 Perfumes\" width=\"93\" height=\"93\" \/><\/p>\n<h1>SEDUCTION FEMME<\/h1>\n<h6><em>Moderno. Sexy. Femenino.<\/em><\/h6>\n<p>Animale Seduction Femme de Animale es una fragancia impactante, sensual e irresistible para mujeres intensas y naturalmente seductoras.<img loading=\"lazy\" decoding=\"async\" class=\"alignright\" src=\"https:\/\/cdn.shopify.com\/s\/files\/1\/0050\/9761\/9505\/files\/Los-7-Mejores-Perfumes-De-Animale-Para-Mujeres-1_480x480.jpg?v=1631299598\" width=\"340\" height=\"206\" \/><\/p>\n<p>Una esencia envolvente y femenina, donde las frutas vibrantes se entrelazan con un coraz\u00f3n floral opulento y una base dulce y c\u00e1lida. Este embriagador aroma combina acordes sensuales, creando una esencia deliciosamente dulce y tentadora.<\/p>\n<p>Deja que Animale Seduction te envuelva en un estado de \u00e1nimo alegre y lleno de energ\u00eda.<\/p>\n<p>&nbsp;<\/p>\n<h3>Notas Olfativas<\/h3>\n<p>&nbsp;<\/p>\n<p>Animale Seduction Femme de Animale es una fragancia de la familia olfativa Floral para Mujeres.<\/p>\n<h2><img loading=\"lazy\" decoding=\"async\" class=\"alignleft\" src=\"https:\/\/www.myperfumeshop.co.nz\/cdn\/shop\/files\/pixelcut-export_3_acbaf739-6c21-4880-818e-addb227f5906.jpg?v=1724321397&amp;width=1000\" width=\"374\" height=\"374\" \/><\/h2>\n<p>Animale Seduction Femme se lanz\u00f3 en 2019.<\/p>\n<p>Su composici\u00f3n fusiona notas frutales, florales y gourmand en un aroma seductor y sofisticado.<\/p>\n<ul>\n<li><strong>Notas de salida:<\/strong>\u00a0casis (grosellero negro), frambuesa y toronja (pomelo).<\/li>\n<li><strong>Notas de coraz\u00f3n:<\/strong>\u00a0rosa, nardos y jazm\u00edn.<\/li>\n<li><strong>Notas de fondo:<\/strong>\u00a0pralin\u00e9, pachul\u00ed y \u00e1mbar.<\/li>\n<\/ul>\n<p>&nbsp;<\/p>\n","protected":false},"excerpt":{"rendered":"<p>SEDUCTION FEMME Moderno. Sexy. Femenino. Animale Seduction Femme de Animale es una fragancia impactante, sensual e irresistible para mujeres intensas<\/p>\n","protected":false},"featured_media":89137,"comment_status":"open","ping_status":"closed","template":"","meta":{"nf_dc_page":""},"product_brand":[97],"product_cat":[84],"product_tag":[2201],"class_list":{"0":"post-89136","1":"product","2":"type-product","3":"status-publish","4":"has-post-thumbnail","6":"product_brand-animale","7":"product_cat-perfumeria","8":"product_tag-2201","10":"first","11":"outofstock","12":"shipping-taxable","13":"purchasable","14":"product-type-simple"},"_links":{"self":[{"href":"https:\/\/brandss.com.py\/index\/wp-json\/wp\/v2\/product\/89136","targetHints":{"allow":["GET"]}}],"collection":[{"href":"https:\/\/brandss.com.py\/index\/wp-json\/wp\/v2\/product"}],"about":[{"href":"https:\/\/brandss.com.py\/index\/wp-json\/wp\/v2\/types\/product"}],"replies":[{"embeddable":true,"href":"https:\/\/brandss.com.py\/index\/wp-json\/wp\/v2\/comments?post=89136"}],"version-history":[{"count":1,"href":"https:\/\/brandss.com.py\/index\/wp-json\/wp\/v2\/product\/89136\/revisions"}],"predecessor-version":[{"id":89141,"href":"https:\/\/brandss.com.py\/index\/wp-json\/wp\/v2\/product\/89136\/revisions\/89141"}],"wp:featuredmedia":[{"embeddable":true,"href":"https:\/\/brandss.com.py\/index\/wp-json\/wp\/v2\/media\/89137"}],"wp:attachment":[{"href":"https:\/\/brandss.com.py\/index\/wp-json\/wp\/v2\/media?parent=89136"}],"wp:term":[{"taxonomy":"product_brand","embeddable":true,"href":"https:\/\/brandss.com.py\/index\/wp-json\/wp\/v2\/product_brand?post=89136"},{"taxonomy":"product_cat","embeddable":true,"href":"https:\/\/brandss.com.py\/index\/wp-json\/wp\/v2\/product_cat?post=89136"},{"taxonomy":"product_tag","embeddable":true,"href":"https:\/\/brandss.com.py\/index\/wp-json\/wp\/v2\/product_tag?post=89136"}],"curies":[{"name":"wp","href":"https:\/\/api.w.org\/{rel}","templated":true}]}}