{"id":89147,"date":"2025-08-28T19:13:26","date_gmt":"2025-08-28T19:13:26","guid":{"rendered":"https:\/\/brandss.com.py\/index\/?post_type=product&#038;p=89147"},"modified":"2025-08-29T11:44:41","modified_gmt":"2025-08-29T11:44:41","slug":"perfume-femenino-mb-parfums-yes-rouge-edp-100ml","status":"publish","type":"product","link":"https:\/\/brandss.com.py\/index\/producto\/perfume-femenino-mb-parfums-yes-rouge-edp-100ml\/","title":{"rendered":"PERFUME FEMENINO MB PARFUMS YES ROUGE EDP 100ML"},"content":{"rendered":"<p><img loading=\"lazy\" decoding=\"async\" class=\"\" src=\"https:\/\/cdn.dotpe.in\/longtail\/store-logo\/6392735\/MNlh6zDM.jpeg\" alt=\"MB Perfumes &amp;amp; Petrova Cosmetics, MUMBAI - Order Online\" width=\"105\" height=\"105\" \/><\/p>\n<h1>YES ROUGE<\/h1>\n<p>Es una fragancia vibrante y femenina que captura la esencia de la pasi\u00f3n y el encanto. Dise\u00f1ada para mujeres audaces y sofisticadas, esta fragancia se despliega en un fascinante contraste de notas dulces y florales, haciendo de cada d\u00eda una ocasi\u00f3n especial.<\/p>\n<p>Yes Rouge EDP es una fragancia oriental femenina que envuelve con su elegancia y profundidad ex\u00f3tica. Este perfume ha sido creado para mujeres que buscan un aroma distintivo, que exprese sofisticaci\u00f3n y sensualidad en cada gota.<\/p>\n<p>Desde la primera aplicaci\u00f3n, &#8220;Yes Rouge&#8221; cautiva los sentidos con sus notas de salida especiadas, que combinan toques vibrantes de c\u00edtricos o frutas ex\u00f3ticas, creando una apertura intensa y cautivadora.<\/p>\n<h3>Notas Olfativas<\/h3>\n<p><span dir=\"auto\">Yes Rouge es una fragancia audaz y cautivadora que irradia confianza y encanto. La fragancia se abre con una vibrante y vigorizante mezcla de pera jugosa, grosella negra \u00e1cida, pimienta rosa picante y pomelo c\u00edtrico, creando una entrada din\u00e1mica y refrescante. El coraz\u00f3n revela un exuberante y sofisticado bouquet de pi\u00f1a, elegante rosa, arom\u00e1tico jazm\u00edn y delicado heliotropo, que a\u00f1ade complejidad y profundidad. Las notas de fondo ofrecen un final c\u00e1lido y sensual con vainilla cremosa, cedro terroso, rico pachul\u00ed y el lujoso toque de madera de \u00e1mbar. Yes Rouge est\u00e1 dise\u00f1ado para quienes buscan la fuerza y \u200b\u200bel encanto de su interior, causando una impresi\u00f3n impactante y memorable dondequiera que vayan.<\/span><\/p>\n<p>&nbsp;<\/p>\n<p><span dir=\"auto\"><strong>Notas de salida:<\/strong> pera, grosella negra, pimienta rosa y pomelo.<\/span><\/p>\n<p><span dir=\"auto\"><strong>Notas de coraz\u00f3n:<\/strong> pi\u00f1a, rosa, jazm\u00edn y heliotropo.<\/span><\/p>\n<p><span dir=\"auto\"><strong>Notas de fondo:<\/strong> vainilla, cedro, pachul\u00ed y \u00e1mbar.<\/span><\/p>\n","protected":false},"excerpt":{"rendered":"<p>YES ROUGE Es una fragancia vibrante y femenina que captura la esencia de la pasi\u00f3n y el encanto. Dise\u00f1ada para<\/p>\n","protected":false},"featured_media":89148,"comment_status":"open","ping_status":"closed","template":"","meta":{"nf_dc_page":""},"product_brand":[98],"product_cat":[84],"product_tag":[],"class_list":{"0":"post-89147","1":"product","2":"type-product","3":"status-publish","4":"has-post-thumbnail","6":"product_brand-mb-parfums","7":"product_cat-perfumeria","9":"first","10":"instock","11":"shipping-taxable","12":"purchasable","13":"product-type-simple"},"_links":{"self":[{"href":"https:\/\/brandss.com.py\/index\/wp-json\/wp\/v2\/product\/89147","targetHints":{"allow":["GET"]}}],"collection":[{"href":"https:\/\/brandss.com.py\/index\/wp-json\/wp\/v2\/product"}],"about":[{"href":"https:\/\/brandss.com.py\/index\/wp-json\/wp\/v2\/types\/product"}],"replies":[{"embeddable":true,"href":"https:\/\/brandss.com.py\/index\/wp-json\/wp\/v2\/comments?post=89147"}],"version-history":[{"count":2,"href":"https:\/\/brandss.com.py\/index\/wp-json\/wp\/v2\/product\/89147\/revisions"}],"predecessor-version":[{"id":89160,"href":"https:\/\/brandss.com.py\/index\/wp-json\/wp\/v2\/product\/89147\/revisions\/89160"}],"wp:featuredmedia":[{"embeddable":true,"href":"https:\/\/brandss.com.py\/index\/wp-json\/wp\/v2\/media\/89148"}],"wp:attachment":[{"href":"https:\/\/brandss.com.py\/index\/wp-json\/wp\/v2\/media?parent=89147"}],"wp:term":[{"taxonomy":"product_brand","embeddable":true,"href":"https:\/\/brandss.com.py\/index\/wp-json\/wp\/v2\/product_brand?post=89147"},{"taxonomy":"product_cat","embeddable":true,"href":"https:\/\/brandss.com.py\/index\/wp-json\/wp\/v2\/product_cat?post=89147"},{"taxonomy":"product_tag","embeddable":true,"href":"https:\/\/brandss.com.py\/index\/wp-json\/wp\/v2\/product_tag?post=89147"}],"curies":[{"name":"wp","href":"https:\/\/api.w.org\/{rel}","templated":true}]}}