{"id":89161,"date":"2025-08-29T12:14:14","date_gmt":"2025-08-29T12:14:14","guid":{"rendered":"https:\/\/brandss.com.py\/index\/?post_type=product&#038;p=89161"},"modified":"2025-08-29T12:14:56","modified_gmt":"2025-08-29T12:14:56","slug":"perfume-femenino-mb-parfums-bright-diamonds-edt-100ml","status":"publish","type":"product","link":"https:\/\/brandss.com.py\/index\/producto\/perfume-femenino-mb-parfums-bright-diamonds-edt-100ml\/","title":{"rendered":"PERFUME FEMENINO MB PARFUMS BRIGHT DIAMONDS EDT 100ML"},"content":{"rendered":"<p><img loading=\"lazy\" decoding=\"async\" class=\"\" src=\"https:\/\/cdn.dotpe.in\/longtail\/store-logo\/6392735\/MNlh6zDM.jpeg\" alt=\"MB Perfumes &amp;amp; Petrova Cosmetics, MUMBAI - Order Online\" width=\"116\" height=\"116\" \/><\/p>\n<h1>BRIGHT DIAMONDS<\/h1>\n<p>Una fragancia cautivadora dise\u00f1ada para celebrar la esencia de la mujer moderna que abraza su individualidad y se expresa con valent\u00eda. Una lujosa sinfon\u00eda de varios niveles combina la armon\u00eda de chispeantes acordes c\u00edtricos y el suave romance del encanto floral. Un elegante frasco enmarcado en oro brillante revela las notas sensuales de una personalidad sofisticada. La ambivalencia contradictoria de la naturaleza se manifiesta claramente en la pir\u00e1mide olfativa, atray\u00e9ndote gradualmente hacia su red.<\/p>\n<p>&nbsp;<\/p>\n<h3>Notas Olfativas<\/h3>\n<p>&nbsp;<\/p>\n<p><span dir=\"auto\">Una voluptuosa fragancia floral y afrutada que se siente encantadora y luminosa a la vez. Una fragancia vers\u00e1til que te alegra el d\u00eda al instante, en cualquier momento, d\u00eda y lugar. Las notas altas se abren con acordes chispeantes de bergamota y lim\u00f3n, que se combinan con los sonidos tr\u00e9mulos del neroli y la jugosidad de la pera. Las notas medias dan la bienvenida a la flor de naranjo y los ecos acu\u00e1ticos de la azucena, entrelazados con toques florales de fresia y mimosa. Las notas de fondo sorprenden con los misteriosos trinos de la madera de gaiac, reforzando la seriedad de las intenciones con seductores acordes almizclados y c\u00e1lido \u00e1mbar.<\/span><\/p>\n<ul>\n<li><strong><span dir=\"auto\">Notas de salida:<\/span><\/strong><span dir=\"auto\"> Bergamota, Lim\u00f3n, Neroli, Pera.<\/span><\/li>\n<li><strong><span dir=\"auto\">Notas de coraz\u00f3n:<\/span><\/strong><span dir=\"auto\"> Fresia, Mimosa, Flor de Azahar, Nen\u00fafar.<\/span><\/li>\n<li><strong><span dir=\"auto\">Notas de fondo:<\/span><\/strong><span dir=\"auto\">\u00a0\u00c1mbar gris, Madera de Guayaco, Almizcle.<\/span><\/li>\n<\/ul>\n","protected":false},"excerpt":{"rendered":"<p>BRIGHT DIAMONDS Una fragancia cautivadora dise\u00f1ada para celebrar la esencia de la mujer moderna que abraza su individualidad y se<\/p>\n","protected":false},"featured_media":89162,"comment_status":"open","ping_status":"closed","template":"","meta":{"nf_dc_page":""},"product_brand":[98],"product_cat":[84],"product_tag":[],"class_list":{"0":"post-89161","1":"product","2":"type-product","3":"status-publish","4":"has-post-thumbnail","6":"product_brand-mb-parfums","7":"product_cat-perfumeria","9":"first","10":"instock","11":"shipping-taxable","12":"purchasable","13":"product-type-simple"},"_links":{"self":[{"href":"https:\/\/brandss.com.py\/index\/wp-json\/wp\/v2\/product\/89161","targetHints":{"allow":["GET"]}}],"collection":[{"href":"https:\/\/brandss.com.py\/index\/wp-json\/wp\/v2\/product"}],"about":[{"href":"https:\/\/brandss.com.py\/index\/wp-json\/wp\/v2\/types\/product"}],"replies":[{"embeddable":true,"href":"https:\/\/brandss.com.py\/index\/wp-json\/wp\/v2\/comments?post=89161"}],"version-history":[{"count":1,"href":"https:\/\/brandss.com.py\/index\/wp-json\/wp\/v2\/product\/89161\/revisions"}],"predecessor-version":[{"id":89165,"href":"https:\/\/brandss.com.py\/index\/wp-json\/wp\/v2\/product\/89161\/revisions\/89165"}],"wp:featuredmedia":[{"embeddable":true,"href":"https:\/\/brandss.com.py\/index\/wp-json\/wp\/v2\/media\/89162"}],"wp:attachment":[{"href":"https:\/\/brandss.com.py\/index\/wp-json\/wp\/v2\/media?parent=89161"}],"wp:term":[{"taxonomy":"product_brand","embeddable":true,"href":"https:\/\/brandss.com.py\/index\/wp-json\/wp\/v2\/product_brand?post=89161"},{"taxonomy":"product_cat","embeddable":true,"href":"https:\/\/brandss.com.py\/index\/wp-json\/wp\/v2\/product_cat?post=89161"},{"taxonomy":"product_tag","embeddable":true,"href":"https:\/\/brandss.com.py\/index\/wp-json\/wp\/v2\/product_tag?post=89161"}],"curies":[{"name":"wp","href":"https:\/\/api.w.org\/{rel}","templated":true}]}}