{"id":89166,"date":"2025-08-29T12:37:11","date_gmt":"2025-08-29T12:37:11","guid":{"rendered":"https:\/\/brandss.com.py\/index\/?post_type=product&#038;p=89166"},"modified":"2025-08-29T12:40:48","modified_gmt":"2025-08-29T12:40:48","slug":"perfume-masculino-mb-parfums-invincible-gold-edt-100ml","status":"publish","type":"product","link":"https:\/\/brandss.com.py\/index\/producto\/perfume-masculino-mb-parfums-invincible-gold-edt-100ml\/","title":{"rendered":"PERFUME MASCULINO MB PARFUMS INVINCIBLE GOLD EDT 100ML"},"content":{"rendered":"<p><img loading=\"lazy\" decoding=\"async\" class=\"\" src=\"https:\/\/cdn.dotpe.in\/longtail\/store-logo\/6392735\/MNlh6zDM.jpeg\" alt=\"MB Perfumes &amp;amp; Petrova Cosmetics, MUMBAI - Order Online\" width=\"99\" height=\"99\" \/><\/p>\n<h1>INVINCIBLE GOLD<\/h1>\n<p>Libera tu esp\u00edritu invencible con el perfume Invincible Gold. Esta cautivadora fragancia celebra la fuerza y \u200b\u200bla elegancia con su cautivadora fusi\u00f3n. Es un aroma que irradia confianza y poder, dejando una estela de encanto y sofisticaci\u00f3n. Descubre tu invencibilidad interior con Invincible Gold hoy mismo.<\/p>\n<p><img decoding=\"async\" class=\"alignleft\" src=\"https:\/\/m.media-amazon.com\/images\/I\/713dD8J9HvL._SX466_.jpg\" \/><\/p>\n<h3>Notas Olfativas<\/h3>\n<p>&nbsp;<\/p>\n<p><span dir=\"auto\">Invincible Gold es una fragancia sofisticada y din\u00e1mica que irradia confianza y elegancia. La fragancia se abre con una mezcla fresca y vigorizante de notas marinas, lavanda y pimienta rosa, creando una entrada fresca y arom\u00e1tica, refrescante y audaz. El coraz\u00f3n revela una combinaci\u00f3n \u00fanica e intrigante de jab\u00f3n, hoja de violeta y mirto, que aporta un car\u00e1cter limpio y ligeramente herb\u00e1ceo que realza la complejidad de la fragancia. Las notas de fondo proporcionan un final c\u00e1lido y lujoso con la suave profundidad del almizcle, la rica y reconfortante esencia del cachemir y la elegancia atemporal del s\u00e1ndalo. MB Invincible Gold est\u00e1 dise\u00f1ada para quienes aprecian una presencia refinada e imponente, dejando una impresi\u00f3n duradera de fuerza y \u200b\u200bsofisticaci\u00f3n.<\/span><\/p>\n<p class=\"western\">Invincible Gold es una familia olfativa amaderada para hombre . Esta fascinante fragancia celebra la fuerza y \u200b\u200bla elegancia con su cautivadora fusi\u00f3n de bergamota fresca, ricas especias y precioso oud. Es un aroma que irradia confianza y poder, dejando una estela de encanto y sofisticaci\u00f3n. Sus notas est\u00e1n compuestas por los siguientes ingredientes.<\/p>\n<ul>\n<li class=\"western\"><strong>Notas de salida: <\/strong>Notas marina, lavanda y pimienta rosa.<\/li>\n<li class=\"western\"><strong>Notas de coraz\u00f3n:<\/strong>\u00a0Jab\u00f3n, hoja de violeta y mirto.<\/li>\n<li class=\"western\"><strong>Notas de fondo:<\/strong>\u00a0almizcle, cachemira y s\u00e1ndalo.<\/li>\n<\/ul>\n","protected":false},"excerpt":{"rendered":"<p>INVINCIBLE GOLD Libera tu esp\u00edritu invencible con el perfume Invincible Gold. Esta cautivadora fragancia celebra la fuerza y \u200b\u200bla elegancia<\/p>\n","protected":false},"featured_media":89167,"comment_status":"open","ping_status":"closed","template":"","meta":{"nf_dc_page":""},"product_brand":[98],"product_cat":[84],"product_tag":[],"class_list":{"0":"post-89166","1":"product","2":"type-product","3":"status-publish","4":"has-post-thumbnail","6":"product_brand-mb-parfums","7":"product_cat-perfumeria","9":"first","10":"instock","11":"shipping-taxable","12":"purchasable","13":"product-type-simple"},"_links":{"self":[{"href":"https:\/\/brandss.com.py\/index\/wp-json\/wp\/v2\/product\/89166","targetHints":{"allow":["GET"]}}],"collection":[{"href":"https:\/\/brandss.com.py\/index\/wp-json\/wp\/v2\/product"}],"about":[{"href":"https:\/\/brandss.com.py\/index\/wp-json\/wp\/v2\/types\/product"}],"replies":[{"embeddable":true,"href":"https:\/\/brandss.com.py\/index\/wp-json\/wp\/v2\/comments?post=89166"}],"version-history":[{"count":2,"href":"https:\/\/brandss.com.py\/index\/wp-json\/wp\/v2\/product\/89166\/revisions"}],"predecessor-version":[{"id":89172,"href":"https:\/\/brandss.com.py\/index\/wp-json\/wp\/v2\/product\/89166\/revisions\/89172"}],"wp:featuredmedia":[{"embeddable":true,"href":"https:\/\/brandss.com.py\/index\/wp-json\/wp\/v2\/media\/89167"}],"wp:attachment":[{"href":"https:\/\/brandss.com.py\/index\/wp-json\/wp\/v2\/media?parent=89166"}],"wp:term":[{"taxonomy":"product_brand","embeddable":true,"href":"https:\/\/brandss.com.py\/index\/wp-json\/wp\/v2\/product_brand?post=89166"},{"taxonomy":"product_cat","embeddable":true,"href":"https:\/\/brandss.com.py\/index\/wp-json\/wp\/v2\/product_cat?post=89166"},{"taxonomy":"product_tag","embeddable":true,"href":"https:\/\/brandss.com.py\/index\/wp-json\/wp\/v2\/product_tag?post=89166"}],"curies":[{"name":"wp","href":"https:\/\/api.w.org\/{rel}","templated":true}]}}