{"id":89179,"date":"2025-08-29T13:57:18","date_gmt":"2025-08-29T13:57:18","guid":{"rendered":"https:\/\/brandss.com.py\/index\/?post_type=product&#038;p=89179"},"modified":"2026-04-20T18:24:13","modified_gmt":"2026-04-20T18:24:13","slug":"aceite-suave-capilar-wella-oil-reflections-100ml","status":"publish","type":"product","link":"https:\/\/brandss.com.py\/index\/producto\/aceite-suave-capilar-wella-oil-reflections-100ml\/","title":{"rendered":"ACEITE SUAVE CAPILAR WELLA OIL REFLECTIONS 100ML"},"content":{"rendered":"<p><img loading=\"lazy\" decoding=\"async\" class=\"\" src=\"https:\/\/cdn.freebiesupply.com\/logos\/large\/2x\/wella-1-logo-black-and-white.png\" alt=\"Wella Logo PNG Transparent &amp; SVG Vector - Freebie Supply\" width=\"69\" height=\"69\" \/><\/p>\n<h1>OIL REFLECTIONS<\/h1>\n<p><span dir=\"auto\">Perfecto para aquellos propensos al frizz, el aceite Wella Professionals Oil Reflections suaviza la superficie del cabello para obtener resultados irrestiblemente suaves.<\/span><\/p>\n<div style=\"width: 1080px;\" class=\"wp-video\"><video class=\"wp-video-shortcode\" id=\"video-89179-1\" width=\"1080\" height=\"608\" preload=\"metadata\" controls=\"controls\"><source type=\"video\/mp4\" src=\"https:\/\/brandss.com.py\/index\/wp-content\/uploads\/2025\/08\/11352935.mp4?_=1\" \/><a href=\"https:\/\/brandss.com.py\/index\/wp-content\/uploads\/2025\/08\/11352935.mp4\">https:\/\/brandss.com.py\/index\/wp-content\/uploads\/2025\/08\/11352935.mp4<\/a><\/video><\/div>\n<p><span dir=\"auto\">Enriquecido con una nutritiva mezcla de aceite de camelia y extracto de t\u00e9 blanco, este aceite capilar proporciona una hidrataci\u00f3n duradera, ayudando a minimizar la sequedad. Las propiedades iluminadoras de su f\u00f3rmula aportan un brillo radiante, lo que lo convierte en el tratamiento perfecto para cabello opaco y sin brillo. Completa tu rutina de belleza con el champ\u00fa y acondicionador Oil Reflections de Wella Professionals para obtener resultados \u00f3ptimos.<\/span><\/p>\n<h4 class=\"font-medium flex flex-col w-full py-6\"><span class=\"text-xl\"><span dir=\"auto\">Ingredientes<\/span><\/span><\/h4>\n<div id=\"product-description-2\" class=\"content max-h-0 invisible translate-y-1\/4 underline-hyperlink\" aria-labelledby=\"Ingredient-Benefits\">\n<div class=\"attribute-content break-words\">\n<div class=\"flex flex-col gap-2\">\n<ul>\n<li><span dir=\"auto\">Aceite de aguacate: repleto de nutrientes y \u00e1cidos grasos para nutrir<\/span><\/li>\n<li><span dir=\"auto\">Aceite de coco: Un aceite hidratante rico en antioxidantes y vitamina E.<\/span><\/li>\n<li><span dir=\"auto\">Aceite de macadamia: una fuente suprema de \u00e1cidos grasos para nutrir intensamente y retener la humedad.<\/span><\/li>\n<\/ul>\n<h4 class=\"font-medium flex flex-col w-full py-6\"><span class=\"text-xl\"><span dir=\"auto\">Modo de uso<\/span><\/span><\/h4>\n<div id=\"product-description-1\" class=\"content max-h-0 invisible translate-y-1\/4 underline-hyperlink\" aria-labelledby=\"How-to-Use\">\n<div class=\"attribute-content break-words\">\n<div class=\"flex flex-col gap-2\">\n<ul>\n<li><span dir=\"auto\">Cantidad recomendada: 1-2 pulsaciones.<\/span><\/li>\n<li><span dir=\"auto\">Aplicaci\u00f3n: Aplicar de medios a puntas antes de secar con secador. O bien, aplicar el aceite sobre el cabello seco.<\/span><\/li>\n<li><span dir=\"auto\">Rutina: \u00daselo solo o mezclado con otros productos de la gama Oil Reflections.<\/span><\/li>\n<\/ul>\n<\/div>\n<\/div>\n<\/div>\n<\/div>\n<\/div>\n<\/div>\n","protected":false},"excerpt":{"rendered":"<p>OIL REFLECTIONS Perfecto para aquellos propensos al frizz, el aceite Wella Professionals Oil Reflections suaviza la superficie del cabello para<\/p>\n","protected":false},"featured_media":89180,"comment_status":"open","ping_status":"closed","template":"","meta":{"nf_dc_page":""},"product_brand":[99],"product_cat":[85],"product_tag":[],"class_list":{"0":"post-89179","1":"product","2":"type-product","3":"status-publish","4":"has-post-thumbnail","6":"product_brand-wella","7":"product_cat-cosmeticos","9":"first","10":"instock","11":"shipping-taxable","12":"purchasable","13":"product-type-simple"},"_links":{"self":[{"href":"https:\/\/brandss.com.py\/index\/wp-json\/wp\/v2\/product\/89179","targetHints":{"allow":["GET"]}}],"collection":[{"href":"https:\/\/brandss.com.py\/index\/wp-json\/wp\/v2\/product"}],"about":[{"href":"https:\/\/brandss.com.py\/index\/wp-json\/wp\/v2\/types\/product"}],"replies":[{"embeddable":true,"href":"https:\/\/brandss.com.py\/index\/wp-json\/wp\/v2\/comments?post=89179"}],"version-history":[{"count":1,"href":"https:\/\/brandss.com.py\/index\/wp-json\/wp\/v2\/product\/89179\/revisions"}],"predecessor-version":[{"id":89188,"href":"https:\/\/brandss.com.py\/index\/wp-json\/wp\/v2\/product\/89179\/revisions\/89188"}],"wp:featuredmedia":[{"embeddable":true,"href":"https:\/\/brandss.com.py\/index\/wp-json\/wp\/v2\/media\/89180"}],"wp:attachment":[{"href":"https:\/\/brandss.com.py\/index\/wp-json\/wp\/v2\/media?parent=89179"}],"wp:term":[{"taxonomy":"product_brand","embeddable":true,"href":"https:\/\/brandss.com.py\/index\/wp-json\/wp\/v2\/product_brand?post=89179"},{"taxonomy":"product_cat","embeddable":true,"href":"https:\/\/brandss.com.py\/index\/wp-json\/wp\/v2\/product_cat?post=89179"},{"taxonomy":"product_tag","embeddable":true,"href":"https:\/\/brandss.com.py\/index\/wp-json\/wp\/v2\/product_tag?post=89179"}],"curies":[{"name":"wp","href":"https:\/\/api.w.org\/{rel}","templated":true}]}}