{"id":89189,"date":"2025-08-29T14:32:15","date_gmt":"2025-08-29T14:32:15","guid":{"rendered":"https:\/\/brandss.com.py\/index\/?post_type=product&#038;p=89189"},"modified":"2025-08-29T14:36:51","modified_gmt":"2025-08-29T14:36:51","slug":"aceite-suave-capilar-wella-oil-reflections-30ml","status":"publish","type":"product","link":"https:\/\/brandss.com.py\/index\/producto\/aceite-suave-capilar-wella-oil-reflections-30ml\/","title":{"rendered":"ACEITE SUAVE CAPILAR WELLA OIL REFLECTIONS 30ML"},"content":{"rendered":"<p><img loading=\"lazy\" decoding=\"async\" class=\"\" src=\"https:\/\/cdn.freebiesupply.com\/logos\/large\/2x\/wella-1-logo-black-and-white.png\" alt=\"Wella Logo PNG Transparent &amp; SVG Vector - Freebie Supply\" width=\"113\" height=\"113\" \/><\/p>\n<h1>OIL REFLECTIONS<\/h1>\n<p>Mima tu melena con el\u00a0aceite Oil Reflections Luminous Smoothing\u00a0de\u00a0Wella Professionals. Aprovechando los poderes del aceite de camelia y extracto de t\u00e9 blanco, la lujosa f\u00f3rmula infunde cada mech\u00f3n de forma individual con hidrataci\u00f3n y nutrici\u00f3n de larga duraci\u00f3n, a la vez que restablece la suavidad y da un brillo de espejo de la ra\u00edz a las puntas. Se puede utilizar como un producto de peinado, como un tratamiento sin aclarado o como aceite prechamp\u00fa para restaurar el pelo suave y de aspecto saludable.<img loading=\"lazy\" decoding=\"async\" class=\"alignleft\" src=\"https:\/\/segale.pe\/wp-content\/uploads\/2025\/04\/Wella-Oil-Reflections-Luminous-Oil-30ml-1.jpg\" width=\"535\" height=\"535\" \/><\/p>\n<p>Aceite capilar de acabado vers\u00e1til que ayuda a peinar el cabello sin esfuerzo. Contiene extracto de t\u00e9 blanco y aceites de semilla de macadamia y aguacate, ingredientes que dejan el cabello hasta 3 veces m\u00e1s suave y aportan luminosidad al instante. Como resultado, el cabello est\u00e1 visiblemente nutrido, saludable y radiante.<\/p>\n<p>&nbsp;<\/p>\n<p><strong>Beneficios<\/strong><\/p>\n<p>&nbsp;<\/p>\n<p>\u2013 Aporta un brillo intenso al cabello<br \/>\n\u2013 Nutre e hidrata de forma \u00f3ptima y suaviza la fibra capilar<br \/>\n\u2013 Ayuda a controlar el encrespamiento<br \/>\n\u2013 El cabello se presenta hasta 3 veces m\u00e1s suave y m\u00e1s brillante<\/p>\n<p>&nbsp;<\/p>\n<p><strong>Modo de uso<\/strong><\/p>\n<p>&nbsp;<\/p>\n<p>\u2013 Agitar antes de usar. Aplicar de 1 a 2 dosificaciones en las manos y distribuir de manera uniforme sobre medios y puntas.<\/p>\n","protected":false},"excerpt":{"rendered":"<p>OIL REFLECTIONS Mima tu melena con el\u00a0aceite Oil Reflections Luminous Smoothing\u00a0de\u00a0Wella Professionals. Aprovechando los poderes del aceite de camelia y<\/p>\n","protected":false},"featured_media":89190,"comment_status":"open","ping_status":"closed","template":"","meta":{"nf_dc_page":""},"product_brand":[99],"product_cat":[85],"product_tag":[],"class_list":{"0":"post-89189","1":"product","2":"type-product","3":"status-publish","4":"has-post-thumbnail","6":"product_brand-wella","7":"product_cat-cosmeticos","9":"first","10":"instock","11":"shipping-taxable","12":"purchasable","13":"product-type-simple"},"_links":{"self":[{"href":"https:\/\/brandss.com.py\/index\/wp-json\/wp\/v2\/product\/89189","targetHints":{"allow":["GET"]}}],"collection":[{"href":"https:\/\/brandss.com.py\/index\/wp-json\/wp\/v2\/product"}],"about":[{"href":"https:\/\/brandss.com.py\/index\/wp-json\/wp\/v2\/types\/product"}],"replies":[{"embeddable":true,"href":"https:\/\/brandss.com.py\/index\/wp-json\/wp\/v2\/comments?post=89189"}],"version-history":[{"count":1,"href":"https:\/\/brandss.com.py\/index\/wp-json\/wp\/v2\/product\/89189\/revisions"}],"predecessor-version":[{"id":89194,"href":"https:\/\/brandss.com.py\/index\/wp-json\/wp\/v2\/product\/89189\/revisions\/89194"}],"wp:featuredmedia":[{"embeddable":true,"href":"https:\/\/brandss.com.py\/index\/wp-json\/wp\/v2\/media\/89190"}],"wp:attachment":[{"href":"https:\/\/brandss.com.py\/index\/wp-json\/wp\/v2\/media?parent=89189"}],"wp:term":[{"taxonomy":"product_brand","embeddable":true,"href":"https:\/\/brandss.com.py\/index\/wp-json\/wp\/v2\/product_brand?post=89189"},{"taxonomy":"product_cat","embeddable":true,"href":"https:\/\/brandss.com.py\/index\/wp-json\/wp\/v2\/product_cat?post=89189"},{"taxonomy":"product_tag","embeddable":true,"href":"https:\/\/brandss.com.py\/index\/wp-json\/wp\/v2\/product_tag?post=89189"}],"curies":[{"name":"wp","href":"https:\/\/api.w.org\/{rel}","templated":true}]}}