{"id":89235,"date":"2025-08-29T18:33:39","date_gmt":"2025-08-29T18:33:39","guid":{"rendered":"https:\/\/brandss.com.py\/index\/?post_type=product&#038;p=89235"},"modified":"2025-08-29T18:34:38","modified_gmt":"2025-08-29T18:34:38","slug":"perfume-femenino-paris-royale-good-luck-edp-100ml","status":"publish","type":"product","link":"https:\/\/brandss.com.py\/index\/producto\/perfume-femenino-paris-royale-good-luck-edp-100ml\/","title":{"rendered":"PERFUME FEMENINO PARIS ROYALE GOOD LUCK EDT 100ML"},"content":{"rendered":"<h1>GOOD LUCK<\/h1>\n<p>Es una fragancia elegante e impresionante que equilibra perfectamente las cualidades dulces y seductoras del jazm\u00edn con la profundidad misteriosa del cacao y el haba tonka.Good look\u00a0encarna las hermosas contradicciones y la dualidad de la mujer moderna y la vida moderna. Es a la vez fresca y ligera, a la vez melanc\u00f3lica y oscura, capturando la maravillosa complejidad de la mujer con sus ingredientes sorprendentes y excepcionales.<\/p>\n<h3>Notas Olfativas<\/h3>\n<p><span dir=\"auto\">Las notas iniciales de almendra y caf\u00e9 aportan una intensa vitalidad, mientras que el coraz\u00f3n revela delicados nardos y jazm\u00edn sambac, creando una fragancia intensa e inolvidable. Esta composici\u00f3n \u00fanica es vibrante y refinada, lo que la convierte en una fragancia excepcional para quienes buscan un aroma cautivador y memorable.<\/span><\/p>\n<p><span dir=\"auto\">La luminosidad y feminidad de la fragancia provienen del dulce encanto del jazm\u00edn, mientras que su lado m\u00e1s oscuro se crea con el rico aroma del cacao y la embriagadora haba tonka. La almendra y el caf\u00e9 aportan una vitalidad inmediata, y el nardo, extra\u00eddo de una forma innovadora, aporta una rica delicadeza, fluidez y feminidad.<\/span><\/p>\n<p><span dir=\"auto\"><strong>Notas de salida:<\/strong> Almendra y caf\u00e9.<\/span><br \/>\n<span dir=\"auto\"><strong>Notas de coraz\u00f3n:<\/strong> Nardos y jazm\u00edn sambac.<\/span><br \/>\n<span dir=\"auto\"><strong>Notas de fondo:<\/strong> Haba tonka combinada con vainilla y cacao.<\/span><\/p>\n","protected":false},"excerpt":{"rendered":"<p>GOOD LUCK Es una fragancia elegante e impresionante que equilibra perfectamente las cualidades dulces y seductoras del jazm\u00edn con la<\/p>\n","protected":false},"featured_media":89236,"comment_status":"open","ping_status":"closed","template":"","meta":{"nf_dc_page":""},"product_brand":[100],"product_cat":[84],"product_tag":[],"class_list":{"0":"post-89235","1":"product","2":"type-product","3":"status-publish","4":"has-post-thumbnail","6":"product_brand-paris-royale","7":"product_cat-perfumeria","9":"first","10":"instock","11":"shipping-taxable","12":"purchasable","13":"product-type-simple"},"_links":{"self":[{"href":"https:\/\/brandss.com.py\/index\/wp-json\/wp\/v2\/product\/89235","targetHints":{"allow":["GET"]}}],"collection":[{"href":"https:\/\/brandss.com.py\/index\/wp-json\/wp\/v2\/product"}],"about":[{"href":"https:\/\/brandss.com.py\/index\/wp-json\/wp\/v2\/types\/product"}],"replies":[{"embeddable":true,"href":"https:\/\/brandss.com.py\/index\/wp-json\/wp\/v2\/comments?post=89235"}],"version-history":[{"count":2,"href":"https:\/\/brandss.com.py\/index\/wp-json\/wp\/v2\/product\/89235\/revisions"}],"predecessor-version":[{"id":89241,"href":"https:\/\/brandss.com.py\/index\/wp-json\/wp\/v2\/product\/89235\/revisions\/89241"}],"wp:featuredmedia":[{"embeddable":true,"href":"https:\/\/brandss.com.py\/index\/wp-json\/wp\/v2\/media\/89236"}],"wp:attachment":[{"href":"https:\/\/brandss.com.py\/index\/wp-json\/wp\/v2\/media?parent=89235"}],"wp:term":[{"taxonomy":"product_brand","embeddable":true,"href":"https:\/\/brandss.com.py\/index\/wp-json\/wp\/v2\/product_brand?post=89235"},{"taxonomy":"product_cat","embeddable":true,"href":"https:\/\/brandss.com.py\/index\/wp-json\/wp\/v2\/product_cat?post=89235"},{"taxonomy":"product_tag","embeddable":true,"href":"https:\/\/brandss.com.py\/index\/wp-json\/wp\/v2\/product_tag?post=89235"}],"curies":[{"name":"wp","href":"https:\/\/api.w.org\/{rel}","templated":true}]}}