{"id":89255,"date":"2025-08-30T10:20:49","date_gmt":"2025-08-30T10:20:49","guid":{"rendered":"https:\/\/brandss.com.py\/index\/?post_type=product&#038;p=89255"},"modified":"2026-03-14T14:07:52","modified_gmt":"2026-03-14T14:07:52","slug":"perfume-masculino-animale-for-men-edt-100ml","status":"publish","type":"product","link":"https:\/\/brandss.com.py\/index\/producto\/perfume-masculino-animale-for-men-edt-100ml\/","title":{"rendered":"PERFUME MASCULINO ANIMALE FOR MEN EDT 100ML"},"content":{"rendered":"<p><img loading=\"lazy\" decoding=\"async\" class=\"\" src=\"https:\/\/priveperfumes.com\/cdn\/shop\/collections\/animale-prive-perfumes-banner.webp?v=1741500465&amp;width=1024\" alt=\"Animale | Perfumes de Lujo | Priv\u00e9 Perfumes\" width=\"89\" height=\"89\" \/><\/p>\n<h1>FOR MEN<\/h1>\n<p>Es una fragancia distintiva y carism\u00e1tica que combina frescura y calidez con un toque especiado y masculino. Ideal para el hombre que busca una fragancia con personalidad y elegancia, perfecta para el d\u00eda a d\u00eda o eventos donde se quiera dejar una impresi\u00f3n sofisticada.<\/p>\n<p><img loading=\"lazy\" decoding=\"async\" class=\"alignleft\" src=\"https:\/\/matriximportados.com.py\/wp-content\/uploads\/2024\/01\/Animale_EAU_De_Toilette_100ml_Banner_2.jpg\" width=\"500\" height=\"500\" \/><\/p>\n<h3>Notas Olfativas<\/h3>\n<p>&nbsp;<\/p>\n<p>Es una fragancia de la familia olfativa Oriental Especiada. Abraza tu naturaleza masculina salvaje y primitiva. El coraz\u00f3n fresco y picante de las bayas de enebro y la lavanda est\u00e1 escondido detr\u00e1s de notas fragantes de fresia ex\u00f3tica y lim\u00f3n agrio. Una base de madera forrada con cuero agrega un ambiente resistente que hace que este aroma duradero para hombres sea perfecto para usar en todas las estaciones, tanto de d\u00eda como de noche. Animale for Men de Animale es una fragancia de la familia olfativa oriental para hombres.<\/p>\n<p>El perfume Animale For Men es una fragancia de la familia olfativa \u00e1mbar especiada para hombres.<\/p>\n<ul>\n<li><strong>Notas de salida:<\/strong> Lim\u00f3n (lima \u00e1cida), neroli y fresia.<\/li>\n<li><strong>Notas de coraz\u00f3n:<\/strong> Lavanda, bayas de enebro y geranio.<\/li>\n<li><strong>Notas de fondo:<\/strong> Musgo de roble, cuero y vetiver.<\/li>\n<\/ul>\n","protected":false},"excerpt":{"rendered":"<p>FOR MEN Es una fragancia distintiva y carism\u00e1tica que combina frescura y calidez con un toque especiado y masculino. Ideal<\/p>\n","protected":false},"featured_media":89256,"comment_status":"open","ping_status":"closed","template":"","meta":{"nf_dc_page":""},"product_brand":[97],"product_cat":[84],"product_tag":[2203],"class_list":{"0":"post-89255","1":"product","2":"type-product","3":"status-publish","4":"has-post-thumbnail","6":"product_brand-animale","7":"product_cat-perfumeria","8":"product_tag-2203","10":"first","11":"outofstock","12":"shipping-taxable","13":"purchasable","14":"product-type-simple"},"_links":{"self":[{"href":"https:\/\/brandss.com.py\/index\/wp-json\/wp\/v2\/product\/89255","targetHints":{"allow":["GET"]}}],"collection":[{"href":"https:\/\/brandss.com.py\/index\/wp-json\/wp\/v2\/product"}],"about":[{"href":"https:\/\/brandss.com.py\/index\/wp-json\/wp\/v2\/types\/product"}],"replies":[{"embeddable":true,"href":"https:\/\/brandss.com.py\/index\/wp-json\/wp\/v2\/comments?post=89255"}],"version-history":[{"count":2,"href":"https:\/\/brandss.com.py\/index\/wp-json\/wp\/v2\/product\/89255\/revisions"}],"predecessor-version":[{"id":89262,"href":"https:\/\/brandss.com.py\/index\/wp-json\/wp\/v2\/product\/89255\/revisions\/89262"}],"wp:featuredmedia":[{"embeddable":true,"href":"https:\/\/brandss.com.py\/index\/wp-json\/wp\/v2\/media\/89256"}],"wp:attachment":[{"href":"https:\/\/brandss.com.py\/index\/wp-json\/wp\/v2\/media?parent=89255"}],"wp:term":[{"taxonomy":"product_brand","embeddable":true,"href":"https:\/\/brandss.com.py\/index\/wp-json\/wp\/v2\/product_brand?post=89255"},{"taxonomy":"product_cat","embeddable":true,"href":"https:\/\/brandss.com.py\/index\/wp-json\/wp\/v2\/product_cat?post=89255"},{"taxonomy":"product_tag","embeddable":true,"href":"https:\/\/brandss.com.py\/index\/wp-json\/wp\/v2\/product_tag?post=89255"}],"curies":[{"name":"wp","href":"https:\/\/api.w.org\/{rel}","templated":true}]}}