{"id":89263,"date":"2025-08-30T11:00:35","date_gmt":"2025-08-30T11:00:35","guid":{"rendered":"https:\/\/brandss.com.py\/index\/?post_type=product&#038;p=89263"},"modified":"2026-03-14T14:07:52","modified_gmt":"2026-03-14T14:07:52","slug":"perfume-femenino-animale-love-edp-100ml","status":"publish","type":"product","link":"https:\/\/brandss.com.py\/index\/producto\/perfume-femenino-animale-love-edp-100ml\/","title":{"rendered":"PERFUME FEMENINO ANIMALE LOVE EDP 100ML"},"content":{"rendered":"<p><img loading=\"lazy\" decoding=\"async\" class=\"\" src=\"https:\/\/priveperfumes.com\/cdn\/shop\/collections\/animale-prive-perfumes-banner.webp?v=1741500465&amp;width=1024\" alt=\"Animale | Perfumes de Lujo | Priv\u00e9 Perfumes\" width=\"60\" height=\"60\" \/><\/p>\n<h1>LOVE<\/h1>\n<p>&nbsp;<\/p>\n<p>Es una fragancia femenina que encarna el amor, la sensualidad y la pasi\u00f3n. Este perfume forma parte de la reconocida l\u00ednea de fragancias Animale y fue creado para evocar un aura de romance y feminidad. Animale Love Eau de Parfum es una fragancia que destaca por su dulzura y su mezcla de notas olfativas florales y frutales. Love es una fragancia que evoca amor y pasi\u00f3n. Su composici\u00f3n \u00fanica de notas olfativas la convierte en una opci\u00f3n dulce y envolvente, adecuada para diversas situaciones, a\u00f1adiendo siempre una dosis de romance y feminidad a tu estilo personal. Es una fragancia que invita al amor y la pasi\u00f3n, dise\u00f1ada para dejar una impresi\u00f3n duradera.<\/p>\n<p><img loading=\"lazy\" decoding=\"async\" class=\"alignleft\" src=\"https:\/\/m.media-amazon.com\/images\/I\/61M+kl2A9XL._AC_SX679_.jpg\" width=\"390\" height=\"401\" \/><\/p>\n<h3>Notas Olfativas<\/h3>\n<p>&nbsp;<\/p>\n<p>Esta fragancia cautivadora combina notas de salida frescas de mandarinas y azucenas, que se entrelazan con un coraz\u00f3n floral de peon\u00eda, orqu\u00eddeas y gardenias, finalizando en un fondo c\u00e1lido de almizcle y s\u00e1ndalo.<\/p>\n<p>Con una concentraci\u00f3n de Eau de Parfum, ANIMALE LOVE ofrece una experiencia olfativa intensa y duradera, perfecta para momentos especiales.<\/p>\n<p>Esta es una fragancia floral afrutada, ideal para mujeres que buscan una esencia dulce y seductora que realza su feminidad.<\/p>\n<p>El perfume Animale Love es una fragancia de la familia olfativa floral para mujeres.<\/p>\n<p>&nbsp;<\/p>\n<p>&nbsp;<\/p>\n<ul>\n<li><strong>Notas de salida:<\/strong> Mandarina y azucena.<\/li>\n<li><strong>Notas de coraz\u00f3n:<\/strong> Orqu\u00eddea, gardenia y peon\u00eda.<\/li>\n<li><strong>Notas de fondo:<\/strong> Haba tonka, \u00e1mbar, s\u00e1ndalo y almizcle.<\/li>\n<\/ul>\n","protected":false},"excerpt":{"rendered":"<p>LOVE &nbsp; Es una fragancia femenina que encarna el amor, la sensualidad y la pasi\u00f3n. Este perfume forma parte de<\/p>\n","protected":false},"featured_media":89264,"comment_status":"open","ping_status":"closed","template":"","meta":{"nf_dc_page":""},"product_brand":[97],"product_cat":[84],"product_tag":[2198],"class_list":{"0":"post-89263","1":"product","2":"type-product","3":"status-publish","4":"has-post-thumbnail","6":"product_brand-animale","7":"product_cat-perfumeria","8":"product_tag-2198","10":"first","11":"outofstock","12":"sale","13":"shipping-taxable","14":"purchasable","15":"product-type-simple"},"_links":{"self":[{"href":"https:\/\/brandss.com.py\/index\/wp-json\/wp\/v2\/product\/89263","targetHints":{"allow":["GET"]}}],"collection":[{"href":"https:\/\/brandss.com.py\/index\/wp-json\/wp\/v2\/product"}],"about":[{"href":"https:\/\/brandss.com.py\/index\/wp-json\/wp\/v2\/types\/product"}],"replies":[{"embeddable":true,"href":"https:\/\/brandss.com.py\/index\/wp-json\/wp\/v2\/comments?post=89263"}],"version-history":[{"count":3,"href":"https:\/\/brandss.com.py\/index\/wp-json\/wp\/v2\/product\/89263\/revisions"}],"predecessor-version":[{"id":89271,"href":"https:\/\/brandss.com.py\/index\/wp-json\/wp\/v2\/product\/89263\/revisions\/89271"}],"wp:featuredmedia":[{"embeddable":true,"href":"https:\/\/brandss.com.py\/index\/wp-json\/wp\/v2\/media\/89264"}],"wp:attachment":[{"href":"https:\/\/brandss.com.py\/index\/wp-json\/wp\/v2\/media?parent=89263"}],"wp:term":[{"taxonomy":"product_brand","embeddable":true,"href":"https:\/\/brandss.com.py\/index\/wp-json\/wp\/v2\/product_brand?post=89263"},{"taxonomy":"product_cat","embeddable":true,"href":"https:\/\/brandss.com.py\/index\/wp-json\/wp\/v2\/product_cat?post=89263"},{"taxonomy":"product_tag","embeddable":true,"href":"https:\/\/brandss.com.py\/index\/wp-json\/wp\/v2\/product_tag?post=89263"}],"curies":[{"name":"wp","href":"https:\/\/api.w.org\/{rel}","templated":true}]}}