{"id":89286,"date":"2025-08-30T16:30:33","date_gmt":"2025-08-30T16:30:33","guid":{"rendered":"https:\/\/brandss.com.py\/index\/?post_type=product&#038;p=89286"},"modified":"2025-08-30T16:36:03","modified_gmt":"2025-08-30T16:36:03","slug":"tinte-capilar-cosmo-color-express-cream-6-6-red-passion-kit","status":"publish","type":"product","link":"https:\/\/brandss.com.py\/index\/producto\/tinte-capilar-cosmo-color-express-cream-6-6-red-passion-kit\/","title":{"rendered":"TINTE CAPILAR COSMO COLOR EXPRESS CREAM 6.6 RED PASSION KIT"},"content":{"rendered":"<p><img loading=\"lazy\" decoding=\"async\" class=\"\" src=\"https:\/\/cosmocosmetics.ae\/cdn\/shop\/files\/logo-cosmo-regeister.png?v=1729761767&amp;width=340\" width=\"184\" height=\"39\" \/><\/p>\n<h1>COLOR EXPRESS<\/h1>\n<p>Color 100 % rico e intenso enriquecido con queratina, col\u00e1geno y aceite de arg\u00e1n. Tecnolog\u00eda antidecoloraci\u00f3n: formulada con ingredientes de alta calidad que protegen el color y lo mantienen por m\u00e1s tiempo. Este tinte de calidad superior ofrece un cuidado especial durante la coloraci\u00f3n.<\/p>\n<h2><span dir=\"auto\">CARACTER\u00cdSTICAS<\/span><\/h2>\n<p><span dir=\"auto\">\u2022 Su f\u00f3rmula en crema ayuda a difuminar las canas para un color de aspecto natural.<\/span><br \/>\n<span dir=\"auto\">\u2022 Proporciona un brillo radiante.<\/span><br \/>\n<span dir=\"auto\">\u2022 Dermatol\u00f3gicamente probado.<\/span><br \/>\n<span dir=\"auto\">\u2022 Cobertura total de canas y color que dura hasta 8 semanas.<\/span><br \/>\n<span dir=\"auto\">\u2022 El acondicionador CC Color Seal aporta un brillo intenso, ayuda a fijar el color natural y protege el cabello.<\/span><br \/>\n<span dir=\"auto\">\u2022 El acondicionador ayuda a reparar las fibras capilares da\u00f1adas para un cabello fuerte y de aspecto saludable.<\/span><\/p>\n","protected":false},"excerpt":{"rendered":"<p>COLOR EXPRESS Color 100 % rico e intenso enriquecido con queratina, col\u00e1geno y aceite de arg\u00e1n. Tecnolog\u00eda antidecoloraci\u00f3n: formulada con<\/p>\n","protected":false},"featured_media":89287,"comment_status":"open","ping_status":"closed","template":"","meta":{"nf_dc_page":""},"product_brand":[103],"product_cat":[85],"product_tag":[],"class_list":{"0":"post-89286","1":"product","2":"type-product","3":"status-publish","4":"has-post-thumbnail","6":"product_brand-cosmo","7":"product_cat-cosmeticos","9":"first","10":"instock","11":"shipping-taxable","12":"purchasable","13":"product-type-simple"},"_links":{"self":[{"href":"https:\/\/brandss.com.py\/index\/wp-json\/wp\/v2\/product\/89286","targetHints":{"allow":["GET"]}}],"collection":[{"href":"https:\/\/brandss.com.py\/index\/wp-json\/wp\/v2\/product"}],"about":[{"href":"https:\/\/brandss.com.py\/index\/wp-json\/wp\/v2\/types\/product"}],"replies":[{"embeddable":true,"href":"https:\/\/brandss.com.py\/index\/wp-json\/wp\/v2\/comments?post=89286"}],"version-history":[{"count":1,"href":"https:\/\/brandss.com.py\/index\/wp-json\/wp\/v2\/product\/89286\/revisions"}],"predecessor-version":[{"id":89290,"href":"https:\/\/brandss.com.py\/index\/wp-json\/wp\/v2\/product\/89286\/revisions\/89290"}],"wp:featuredmedia":[{"embeddable":true,"href":"https:\/\/brandss.com.py\/index\/wp-json\/wp\/v2\/media\/89287"}],"wp:attachment":[{"href":"https:\/\/brandss.com.py\/index\/wp-json\/wp\/v2\/media?parent=89286"}],"wp:term":[{"taxonomy":"product_brand","embeddable":true,"href":"https:\/\/brandss.com.py\/index\/wp-json\/wp\/v2\/product_brand?post=89286"},{"taxonomy":"product_cat","embeddable":true,"href":"https:\/\/brandss.com.py\/index\/wp-json\/wp\/v2\/product_cat?post=89286"},{"taxonomy":"product_tag","embeddable":true,"href":"https:\/\/brandss.com.py\/index\/wp-json\/wp\/v2\/product_tag?post=89286"}],"curies":[{"name":"wp","href":"https:\/\/api.w.org\/{rel}","templated":true}]}}