{"id":89316,"date":"2025-08-30T17:51:03","date_gmt":"2025-08-30T17:51:03","guid":{"rendered":"https:\/\/brandss.com.py\/index\/?post_type=product&#038;p=89316"},"modified":"2025-08-30T17:59:41","modified_gmt":"2025-08-30T17:59:41","slug":"crema-repelente-corporal-cosmo-deep-free-mosquito-100ml","status":"publish","type":"product","link":"https:\/\/brandss.com.py\/index\/producto\/crema-repelente-corporal-cosmo-deep-free-mosquito-100ml\/","title":{"rendered":"CREMA REPELENTE CORPORAL COSMO DEEP FREE MOSQUITO 100ML"},"content":{"rendered":"<p><img loading=\"lazy\" decoding=\"async\" class=\"\" src=\"https:\/\/cosmocosmetics.ae\/cdn\/shop\/files\/logo-cosmo-regeister.png?v=1729761767&amp;width=340\" width=\"146\" height=\"31\" \/><\/p>\n<h1>DEEP FREE MOSQUITO<\/h1>\n<p>La crema repelente de mosquitos Cosmo sin DEET tiene una f\u00f3rmula de 100 ml dise\u00f1ada para brindar protecci\u00f3n eficaz contra mosquitos sin DEET. Esta crema, suave con la piel, est\u00e1 elaborada con ingredientes naturales, lo que la hace apta para todo tipo de piel, incluso la sensible. Su textura ligera se absorbe r\u00e1pidamente, sin dejar residuos grasos, y ofrece una protecci\u00f3n duradera contra las picaduras de insectos. Ideal para actividades al aire libre, viajes o uso diario, la crema repelente de Cosmo est\u00e1 enriquecida con agradables fragancias y nutrientes para mantener la piel hidratada.<\/p>\n<h3>Detalles<\/h3>\n<ul class=\"a-unordered-list a-vertical a-spacing-mini\">\n<li class=\"a-spacing-mini\"><span class=\"a-list-item\"><span dir=\"auto\">Crema repelente de mosquitos Cosmo sin DEET (100 ml). Protege contra mosquitos y otros insectos que pican. 2 envases de 100 ml.<\/span><\/span><\/li>\n<li class=\"a-spacing-mini\"><span class=\"a-list-item\"><span dir=\"auto\">Este repelente de mosquitos libre de DEET contiene una poderosa mezcla de hierba de citronela, aceite de limoncillo y aceites esenciales, que ofrece protecci\u00f3n duradera contra mosquitos y otros insectos que pican.<\/span><\/span><\/li>\n<li class=\"a-spacing-mini\"><span class=\"a-list-item\"><span dir=\"auto\">Instrucciones: Aplicar uniformemente sobre la piel expuesta, evitando el contacto con los ojos y la boca. Repetir la aplicaci\u00f3n para una protecci\u00f3n continua.<\/span><\/span><\/li>\n<li class=\"a-spacing-mini\"><span class=\"a-list-item\"><span dir=\"auto\">Precauci\u00f3n: Solo para uso externo. Mantener fuera del alcance de los ni\u00f1os. Supervisar la aplicaci\u00f3n en ni\u00f1os. No aplicar sobre heridas abiertas o cortaduras. Suspender su uso si se produce irritaci\u00f3n. Se recomienda hacer una prueba en una zona antes de aplicar en toda la zona expuesta. Conservar en un lugar fresco y seco.<\/span><\/span><\/li>\n<\/ul>\n<p>\u00a1Disfruta del aire libre con confianza, sabiendo que est\u00e1s protegido y c\u00f3modo!<\/p>\n","protected":false},"excerpt":{"rendered":"<p>DEEP FREE MOSQUITO La crema repelente de mosquitos Cosmo sin DEET tiene una f\u00f3rmula de 100 ml dise\u00f1ada para brindar<\/p>\n","protected":false},"featured_media":89317,"comment_status":"open","ping_status":"closed","template":"","meta":{"nf_dc_page":""},"product_brand":[103],"product_cat":[85],"product_tag":[],"class_list":{"0":"post-89316","1":"product","2":"type-product","3":"status-publish","4":"has-post-thumbnail","6":"product_brand-cosmo","7":"product_cat-cosmeticos","9":"first","10":"instock","11":"shipping-taxable","12":"purchasable","13":"product-type-simple"},"_links":{"self":[{"href":"https:\/\/brandss.com.py\/index\/wp-json\/wp\/v2\/product\/89316","targetHints":{"allow":["GET"]}}],"collection":[{"href":"https:\/\/brandss.com.py\/index\/wp-json\/wp\/v2\/product"}],"about":[{"href":"https:\/\/brandss.com.py\/index\/wp-json\/wp\/v2\/types\/product"}],"replies":[{"embeddable":true,"href":"https:\/\/brandss.com.py\/index\/wp-json\/wp\/v2\/comments?post=89316"}],"version-history":[{"count":2,"href":"https:\/\/brandss.com.py\/index\/wp-json\/wp\/v2\/product\/89316\/revisions"}],"predecessor-version":[{"id":89320,"href":"https:\/\/brandss.com.py\/index\/wp-json\/wp\/v2\/product\/89316\/revisions\/89320"}],"wp:featuredmedia":[{"embeddable":true,"href":"https:\/\/brandss.com.py\/index\/wp-json\/wp\/v2\/media\/89317"}],"wp:attachment":[{"href":"https:\/\/brandss.com.py\/index\/wp-json\/wp\/v2\/media?parent=89316"}],"wp:term":[{"taxonomy":"product_brand","embeddable":true,"href":"https:\/\/brandss.com.py\/index\/wp-json\/wp\/v2\/product_brand?post=89316"},{"taxonomy":"product_cat","embeddable":true,"href":"https:\/\/brandss.com.py\/index\/wp-json\/wp\/v2\/product_cat?post=89316"},{"taxonomy":"product_tag","embeddable":true,"href":"https:\/\/brandss.com.py\/index\/wp-json\/wp\/v2\/product_tag?post=89316"}],"curies":[{"name":"wp","href":"https:\/\/api.w.org\/{rel}","templated":true}]}}