{"id":89325,"date":"2025-08-30T18:32:21","date_gmt":"2025-08-30T18:32:21","guid":{"rendered":"https:\/\/brandss.com.py\/index\/?post_type=product&#038;p=89325"},"modified":"2025-09-01T12:53:16","modified_gmt":"2025-09-01T12:53:16","slug":"serum-facial-cosmo-copper-peptide-1-30ml","status":"publish","type":"product","link":"https:\/\/brandss.com.py\/index\/producto\/serum-facial-cosmo-copper-peptide-1-30ml\/","title":{"rendered":"S\u00c9RUM FACIAL COSMO COPPER PEPTIDE 1% 30ML"},"content":{"rendered":"<p><img loading=\"lazy\" decoding=\"async\" class=\"\" src=\"https:\/\/cosmocosmetics.ae\/cdn\/shop\/files\/logo-cosmo-regeister.png?v=1729761767&amp;width=340\" width=\"179\" height=\"38\" \/><\/p>\n<h1>COPPER PEPTIDE 1%<\/h1>\n<p>Este suero contiene p\u00e9ptido de cobre directo que ayuda a reducir los signos de envejecimiento que generalmente se asocian con el estr\u00e9s oxidativo, lo que da como resultado una piel radiante y de aspecto m\u00e1s saludable. Tambi\u00e9n ayuda a mejorar la apariencia de las l\u00edneas finas y din\u00e1micas y apoya la elasticidad, suavidad y firmeza general de la piel.<\/p>\n<h3>Beneficios<\/h3>\n<ul class=\"a-unordered-list a-vertical a-spacing-mini\">\n<li class=\"a-spacing-mini\"><span class=\"a-list-item\"><span dir=\"auto\">Reduce los signos del envejecimiento asociados con el estr\u00e9s oxidativo para una piel radiante y de aspecto m\u00e1s saludable.<\/span><\/span><\/li>\n<li class=\"a-spacing-mini\"><span class=\"a-list-item\"><span dir=\"auto\">Mejora la apariencia de l\u00edneas finas y arrugas din\u00e1micas.<\/span><\/span><\/li>\n<li class=\"a-spacing-mini\"><span class=\"a-list-item\"><span dir=\"auto\">Mejora la elasticidad de la piel, favoreciendo una apariencia m\u00e1s firme y suave.<\/span><\/span><\/li>\n<li class=\"a-spacing-mini\"><span class=\"a-list-item\"><span dir=\"auto\">Aumenta la resistencia general de la piel, ayudando a mantener la vitalidad juvenil.<\/span><\/span><\/li>\n<\/ul>\n","protected":false},"excerpt":{"rendered":"<p>COPPER PEPTIDE 1% Este suero contiene p\u00e9ptido de cobre directo que ayuda a reducir los signos de envejecimiento que generalmente<\/p>\n","protected":false},"featured_media":89326,"comment_status":"open","ping_status":"closed","template":"","meta":{"nf_dc_page":""},"product_brand":[103],"product_cat":[104],"product_tag":[],"class_list":{"0":"post-89325","1":"product","2":"type-product","3":"status-publish","4":"has-post-thumbnail","6":"product_brand-cosmo","7":"product_cat-skin-care","9":"first","10":"instock","11":"shipping-taxable","12":"purchasable","13":"product-type-simple"},"_links":{"self":[{"href":"https:\/\/brandss.com.py\/index\/wp-json\/wp\/v2\/product\/89325","targetHints":{"allow":["GET"]}}],"collection":[{"href":"https:\/\/brandss.com.py\/index\/wp-json\/wp\/v2\/product"}],"about":[{"href":"https:\/\/brandss.com.py\/index\/wp-json\/wp\/v2\/types\/product"}],"replies":[{"embeddable":true,"href":"https:\/\/brandss.com.py\/index\/wp-json\/wp\/v2\/comments?post=89325"}],"version-history":[{"count":1,"href":"https:\/\/brandss.com.py\/index\/wp-json\/wp\/v2\/product\/89325\/revisions"}],"predecessor-version":[{"id":89329,"href":"https:\/\/brandss.com.py\/index\/wp-json\/wp\/v2\/product\/89325\/revisions\/89329"}],"wp:featuredmedia":[{"embeddable":true,"href":"https:\/\/brandss.com.py\/index\/wp-json\/wp\/v2\/media\/89326"}],"wp:attachment":[{"href":"https:\/\/brandss.com.py\/index\/wp-json\/wp\/v2\/media?parent=89325"}],"wp:term":[{"taxonomy":"product_brand","embeddable":true,"href":"https:\/\/brandss.com.py\/index\/wp-json\/wp\/v2\/product_brand?post=89325"},{"taxonomy":"product_cat","embeddable":true,"href":"https:\/\/brandss.com.py\/index\/wp-json\/wp\/v2\/product_cat?post=89325"},{"taxonomy":"product_tag","embeddable":true,"href":"https:\/\/brandss.com.py\/index\/wp-json\/wp\/v2\/product_tag?post=89325"}],"curies":[{"name":"wp","href":"https:\/\/api.w.org\/{rel}","templated":true}]}}