{"id":89330,"date":"2025-08-30T18:46:18","date_gmt":"2025-08-30T18:46:18","guid":{"rendered":"https:\/\/brandss.com.py\/index\/?post_type=product&#038;p=89330"},"modified":"2025-09-01T12:51:29","modified_gmt":"2025-09-01T12:51:29","slug":"serum-facial-cosmo-purify-balance-30ml","status":"publish","type":"product","link":"https:\/\/brandss.com.py\/index\/producto\/serum-facial-cosmo-purify-balance-30ml\/","title":{"rendered":"S\u00c9RUM FACIAL COSMO PURIFY &amp; BALANCE 30ML"},"content":{"rendered":"<p><img loading=\"lazy\" decoding=\"async\" class=\"\" src=\"https:\/\/cosmocosmetics.ae\/cdn\/shop\/files\/logo-cosmo-regeister.png?v=1729761767&amp;width=340\" width=\"161\" height=\"34\" \/><\/p>\n<h1>PURIFY &amp; BALANCE<\/h1>\n<p>Este s\u00e9rum clarificante deja la piel visiblemente m\u00e1s limpia, ayudando a minimizar el exceso de brillo, reducir la apariencia de los poros, el exceso de grasa y la textura desigual de la piel. Adem\u00e1s, proporciona una hidrataci\u00f3n intensa, equilibra la barrera cut\u00e1nea natural y promueve la luminosidad para que luzca m\u00e1s limpia y luminosa.<\/p>\n<h3>Beneficios<\/h3>\n<ul class=\"a-unordered-list a-vertical a-spacing-mini\">\n<li class=\"a-spacing-mini\"><span class=\"a-list-item\"><span dir=\"auto\">Aumenta la luminosidad de la piel, mejorando la claridad y el brillo.<\/span><\/span><\/li>\n<li class=\"a-spacing-mini\"><span class=\"a-list-item\"><span dir=\"auto\">Proporciona una hidrataci\u00f3n intensa para apoyar la barrera natural de la piel.<\/span><\/span><\/li>\n<li class=\"a-spacing-mini\"><span class=\"a-list-item\"><span dir=\"auto\">Reduce la apariencia de los poros y suaviza la textura desigual de la piel.<\/span><\/span><\/li>\n<li class=\"a-spacing-mini\"><span class=\"a-list-item\"><span dir=\"auto\">Minimiza el exceso de brillo y controla la grasa para una apariencia mate y renovada.<\/span><\/span><\/li>\n<\/ul>\n","protected":false},"excerpt":{"rendered":"<p>PURIFY &amp; BALANCE Este s\u00e9rum clarificante deja la piel visiblemente m\u00e1s limpia, ayudando a minimizar el exceso de brillo, reducir<\/p>\n","protected":false},"featured_media":89331,"comment_status":"open","ping_status":"closed","template":"","meta":{"nf_dc_page":""},"product_brand":[103],"product_cat":[104],"product_tag":[],"class_list":{"0":"post-89330","1":"product","2":"type-product","3":"status-publish","4":"has-post-thumbnail","6":"product_brand-cosmo","7":"product_cat-skin-care","9":"first","10":"instock","11":"shipping-taxable","12":"purchasable","13":"product-type-simple"},"_links":{"self":[{"href":"https:\/\/brandss.com.py\/index\/wp-json\/wp\/v2\/product\/89330","targetHints":{"allow":["GET"]}}],"collection":[{"href":"https:\/\/brandss.com.py\/index\/wp-json\/wp\/v2\/product"}],"about":[{"href":"https:\/\/brandss.com.py\/index\/wp-json\/wp\/v2\/types\/product"}],"replies":[{"embeddable":true,"href":"https:\/\/brandss.com.py\/index\/wp-json\/wp\/v2\/comments?post=89330"}],"version-history":[{"count":1,"href":"https:\/\/brandss.com.py\/index\/wp-json\/wp\/v2\/product\/89330\/revisions"}],"predecessor-version":[{"id":89334,"href":"https:\/\/brandss.com.py\/index\/wp-json\/wp\/v2\/product\/89330\/revisions\/89334"}],"wp:featuredmedia":[{"embeddable":true,"href":"https:\/\/brandss.com.py\/index\/wp-json\/wp\/v2\/media\/89331"}],"wp:attachment":[{"href":"https:\/\/brandss.com.py\/index\/wp-json\/wp\/v2\/media?parent=89330"}],"wp:term":[{"taxonomy":"product_brand","embeddable":true,"href":"https:\/\/brandss.com.py\/index\/wp-json\/wp\/v2\/product_brand?post=89330"},{"taxonomy":"product_cat","embeddable":true,"href":"https:\/\/brandss.com.py\/index\/wp-json\/wp\/v2\/product_cat?post=89330"},{"taxonomy":"product_tag","embeddable":true,"href":"https:\/\/brandss.com.py\/index\/wp-json\/wp\/v2\/product_tag?post=89330"}],"curies":[{"name":"wp","href":"https:\/\/api.w.org\/{rel}","templated":true}]}}