{"id":89339,"date":"2025-09-01T10:45:23","date_gmt":"2025-09-01T10:45:23","guid":{"rendered":"https:\/\/brandss.com.py\/index\/?post_type=product&#038;p=89339"},"modified":"2025-09-01T10:46:40","modified_gmt":"2025-09-01T10:46:40","slug":"serum-facial-cosmo-matrixyl-10-30ml","status":"publish","type":"product","link":"https:\/\/brandss.com.py\/index\/producto\/serum-facial-cosmo-matrixyl-10-30ml\/","title":{"rendered":"S\u00c9RUM FACIAL COSMO MATRIXYL 10% 30ML"},"content":{"rendered":"<p><img loading=\"lazy\" decoding=\"async\" class=\"\" src=\"https:\/\/cosmocosmetics.ae\/cdn\/shop\/files\/logo-cosmo-regeister.png?v=1729761767&amp;width=340\" width=\"175\" height=\"37\" \/><\/p>\n<h1>MATRIXYL 10%<\/h1>\n<p style=\"font-weight: 400\">Un potente s\u00e9rum enriquecido con una f\u00f3rmula concentrada de Matrixyl al 10 % y \u00e1cido hialur\u00f3nico (AH), espec\u00edficamente dise\u00f1ado para combatir los signos del envejecimiento y mejorar la elasticidad de la piel.<br data-start=\"334\" data-end=\"337\" \/>Matrixyl es un potente p\u00e9ptido que estimula la producci\u00f3n de col\u00e1geno, ayudando a reducir la aparici\u00f3n de arrugas y l\u00edneas de expresi\u00f3n, mientras que el \u00e1cido hialur\u00f3nico proporciona hidrataci\u00f3n profunda y volumen.<\/p>\n<h3 style=\"font-weight: 400\" data-start=\"493\" data-end=\"510\"><strong>Beneficios:<\/strong><\/h3>\n<ul style=\"font-weight: 400\" data-start=\"511\" data-end=\"705\">\n<li data-start=\"511\" data-end=\"543\">Estimula la producci\u00f3n natural de col\u00e1geno.<\/li>\n<li data-start=\"544\" data-end=\"583\">Mejora la firmeza de la piel y reduce las arrugas.<\/li>\n<li data-start=\"584\" data-end=\"626\">Da a la piel un aspecto m\u00e1s terso y fresco.<\/li>\n<li data-start=\"627\" data-end=\"661\">Hidrata profundamente y restaura la elasticidad de la piel.<\/li>\n<li data-start=\"662\" data-end=\"705\">Textura ligera que se absorbe f\u00e1cilmente sin dejar residuo graso.<\/li>\n<\/ul>\n<p style=\"font-weight: 400\"><b><strong>Uso<\/strong><\/b><b><strong>:<\/strong><\/b><\/p>\n<p style=\"font-weight: 400\">Suero<\/p>\n<p style=\"font-weight: 400\"><b><strong>C\u00f3mo utilizar<\/strong><\/b><b><strong>:\u00a0<\/strong><\/b><\/p>\n<p style=\"font-weight: 400\">Sobre la piel limpia, aplicar 2-3 gotas de serum y masajear suavemente, luego aplicar la crema hidratante.<\/p>\n<p style=\"font-weight: 400\"><b><strong>Tama\u00f1o<\/strong><\/b><b><strong>:<\/strong><\/b><\/p>\n<p style=\"font-weight: 400\">30 ml<\/p>\n<p style=\"font-weight: 400\"><b><strong>Ingredientes b\u00e1sicos:<\/strong><\/b><\/p>\n<p style=\"font-weight: 400\">Matrixyl 10%, \u00e1cido hialur\u00f3nico<\/p>\n","protected":false},"excerpt":{"rendered":"<p>MATRIXYL 10% Un potente s\u00e9rum enriquecido con una f\u00f3rmula concentrada de Matrixyl al 10 % y \u00e1cido hialur\u00f3nico (AH), espec\u00edficamente<\/p>\n","protected":false},"featured_media":89340,"comment_status":"open","ping_status":"closed","template":"","meta":{"nf_dc_page":""},"product_brand":[103],"product_cat":[104],"product_tag":[],"class_list":{"0":"post-89339","1":"product","2":"type-product","3":"status-publish","4":"has-post-thumbnail","6":"product_brand-cosmo","7":"product_cat-skin-care","9":"first","10":"instock","11":"shipping-taxable","12":"purchasable","13":"product-type-simple"},"_links":{"self":[{"href":"https:\/\/brandss.com.py\/index\/wp-json\/wp\/v2\/product\/89339","targetHints":{"allow":["GET"]}}],"collection":[{"href":"https:\/\/brandss.com.py\/index\/wp-json\/wp\/v2\/product"}],"about":[{"href":"https:\/\/brandss.com.py\/index\/wp-json\/wp\/v2\/types\/product"}],"replies":[{"embeddable":true,"href":"https:\/\/brandss.com.py\/index\/wp-json\/wp\/v2\/comments?post=89339"}],"version-history":[{"count":1,"href":"https:\/\/brandss.com.py\/index\/wp-json\/wp\/v2\/product\/89339\/revisions"}],"predecessor-version":[{"id":89341,"href":"https:\/\/brandss.com.py\/index\/wp-json\/wp\/v2\/product\/89339\/revisions\/89341"}],"wp:featuredmedia":[{"embeddable":true,"href":"https:\/\/brandss.com.py\/index\/wp-json\/wp\/v2\/media\/89340"}],"wp:attachment":[{"href":"https:\/\/brandss.com.py\/index\/wp-json\/wp\/v2\/media?parent=89339"}],"wp:term":[{"taxonomy":"product_brand","embeddable":true,"href":"https:\/\/brandss.com.py\/index\/wp-json\/wp\/v2\/product_brand?post=89339"},{"taxonomy":"product_cat","embeddable":true,"href":"https:\/\/brandss.com.py\/index\/wp-json\/wp\/v2\/product_cat?post=89339"},{"taxonomy":"product_tag","embeddable":true,"href":"https:\/\/brandss.com.py\/index\/wp-json\/wp\/v2\/product_tag?post=89339"}],"curies":[{"name":"wp","href":"https:\/\/api.w.org\/{rel}","templated":true}]}}