{"id":89352,"date":"2025-09-01T11:52:26","date_gmt":"2025-09-01T11:52:26","guid":{"rendered":"https:\/\/brandss.com.py\/index\/?post_type=product&#038;p=89352"},"modified":"2025-09-01T12:47:21","modified_gmt":"2025-09-01T12:47:21","slug":"serum-facial-cosmo-ethylated-ascorbyl-acid-15-solution-30ml","status":"publish","type":"product","link":"https:\/\/brandss.com.py\/index\/producto\/serum-facial-cosmo-ethylated-ascorbyl-acid-15-solution-30ml\/","title":{"rendered":"S\u00c9RUM FACIAL COSMO ETHYLATED ASCORBYL ACID 15% SOLUTION 30ML"},"content":{"rendered":"<p><img loading=\"lazy\" decoding=\"async\" class=\"\" src=\"https:\/\/cosmocosmetics.ae\/cdn\/shop\/files\/logo-cosmo-regeister.png?v=1729761767&amp;width=340\" width=\"113\" height=\"24\" \/><\/p>\n<h1>ETHYLATED ASCORBYL ACID 15%<\/h1>\n<p>La soluci\u00f3n de \u00e1cido asc\u00f3rbico etilado al 15 % es un suero avanzado similar al aceite de acci\u00f3n directa que ayuda a reducir visiblemente los signos del envejecimiento al iluminar y equilibrar el tono desigual de la piel.<\/p>\n<h3>Beneficios<\/h3>\n<ul class=\"a-unordered-list a-vertical a-spacing-mini\">\n<li class=\"a-spacing-mini\"><span class=\"a-list-item\"><span dir=\"auto\">Ilumina y equilibra el tono desigual de la piel para una apariencia m\u00e1s radiante.<\/span><\/span><\/li>\n<li class=\"a-spacing-mini\"><span class=\"a-list-item\"><span dir=\"auto\">Reduce visiblemente los signos del envejecimiento, promoviendo una piel joven.<\/span><\/span><\/li>\n<li class=\"a-spacing-mini\"><span class=\"a-list-item\"><span dir=\"auto\">La f\u00f3rmula de acci\u00f3n directa ataca eficazmente las imperfecciones de la piel.<\/span><\/span><\/li>\n<li class=\"a-spacing-mini\"><span class=\"a-list-item\"><span dir=\"auto\">La textura ligera, similar al aceite, se absorbe suavemente para una mayor comodidad.<\/span><\/span><\/li>\n<\/ul>\n","protected":false},"excerpt":{"rendered":"<p>ETHYLATED ASCORBYL ACID 15% La soluci\u00f3n de \u00e1cido asc\u00f3rbico etilado al 15 % es un suero avanzado similar al aceite<\/p>\n","protected":false},"featured_media":89353,"comment_status":"open","ping_status":"closed","template":"","meta":{"nf_dc_page":""},"product_brand":[103],"product_cat":[104],"product_tag":[],"class_list":{"0":"post-89352","1":"product","2":"type-product","3":"status-publish","4":"has-post-thumbnail","6":"product_brand-cosmo","7":"product_cat-skin-care","9":"first","10":"instock","11":"shipping-taxable","12":"purchasable","13":"product-type-simple"},"_links":{"self":[{"href":"https:\/\/brandss.com.py\/index\/wp-json\/wp\/v2\/product\/89352","targetHints":{"allow":["GET"]}}],"collection":[{"href":"https:\/\/brandss.com.py\/index\/wp-json\/wp\/v2\/product"}],"about":[{"href":"https:\/\/brandss.com.py\/index\/wp-json\/wp\/v2\/types\/product"}],"replies":[{"embeddable":true,"href":"https:\/\/brandss.com.py\/index\/wp-json\/wp\/v2\/comments?post=89352"}],"version-history":[{"count":1,"href":"https:\/\/brandss.com.py\/index\/wp-json\/wp\/v2\/product\/89352\/revisions"}],"predecessor-version":[{"id":89356,"href":"https:\/\/brandss.com.py\/index\/wp-json\/wp\/v2\/product\/89352\/revisions\/89356"}],"wp:featuredmedia":[{"embeddable":true,"href":"https:\/\/brandss.com.py\/index\/wp-json\/wp\/v2\/media\/89353"}],"wp:attachment":[{"href":"https:\/\/brandss.com.py\/index\/wp-json\/wp\/v2\/media?parent=89352"}],"wp:term":[{"taxonomy":"product_brand","embeddable":true,"href":"https:\/\/brandss.com.py\/index\/wp-json\/wp\/v2\/product_brand?post=89352"},{"taxonomy":"product_cat","embeddable":true,"href":"https:\/\/brandss.com.py\/index\/wp-json\/wp\/v2\/product_cat?post=89352"},{"taxonomy":"product_tag","embeddable":true,"href":"https:\/\/brandss.com.py\/index\/wp-json\/wp\/v2\/product_tag?post=89352"}],"curies":[{"name":"wp","href":"https:\/\/api.w.org\/{rel}","templated":true}]}}