{"id":89357,"date":"2025-09-01T12:13:27","date_gmt":"2025-09-01T12:13:27","guid":{"rendered":"https:\/\/brandss.com.py\/index\/?post_type=product&#038;p=89357"},"modified":"2026-03-16T16:39:21","modified_gmt":"2026-03-16T16:39:21","slug":"shampoo-hidratante-ecolchi-con-colageno-y-manteca-de-karite","status":"publish","type":"product","link":"https:\/\/brandss.com.py\/index\/producto\/shampoo-hidratante-ecolchi-con-colageno-y-manteca-de-karite\/","title":{"rendered":"SHAMPOO CAPILAR ECOLCHI MOISTURE COLLAGEN SHEA BUTTER 750ML"},"content":{"rendered":"<p><img loading=\"lazy\" decoding=\"async\" class=\"\" src=\"https:\/\/ecolchifactory.com\/wp-content\/uploads\/2025\/04\/cropped-Ecolchi-logo-700x200-1.png\" alt=\"F\u00e1brica de cuidado capilar Karseell Ecolchi\" width=\"123\" height=\"35\" \/><\/p>\n<h1>MOISTURE COLLAGEN SHEA BUTTER<\/h1>\n<div class=\"product__description rte quick-add-hidden\">\n<h5 data-end=\"248\" data-start=\"156\"><em><strong data-end=\"248\" data-start=\"160\">Hidrataci\u00f3n, Brillo y Fuerza para Tu Cabello<\/strong><\/em><\/h5>\n<p data-end=\"405\" data-start=\"250\">Devu\u00e9lvele la vitalidad a tu cabello con el\u00a0<strong data-end=\"316\" data-start=\"294\">S<\/strong>hampoo EcolChiPro, dise\u00f1ado para limpiar suavemente mientras hidrata profundamente y fortalece cada hebra.<img loading=\"lazy\" decoding=\"async\" class=\"alignleft\" src=\"https:\/\/amisastore.com\/cdn\/shop\/files\/3_9fb6a644-50b6-4d54-85ae-ef76dd1c0061.jpg?v=1750947793&amp;width=990\" width=\"488\" height=\"488\" \/><\/p>\n<p data-end=\"405\" data-start=\"250\"><strong data-end=\"452\" data-start=\"410\">Hidrataci\u00f3n intensa + Brillo saludable<\/strong><\/p>\n<p data-end=\"609\" data-start=\"407\"><br data-end=\"455\" data-start=\"452\" \/>Enriquecido con\u00a0<strong data-end=\"483\" data-start=\"471\">col\u00e1geno<\/strong>\u00a0y\u00a0<strong data-end=\"507\" data-start=\"486\">manteca de karit\u00e9<\/strong>, este shampoo nutre el cabello seco y da\u00f1ado, dej\u00e1ndolo visiblemente m\u00e1s suave, manejable y luminoso.<\/p>\n<p data-end=\"783\" data-start=\"611\"><strong data-end=\"650\" data-start=\"614\">Repara y fortalece desde la ra\u00edz<\/strong><br data-end=\"653\" data-start=\"650\" \/>El col\u00e1geno vegetal ayuda a restaurar la estructura del cabello debilitado, promoviendo un crecimiento m\u00e1s resistente y saludable.<\/p>\n<p data-end=\"926\" data-start=\"785\"><strong data-end=\"819\" data-start=\"788\">Aroma encantador y duradero<\/strong><br data-end=\"822\" data-start=\"819\" \/>Disfruta de una fragancia delicada que envuelve tu cabello con una sensaci\u00f3n fresca durante todo el d\u00eda.<\/p>\n<p data-end=\"1062\" data-start=\"928\"><span data-end=\"965\" data-start=\"931\">A<\/span><strong data-end=\"965\" data-start=\"931\">pto para todo tipo de cabello<\/strong><br data-end=\"968\" data-start=\"965\" \/>Su f\u00f3rmula suave lo hace ideal para hombres y mujeres, incluso en cabellos te\u00f1idos o tratados.<\/p>\n<p data-end=\"1199\" data-start=\"1064\"><strong data-end=\"1110\" data-start=\"1066\">Libre de sulfatos, parabenos y siliconas<\/strong><br data-end=\"1113\" data-start=\"1110\" \/>F\u00f3rmula vegana, sin gluten y no testeada en animales. Cuidado efectivo sin agresiones.<\/p>\n<\/div>\n<p>&nbsp;<\/p>\n","protected":false},"excerpt":{"rendered":"<p>MOISTURE COLLAGEN SHEA BUTTER Hidrataci\u00f3n, Brillo y Fuerza para Tu Cabello Devu\u00e9lvele la vitalidad a tu cabello con el\u00a0Shampoo EcolChiPro,<\/p>\n","protected":false},"featured_media":91235,"comment_status":"open","ping_status":"closed","template":"","meta":{"nf_dc_page":""},"product_brand":[756],"product_cat":[85],"product_tag":[759],"class_list":{"0":"post-89357","1":"product","2":"type-product","3":"status-publish","4":"has-post-thumbnail","6":"product_brand-ecolchi-pro","7":"product_cat-cosmeticos","8":"product_tag-759","10":"first","11":"outofstock","12":"sale","13":"shipping-taxable","14":"purchasable","15":"product-type-simple"},"_links":{"self":[{"href":"https:\/\/brandss.com.py\/index\/wp-json\/wp\/v2\/product\/89357","targetHints":{"allow":["GET"]}}],"collection":[{"href":"https:\/\/brandss.com.py\/index\/wp-json\/wp\/v2\/product"}],"about":[{"href":"https:\/\/brandss.com.py\/index\/wp-json\/wp\/v2\/types\/product"}],"replies":[{"embeddable":true,"href":"https:\/\/brandss.com.py\/index\/wp-json\/wp\/v2\/comments?post=89357"}],"version-history":[{"count":5,"href":"https:\/\/brandss.com.py\/index\/wp-json\/wp\/v2\/product\/89357\/revisions"}],"predecessor-version":[{"id":91236,"href":"https:\/\/brandss.com.py\/index\/wp-json\/wp\/v2\/product\/89357\/revisions\/91236"}],"wp:featuredmedia":[{"embeddable":true,"href":"https:\/\/brandss.com.py\/index\/wp-json\/wp\/v2\/media\/91235"}],"wp:attachment":[{"href":"https:\/\/brandss.com.py\/index\/wp-json\/wp\/v2\/media?parent=89357"}],"wp:term":[{"taxonomy":"product_brand","embeddable":true,"href":"https:\/\/brandss.com.py\/index\/wp-json\/wp\/v2\/product_brand?post=89357"},{"taxonomy":"product_cat","embeddable":true,"href":"https:\/\/brandss.com.py\/index\/wp-json\/wp\/v2\/product_cat?post=89357"},{"taxonomy":"product_tag","embeddable":true,"href":"https:\/\/brandss.com.py\/index\/wp-json\/wp\/v2\/product_tag?post=89357"}],"curies":[{"name":"wp","href":"https:\/\/api.w.org\/{rel}","templated":true}]}}