{"id":89358,"date":"2025-09-01T12:02:25","date_gmt":"2025-09-01T12:02:25","guid":{"rendered":"https:\/\/brandss.com.py\/index\/?post_type=product&#038;p=89358"},"modified":"2025-09-01T12:45:19","modified_gmt":"2025-09-01T12:45:19","slug":"serum-facial-cosmo-lactic-acid-10-30ml","status":"publish","type":"product","link":"https:\/\/brandss.com.py\/index\/producto\/serum-facial-cosmo-lactic-acid-10-30ml\/","title":{"rendered":"S\u00c9RUM FACIAL COSMO LACTIC ACID 10% 30ML"},"content":{"rendered":"<p><img loading=\"lazy\" decoding=\"async\" class=\"\" src=\"https:\/\/cosmocosmetics.ae\/cdn\/shop\/files\/logo-cosmo-regeister.png?v=1729761767&amp;width=340\" width=\"156\" height=\"33\" \/><\/p>\n<h1>LACTIC ACID 10%<\/h1>\n<p>Trata problemas de la piel como irregularidades en la textura, opacidad y tono desigual. Apto para piel seca. El \u00e1cido l\u00e1ctico al 10 % + AH es una soluci\u00f3n de alfahidroxi\u00e1cidos que ofrece una exfoliaci\u00f3n eficaz dirigida a la superficie de la piel.<\/p>\n<h3>Beneficios<\/h3>\n<ul class=\"a-unordered-list a-vertical a-spacing-mini\">\n<li class=\"a-spacing-mini\"><span class=\"a-list-item\"><span dir=\"auto\">Contiene un 10% de \u00e1cido l\u00e1ctico para una exfoliaci\u00f3n eficaz, promoviendo una superficie de la piel m\u00e1s suave.<\/span><\/span><\/li>\n<li class=\"a-spacing-mini\"><span class=\"a-list-item\"><span dir=\"auto\">Infundido con \u00e1cido hialur\u00f3nico para mejorar la retenci\u00f3n de humedad y la hidrataci\u00f3n.<\/span><\/span><\/li>\n<li class=\"a-spacing-mini\"><span class=\"a-list-item\"><span dir=\"auto\">Act\u00faa sobre la superficie de la piel para mejorar la textura y revelar una tez m\u00e1s brillante y radiante.<\/span><\/span><\/li>\n<li class=\"a-spacing-mini\"><span class=\"a-list-item\"><span dir=\"auto\">Adecuado para uso regular, ayuda a refinar los poros y promover un tono de piel uniforme.<\/span><\/span><\/li>\n<\/ul>\n","protected":false},"excerpt":{"rendered":"<p>LACTIC ACID 10% Trata problemas de la piel como irregularidades en la textura, opacidad y tono desigual. Apto para piel<\/p>\n","protected":false},"featured_media":89359,"comment_status":"open","ping_status":"closed","template":"","meta":{"nf_dc_page":""},"product_brand":[103],"product_cat":[104],"product_tag":[],"class_list":{"0":"post-89358","1":"product","2":"type-product","3":"status-publish","4":"has-post-thumbnail","6":"product_brand-cosmo","7":"product_cat-skin-care","9":"first","10":"instock","11":"shipping-taxable","12":"purchasable","13":"product-type-simple"},"_links":{"self":[{"href":"https:\/\/brandss.com.py\/index\/wp-json\/wp\/v2\/product\/89358","targetHints":{"allow":["GET"]}}],"collection":[{"href":"https:\/\/brandss.com.py\/index\/wp-json\/wp\/v2\/product"}],"about":[{"href":"https:\/\/brandss.com.py\/index\/wp-json\/wp\/v2\/types\/product"}],"replies":[{"embeddable":true,"href":"https:\/\/brandss.com.py\/index\/wp-json\/wp\/v2\/comments?post=89358"}],"version-history":[{"count":1,"href":"https:\/\/brandss.com.py\/index\/wp-json\/wp\/v2\/product\/89358\/revisions"}],"predecessor-version":[{"id":89362,"href":"https:\/\/brandss.com.py\/index\/wp-json\/wp\/v2\/product\/89358\/revisions\/89362"}],"wp:featuredmedia":[{"embeddable":true,"href":"https:\/\/brandss.com.py\/index\/wp-json\/wp\/v2\/media\/89359"}],"wp:attachment":[{"href":"https:\/\/brandss.com.py\/index\/wp-json\/wp\/v2\/media?parent=89358"}],"wp:term":[{"taxonomy":"product_brand","embeddable":true,"href":"https:\/\/brandss.com.py\/index\/wp-json\/wp\/v2\/product_brand?post=89358"},{"taxonomy":"product_cat","embeddable":true,"href":"https:\/\/brandss.com.py\/index\/wp-json\/wp\/v2\/product_cat?post=89358"},{"taxonomy":"product_tag","embeddable":true,"href":"https:\/\/brandss.com.py\/index\/wp-json\/wp\/v2\/product_tag?post=89358"}],"curies":[{"name":"wp","href":"https:\/\/api.w.org\/{rel}","templated":true}]}}