{"id":89376,"date":"2025-09-01T12:38:41","date_gmt":"2025-09-01T12:38:41","guid":{"rendered":"https:\/\/brandss.com.py\/index\/?post_type=product&#038;p=89376"},"modified":"2025-09-01T12:39:20","modified_gmt":"2025-09-01T12:39:20","slug":"serum-facial-cosmo-repair-restore-30ml","status":"publish","type":"product","link":"https:\/\/brandss.com.py\/index\/producto\/serum-facial-cosmo-repair-restore-30ml\/","title":{"rendered":"S\u00c9RUM FACIAL COSMO REPAIR &amp; RESTORE 30ML"},"content":{"rendered":"<p><img loading=\"lazy\" decoding=\"async\" class=\"\" src=\"https:\/\/cosmocosmetics.ae\/cdn\/shop\/files\/logo-cosmo-regeister.png?v=1729761767&amp;width=340\" width=\"165\" height=\"35\" \/><\/p>\n<h1>REPAIR &amp; RESTORE<\/h1>\n<p>Este s\u00e9rum multiactivo est\u00e1 dise\u00f1ado para ayudar a reparar la barrera cut\u00e1nea, aliviar la incomodidad y reducir el enrojecimiento. Adem\u00e1s, fortalece la barrera cut\u00e1nea y mejora la textura irregular para una apariencia m\u00e1s suave.<\/p>\n<h3>Beneficios<\/h3>\n<ul class=\"a-unordered-list a-vertical a-spacing-mini\">\n<li class=\"a-spacing-mini\"><span class=\"a-list-item\"><span dir=\"auto\">Ayuda a reparar y fortalecer la barrera cut\u00e1nea, mejorando la resiliencia.<\/span><\/span><\/li>\n<li class=\"a-spacing-mini\"><span class=\"a-list-item\"><span dir=\"auto\">Alivia las molestias y reduce la aparici\u00f3n de enrojecimiento.<\/span><\/span><\/li>\n<li class=\"a-spacing-mini\"><span class=\"a-list-item\"><span dir=\"auto\">Mejora la textura desigual, promoviendo una superficie de la piel m\u00e1s suave.<\/span><\/span><\/li>\n<li class=\"a-spacing-mini\"><span class=\"a-list-item\"><span dir=\"auto\">Proporciona apoyo multiactivo para una tez equilibrada y de aspecto saludable.<\/span><\/span><\/li>\n<\/ul>\n","protected":false},"excerpt":{"rendered":"<p>REPAIR &amp; RESTORE Este s\u00e9rum multiactivo est\u00e1 dise\u00f1ado para ayudar a reparar la barrera cut\u00e1nea, aliviar la incomodidad y reducir<\/p>\n","protected":false},"featured_media":89379,"comment_status":"open","ping_status":"closed","template":"","meta":{"nf_dc_page":""},"product_brand":[103],"product_cat":[104],"product_tag":[],"class_list":{"0":"post-89376","1":"product","2":"type-product","3":"status-publish","4":"has-post-thumbnail","6":"product_brand-cosmo","7":"product_cat-skin-care","9":"first","10":"instock","11":"shipping-taxable","12":"purchasable","13":"product-type-simple"},"_links":{"self":[{"href":"https:\/\/brandss.com.py\/index\/wp-json\/wp\/v2\/product\/89376","targetHints":{"allow":["GET"]}}],"collection":[{"href":"https:\/\/brandss.com.py\/index\/wp-json\/wp\/v2\/product"}],"about":[{"href":"https:\/\/brandss.com.py\/index\/wp-json\/wp\/v2\/types\/product"}],"replies":[{"embeddable":true,"href":"https:\/\/brandss.com.py\/index\/wp-json\/wp\/v2\/comments?post=89376"}],"version-history":[{"count":1,"href":"https:\/\/brandss.com.py\/index\/wp-json\/wp\/v2\/product\/89376\/revisions"}],"predecessor-version":[{"id":89383,"href":"https:\/\/brandss.com.py\/index\/wp-json\/wp\/v2\/product\/89376\/revisions\/89383"}],"wp:featuredmedia":[{"embeddable":true,"href":"https:\/\/brandss.com.py\/index\/wp-json\/wp\/v2\/media\/89379"}],"wp:attachment":[{"href":"https:\/\/brandss.com.py\/index\/wp-json\/wp\/v2\/media?parent=89376"}],"wp:term":[{"taxonomy":"product_brand","embeddable":true,"href":"https:\/\/brandss.com.py\/index\/wp-json\/wp\/v2\/product_brand?post=89376"},{"taxonomy":"product_cat","embeddable":true,"href":"https:\/\/brandss.com.py\/index\/wp-json\/wp\/v2\/product_cat?post=89376"},{"taxonomy":"product_tag","embeddable":true,"href":"https:\/\/brandss.com.py\/index\/wp-json\/wp\/v2\/product_tag?post=89376"}],"curies":[{"name":"wp","href":"https:\/\/api.w.org\/{rel}","templated":true}]}}