{"id":89395,"date":"2025-09-01T13:37:17","date_gmt":"2025-09-01T13:37:17","guid":{"rendered":"https:\/\/brandss.com.py\/index\/?post_type=product&#038;p=89395"},"modified":"2025-09-01T13:42:55","modified_gmt":"2025-09-01T13:42:55","slug":"serum-facial-cosmo-hydroxypinacolone-0-2-emulsion-30ml","status":"publish","type":"product","link":"https:\/\/brandss.com.py\/index\/producto\/serum-facial-cosmo-hydroxypinacolone-0-2-emulsion-30ml\/","title":{"rendered":"S\u00c9RUM FACIAL COSMO HYDROXYPINACOLONE 0.2% RETINOATE EMULSION 30ML"},"content":{"rendered":"<p><img loading=\"lazy\" decoding=\"async\" class=\"\" src=\"https:\/\/cosmocosmetics.ae\/cdn\/shop\/files\/logo-cosmo-regeister.png?v=1729761767&amp;width=340\" width=\"227\" height=\"48\" \/><\/p>\n<h1>HYDROXYPINACOLONE 0.2%<\/h1>\n<p>&nbsp;<\/p>\n<p><em><strong><span dir=\"auto\">El poder suave de los retinoides. Resultados visibles.<\/span><\/strong><\/em><\/p>\n<p>Experimenta la hidrataci\u00f3n definitiva con nuestro S\u00e9rum de \u00c1cido Hialur\u00f3nico y Provitamina B5 de r\u00e1pida absorci\u00f3n. Este potente s\u00e9rum proporciona una hidrataci\u00f3n multinivel, combinando la intensa hidrataci\u00f3n del \u00e1cido hialur\u00f3nico con los beneficios de retenci\u00f3n de humedad de la Provitamina B5. Juntos, act\u00faan para reponer, rellenar y suavizar la piel, reduciendo la apariencia de l\u00edneas de expresi\u00f3n y dejando tu cutis con un aspecto revitalizado y terso.<\/p>\n<p><span dir=\"auto\">Enriquecido con\u00a0<\/span><span dir=\"auto\">\u00e1cido hialur\u00f3nico<\/span><span dir=\"auto\">\u00a0para una hidrataci\u00f3n profunda y\u00a0<\/span><span dir=\"auto\">p\u00e9ptidos<\/span><span dir=\"auto\">\u00a0para estimular la producci\u00f3n de col\u00e1geno, restaura la vitalidad y luminosidad de la piel. Su textura ligera y no grasa se absorbe f\u00e1cilmente, lo que lo hace perfecto para a\u00f1adirlo a tu rutina de noche.<\/span><\/p>\n<h3><strong><span dir=\"auto\">Caracter\u00edsticas principales:<\/span><\/strong><\/h3>\n<p><span dir=\"auto\">&#8211;\u00a0<\/span><strong><span dir=\"auto\">0,2 % HPR (\u00e9ster retinoide):<\/span><\/strong><span dir=\"auto\">\u00a0reduce suavemente las arrugas, la pigmentaci\u00f3n y la textura desigual.<\/span><br \/>\n<span dir=\"auto\">&#8211;\u00a0<\/span><strong><span dir=\"auto\">Hidratante y rellenador:<\/span><\/strong><span dir=\"auto\">\u00a0el \u00e1cido hialur\u00f3nico hidrata y suaviza la piel en profundidad.<\/span><br \/>\n<span dir=\"auto\">&#8211;\u00a0<\/span><strong><span dir=\"auto\">Reafirma y tonifica:<\/span><\/strong><span dir=\"auto\">\u00a0los p\u00e9ptidos estimulan el col\u00e1geno para mejorar la elasticidad.<\/span><br \/>\n<span dir=\"auto\">&#8211;\u00a0<\/span><strong><span dir=\"auto\">Protecci\u00f3n antioxidante:<\/span><\/strong><span dir=\"auto\">\u00a0protege la piel de los factores estresantes ambientales.<\/span><br \/>\n<span dir=\"auto\">&#8211;\u00a0<\/span><strong><span dir=\"auto\">Suave y ligera:<\/span><\/strong><span dir=\"auto\">\u00a0la emulsi\u00f3n cremosa se absorbe r\u00e1pidamente sin dejar residuos.<\/span><br \/>\n<span dir=\"auto\">&#8211;\u00a0<\/span><strong><span dir=\"auto\">Ideal para todo tipo de pieles:<\/span><\/strong><span dir=\"auto\">\u00a0especialmente para las sensibles al retinol tradicional.<\/span><\/p>\n<h3>Beneficios<\/h3>\n<ul class=\"a-unordered-list a-vertical a-spacing-mini\">\n<li class=\"a-spacing-mini\"><span class=\"a-list-item\"><span dir=\"auto\">Hidrataci\u00f3n intensa: el \u00e1cido hialur\u00f3nico proporciona una hidrataci\u00f3n profunda, ayudando a rellenar y levantar la piel.<\/span><\/span><\/li>\n<li class=\"a-spacing-mini\"><span class=\"a-list-item\"><span dir=\"auto\">Retenci\u00f3n de humedad: la provitamina B5 retiene la humedad, manteniendo la piel suave y flexible.<\/span><\/span><\/li>\n<li class=\"a-spacing-mini\"><span class=\"a-list-item\"><span dir=\"auto\">Reducci\u00f3n de l\u00edneas finas: ayuda a suavizar la superficie de la piel, reduciendo la apariencia de l\u00edneas finas.<\/span><\/span><\/li>\n<li class=\"a-spacing-mini\"><span class=\"a-list-item\"><span dir=\"auto\">R\u00e1pida absorci\u00f3n: la f\u00f3rmula ligera se absorbe r\u00e1pidamente y no deja residuos grasos.<\/span><\/span><\/li>\n<li class=\"a-spacing-mini\"><span class=\"a-list-item\"><span dir=\"auto\">Hidrataci\u00f3n multinivel: act\u00faa en m\u00faltiples capas de la piel para lograr una hidrataci\u00f3n integral.<\/span><\/span><\/li>\n<li class=\"a-spacing-mini\"><span class=\"a-list-item\"><span dir=\"auto\">Efecto revitalizante: Deja tu piel con un aspecto terso, suave y fresco.<\/span><\/span><\/li>\n<\/ul>\n<h3><strong><span dir=\"auto\">Modo de empleo:<\/span><\/strong><\/h3>\n<p><span dir=\"auto\">Aplique una peque\u00f1a cantidad sobre la piel limpia y seca por la\u00a0<\/span><span dir=\"auto\">noche<\/span><span dir=\"auto\">.<\/span><br \/>\n<span dir=\"auto\">Evite el contacto con los ojos. Use protector solar durante el d\u00eda.<\/span><br \/>\n<span dir=\"auto\">Comience 2 o 3 veces por semana y aumente gradualmente a medida que su piel desarrolle tolerancia.<\/span><\/p>\n","protected":false},"excerpt":{"rendered":"<p>HYDROXYPINACOLONE 0.2% &nbsp; El poder suave de los retinoides. Resultados visibles. Experimenta la hidrataci\u00f3n definitiva con nuestro S\u00e9rum de \u00c1cido<\/p>\n","protected":false},"featured_media":89396,"comment_status":"open","ping_status":"closed","template":"","meta":{"nf_dc_page":""},"product_brand":[103],"product_cat":[104],"product_tag":[],"class_list":{"0":"post-89395","1":"product","2":"type-product","3":"status-publish","4":"has-post-thumbnail","6":"product_brand-cosmo","7":"product_cat-skin-care","9":"first","10":"instock","11":"shipping-taxable","12":"purchasable","13":"product-type-simple"},"_links":{"self":[{"href":"https:\/\/brandss.com.py\/index\/wp-json\/wp\/v2\/product\/89395","targetHints":{"allow":["GET"]}}],"collection":[{"href":"https:\/\/brandss.com.py\/index\/wp-json\/wp\/v2\/product"}],"about":[{"href":"https:\/\/brandss.com.py\/index\/wp-json\/wp\/v2\/types\/product"}],"replies":[{"embeddable":true,"href":"https:\/\/brandss.com.py\/index\/wp-json\/wp\/v2\/comments?post=89395"}],"version-history":[{"count":2,"href":"https:\/\/brandss.com.py\/index\/wp-json\/wp\/v2\/product\/89395\/revisions"}],"predecessor-version":[{"id":89401,"href":"https:\/\/brandss.com.py\/index\/wp-json\/wp\/v2\/product\/89395\/revisions\/89401"}],"wp:featuredmedia":[{"embeddable":true,"href":"https:\/\/brandss.com.py\/index\/wp-json\/wp\/v2\/media\/89396"}],"wp:attachment":[{"href":"https:\/\/brandss.com.py\/index\/wp-json\/wp\/v2\/media?parent=89395"}],"wp:term":[{"taxonomy":"product_brand","embeddable":true,"href":"https:\/\/brandss.com.py\/index\/wp-json\/wp\/v2\/product_brand?post=89395"},{"taxonomy":"product_cat","embeddable":true,"href":"https:\/\/brandss.com.py\/index\/wp-json\/wp\/v2\/product_cat?post=89395"},{"taxonomy":"product_tag","embeddable":true,"href":"https:\/\/brandss.com.py\/index\/wp-json\/wp\/v2\/product_tag?post=89395"}],"curies":[{"name":"wp","href":"https:\/\/api.w.org\/{rel}","templated":true}]}}